{"id":11309,"date":"2017-03-14T10:30:14","date_gmt":"2017-03-14T10:30:14","guid":{"rendered":"https:\/\/twsites.com.br\/novomigcenter\/?product=forno-turbo-eletrico-fte-120-gpaniz"},"modified":"2017-03-14T10:30:14","modified_gmt":"2017-03-14T10:30:14","slug":"forno-turbo-eletrico-fte-120-gpaniz","status":"publish","type":"product","link":"https:\/\/twsites.com.br\/novomigcenter\/?product=forno-turbo-eletrico-fte-120-gpaniz","title":{"rendered":"FORNO TURBO EL\u00c9TRICO FTE 120 &#8211; G.Paniz"},"content":{"rendered":"<p><span style=\"font-weight: bold;\">Descri\u00e7\u00e3o do Produto<\/span><\/p>\n<p><span style=\"font-weight: bold;\">Para que serve o Forno Turbo G. Paniz?<\/span><\/p>\n<p>&#8211; Assar p\u00e3es em geral<\/p>\n<p>&#8211; Cucas<\/p>\n<p>&#8211; Bolos<\/p>\n<p>&#8211; Biscoitos<\/p>\n<p>&#8211; Pizzas<\/p>\n<p>&#8211; Ideal para confeitaria<\/p>\n<p><span style=\"font-weight: bold;\">ALGUNS DIFERENCIAIS<\/span><\/p>\n<p>&#8211; Maior isolamento t\u00e9rmico<\/p>\n<p>&#8211; Menor consumo de g\u00e1s<\/p>\n<p>&#8211; R\u00e1pido aquecimento<\/p>\n<p>&#8211; F\u00e1cil locomo\u00e7\u00e3o<\/p>\n<p>&#8211; Menor \u00edndice de manuten\u00e7\u00e3o<\/p>\n<p>&#8211; F\u00e1cil manuten\u00e7\u00e3o<\/p>\n<p>&#8211; Porta com um visual moderno, montagem sem rebites expostos, ma\u00e7aneta sem parafuso de fixa\u00e7\u00e3o exposto, sistema de abertura da ma\u00e7aneta com um giro de apenas 1\/4 de volta<\/p>\n<p>&#8211; Perfil de borracha faz veda\u00e7\u00e3o diretamente no vidro, evitando fuga de vapor e calor<\/p>\n<p>&#8211; Quatro ganchos rosqueados na parte superior, que servem como suportes para elevar o forno do ch\u00e3o<\/p>\n<p>&#8211; Parte superior totalmente fechada, sem a exposi\u00e7\u00e3o da l\u00e3 de rocha<\/p>\n<p>&#8211; C\u00e2mara com os cantos arredondados, sem presen\u00e7a de solda nos cantos<\/p>\n<p>&#8211; Possui um sistema de vapor em FORMA DE LEQUE, com tempo ajust\u00e1vel, que consiste na evapora\u00e7\u00e3o imediata da \u00e1gua evitando a concentra\u00e7\u00e3o no fundo da c\u00e2mara<\/p>\n<p><span style=\"font-weight: bold;\">Especifica\u00e7\u00f5es<\/span><\/p>\n<p><span style=\"font-weight: bold;\"><br \/><\/span><\/p>\n<table class=\"table table-bordered\" style=\"background-color: rgb(255, 255, 255); width: 1440px;\">\n<tbody>\n<tr>\n<td>MOTOR<\/td>\n<td>1\/4 CV<\/td>\n<\/tr>\n<tr>\n<td>TENS\u00c3O<\/td>\n<td>220\/380 V<\/td>\n<\/tr>\n<tr>\n<td>PESO L\u00cdQUIDO<\/td>\n<td>160 Kg<\/td>\n<\/tr>\n<tr>\n<td>PESO BRUTO<\/td>\n<td>200 Kg<\/td>\n<\/tr>\n<tr>\n<td>CONSUMO EL\u00c9TRICO<\/td>\n<td>4,5 KWA\/h<\/td>\n<\/tr>\n<tr>\n<td>TEMPO DE AQUECIMENTO<\/td>\n<td>10 min<\/td>\n<\/tr>\n<tr>\n<td>QUANTIDADE DE P\u00c3ES POR FORNADA<\/td>\n<td>120<\/td>\n<\/tr>\n<tr>\n<td>DIMENS\u00d5ES DAS ASSADEIRAS<\/td>\n<td>580 x 700 mm<\/td>\n<\/tr>\n<tr>\n<td>QUANTIDADE DE ASSADEIRAS<\/td>\n<td>4<\/td>\n<\/tr>\n<tr>\n<td>PRODU\u00c7\u00c3O DE P\u00c3ES\/h<\/td>\n<td>300 a 360<\/td>\n<\/tr>\n<tr>\n<td>DIMENS\u00d5ES<\/td>\n<td>940 x 1530 x 1300 mm<\/td>\n<\/tr>\n<\/tbody>\n<\/table>\n","protected":false},"excerpt":{"rendered":"<p>Descri\u00e7\u00e3o do Produto Para que serve o Forno Turbo G. Paniz? &#8211; Assar p\u00e3es em geral &#8211; Cucas &#8211; Bolos &#8211; Biscoitos &#8211; Pizzas &#8211; Ideal para confeitaria ALGUNS DIFERENCIAIS &#8211; Maior isolamento t\u00e9rmico &#8211; Menor consumo de g\u00e1s &#8211; R\u00e1pido aquecimento &#8211; F\u00e1cil locomo\u00e7\u00e3o &#8211; Menor \u00edndice de manuten\u00e7\u00e3o &#8211; F\u00e1cil manuten\u00e7\u00e3o &#8211; Porta [&hellip;]<\/p>\n","protected":false},"featured_media":11308,"comment_status":"open","ping_status":"closed","template":"","meta":[],"product_brand":[],"product_cat":[344],"product_tag":[],"class_list":{"0":"post-11309","1":"product","2":"type-product","3":"status-publish","4":"has-post-thumbnail","6":"product_cat-forno-turbo-gas-eletrico-lenha","8":"first","9":"instock","10":"shipping-taxable","11":"purchasable","12":"product-type-simple"},"_links":{"self":[{"href":"https:\/\/twsites.com.br\/novomigcenter\/index.php?rest_route=\/wp\/v2\/product\/11309","targetHints":{"allow":["GET"]}}],"collection":[{"href":"https:\/\/twsites.com.br\/novomigcenter\/index.php?rest_route=\/wp\/v2\/product"}],"about":[{"href":"https:\/\/twsites.com.br\/novomigcenter\/index.php?rest_route=\/wp\/v2\/types\/product"}],"replies":[{"embeddable":true,"href":"https:\/\/twsites.com.br\/novomigcenter\/index.php?rest_route=%2Fwp%2Fv2%2Fcomments&post=11309"}],"wp:featuredmedia":[{"embeddable":true,"href":"https:\/\/twsites.com.br\/novomigcenter\/index.php?rest_route=\/wp\/v2\/media\/11308"}],"wp:attachment":[{"href":"https:\/\/twsites.com.br\/novomigcenter\/index.php?rest_route=%2Fwp%2Fv2%2Fmedia&parent=11309"}],"wp:term":[{"taxonomy":"product_brand","embeddable":true,"href":"https:\/\/twsites.com.br\/novomigcenter\/index.php?rest_route=%2Fwp%2Fv2%2Fproduct_brand&post=11309"},{"taxonomy":"product_cat","embeddable":true,"href":"https:\/\/twsites.com.br\/novomigcenter\/index.php?rest_route=%2Fwp%2Fv2%2Fproduct_cat&post=11309"},{"taxonomy":"product_tag","embeddable":true,"href":"https:\/\/twsites.com.br\/novomigcenter\/index.php?rest_route=%2Fwp%2Fv2%2Fproduct_tag&post=11309"}],"curies":[{"name":"wp","href":"https:\/\/api.w.org\/{rel}","templated":true}]}}