{"id":11329,"date":"2017-03-15T17:03:26","date_gmt":"2017-03-15T17:03:26","guid":{"rendered":"https:\/\/twsites.com.br\/novomigcenter\/?product=mps-250-gpaniz"},"modified":"2017-03-15T17:03:26","modified_gmt":"2017-03-15T17:03:26","slug":"mps-250-gpaniz","status":"publish","type":"product","link":"https:\/\/twsites.com.br\/novomigcenter\/?product=mps-250-gpaniz","title":{"rendered":"MODELADORA DE P\u00c3O MPS 250 &#8211; G. Paniz"},"content":{"rendered":"<p><span style=\"font-weight: bold;\">Descri\u00e7\u00e3o do Produto<\/span><\/p>\n<p>Para modelar p\u00e3es, ideal para o uso em padaria confeitarias, hot\u00e9is e estabelecimentos do g\u00eanero.<\/p>\n<p>&#8211; Corpo em a\u00e7o SAE 1020 com pintura ep\u00f3xi<\/p>\n<p>&#8211; Gabinete fechado<\/p>\n<p>&#8211; Prote\u00e7\u00e3o de seguran\u00e7a<\/p>\n<p>&#8211; Retorno autom\u00e1tico<\/p>\n<p>&#8211; Esteira transportadora para cilindro<\/p>\n<p>&#8211; Cilindros em a\u00e7o SAE 1020 revestidos em cromo duro<\/p>\n<p>&#8211; Rolamentos blindados&nbsp;<\/p>\n<p><\/p>\n<p><span style=\"font-weight: bold;\">VANTAGENS<\/span><\/p>\n<p>Possue um exclusivo sistema de troca r\u00e1pida e f\u00e1cil do feltro<\/p>\n<p><\/p>\n<p><span style=\"font-weight: bold;\">Especifica\u00e7\u00f5es<\/span><\/p>\n<table class=\"table table-bordered\" style=\"background-color: rgb(255, 255, 255); width: 1440px;\">\n<tbody>\n<tr>\n<td>POT\u00caNCIA<\/td>\n<td>motor de 1\/4 CV<\/td>\n<\/tr>\n<tr>\n<td>VELOCIDADE<\/td>\n<td>365 RPM<\/td>\n<\/tr>\n<tr>\n<td>CONSUMO<\/td>\n<td>0,35 Kw\/h<\/td>\n<\/tr>\n<tr>\n<td>PESO L\u00cdQUIDO<\/td>\n<td>70 Kg<\/td>\n<\/tr>\n<tr>\n<td>PESO BRUTO<\/td>\n<td>81 Kg<\/td>\n<\/tr>\n<tr>\n<td>VOLTAGEM<\/td>\n<td>110\/220 V<\/td>\n<\/tr>\n<tr>\n<td>DIMENS\u00d5ES<\/td>\n<td>400 x 470 x 730mm<\/p>\n<\/td>\n<\/tr>\n<\/tbody>\n<\/table>\n","protected":false},"excerpt":{"rendered":"<p>Descri\u00e7\u00e3o do Produto Para modelar p\u00e3es, ideal para o uso em padaria confeitarias, hot\u00e9is e estabelecimentos do g\u00eanero. &#8211; Corpo em a\u00e7o SAE 1020 com pintura ep\u00f3xi &#8211; Gabinete fechado &#8211; Prote\u00e7\u00e3o de seguran\u00e7a &#8211; Retorno autom\u00e1tico &#8211; Esteira transportadora para cilindro &#8211; Cilindros em a\u00e7o SAE 1020 revestidos em cromo duro &#8211; Rolamentos blindados&nbsp; [&hellip;]<\/p>\n","protected":false},"featured_media":11328,"comment_status":"open","ping_status":"closed","template":"","meta":[],"product_brand":[],"product_cat":[345],"product_tag":[],"class_list":{"0":"post-11329","1":"product","2":"type-product","3":"status-publish","4":"has-post-thumbnail","6":"product_cat-modeladora-de-pao","8":"first","9":"instock","10":"shipping-taxable","11":"purchasable","12":"product-type-simple"},"_links":{"self":[{"href":"https:\/\/twsites.com.br\/novomigcenter\/index.php?rest_route=\/wp\/v2\/product\/11329","targetHints":{"allow":["GET"]}}],"collection":[{"href":"https:\/\/twsites.com.br\/novomigcenter\/index.php?rest_route=\/wp\/v2\/product"}],"about":[{"href":"https:\/\/twsites.com.br\/novomigcenter\/index.php?rest_route=\/wp\/v2\/types\/product"}],"replies":[{"embeddable":true,"href":"https:\/\/twsites.com.br\/novomigcenter\/index.php?rest_route=%2Fwp%2Fv2%2Fcomments&post=11329"}],"wp:featuredmedia":[{"embeddable":true,"href":"https:\/\/twsites.com.br\/novomigcenter\/index.php?rest_route=\/wp\/v2\/media\/11328"}],"wp:attachment":[{"href":"https:\/\/twsites.com.br\/novomigcenter\/index.php?rest_route=%2Fwp%2Fv2%2Fmedia&parent=11329"}],"wp:term":[{"taxonomy":"product_brand","embeddable":true,"href":"https:\/\/twsites.com.br\/novomigcenter\/index.php?rest_route=%2Fwp%2Fv2%2Fproduct_brand&post=11329"},{"taxonomy":"product_cat","embeddable":true,"href":"https:\/\/twsites.com.br\/novomigcenter\/index.php?rest_route=%2Fwp%2Fv2%2Fproduct_cat&post=11329"},{"taxonomy":"product_tag","embeddable":true,"href":"https:\/\/twsites.com.br\/novomigcenter\/index.php?rest_route=%2Fwp%2Fv2%2Fproduct_tag&post=11329"}],"curies":[{"name":"wp","href":"https:\/\/api.w.org\/{rel}","templated":true}]}}