{"id":11335,"date":"2017-03-15T17:21:17","date_gmt":"2017-03-15T17:21:17","guid":{"rendered":"https:\/\/twsites.com.br\/novomigcenter\/?product=moinho-de-pao-gpaniz"},"modified":"2017-03-15T17:21:17","modified_gmt":"2017-03-15T17:21:17","slug":"moinho-de-pao-gpaniz","status":"publish","type":"product","link":"https:\/\/twsites.com.br\/novomigcenter\/?product=moinho-de-pao-gpaniz","title":{"rendered":"MOINHO DE P\u00c3O MFP 80 &#8211; G.Paniz"},"content":{"rendered":"<p><span style=\"font-weight: bold;\">Descri\u00e7\u00e3o do Produto<\/span><\/p>\n<p>Para transformar p\u00e3o torrado em farinha de p\u00e3o, indispens\u00e1vel para padarias e similares<\/p>\n<p>&#8211; Corpo em a\u00e7o SAE 1020<\/p>\n<p>&#8211; Acabamento em pintura ep\u00f3xi, opcional em a\u00e7o inox<\/p>\n<p>&#8211; Alto rendimento<\/p>\n<p>&#8211; F\u00e1cil manuten\u00e7\u00e3o<\/p>\n<p>&#8211; Design diferenciado<\/p>\n<p><\/p>\n<p><span style=\"font-weight: bold;\">Especifica\u00e7\u00f5es<\/span><\/p>\n<table class=\"table table-bordered\" style=\"background-color: rgb(255, 255, 255); width: 1440px;\">\n<tbody>\n<tr>\n<td>PRODU\u00c7\u00c3O<\/td>\n<td>80 Kg\/h<\/td>\n<\/tr>\n<tr>\n<td>POT\u00caNCIA<\/td>\n<td>motor de 3\/4 CV<\/td>\n<\/tr>\n<tr>\n<td>VELOCIDADE<\/td>\n<td>1750 rpm<\/td>\n<\/tr>\n<tr>\n<td>PESO L\u00cdQUIDO<\/td>\n<td>22 Kg<\/td>\n<\/tr>\n<tr>\n<td>PESO BRUTO<\/td>\n<td>51 Kg<\/td>\n<\/tr>\n<tr>\n<td>DIMENS\u00d5ES<\/td>\n<td>680 x 260 x 340mm<\/td>\n<\/tr>\n<\/tbody>\n<\/table>\n","protected":false},"excerpt":{"rendered":"<p>Descri\u00e7\u00e3o do Produto Para transformar p\u00e3o torrado em farinha de p\u00e3o, indispens\u00e1vel para padarias e similares &#8211; Corpo em a\u00e7o SAE 1020 &#8211; Acabamento em pintura ep\u00f3xi, opcional em a\u00e7o inox &#8211; Alto rendimento &#8211; F\u00e1cil manuten\u00e7\u00e3o &#8211; Design diferenciado Especifica\u00e7\u00f5es PRODU\u00c7\u00c3O 80 Kg\/h POT\u00caNCIA motor de 3\/4 CV VELOCIDADE 1750 rpm PESO L\u00cdQUIDO 22 [&hellip;]<\/p>\n","protected":false},"featured_media":11334,"comment_status":"open","ping_status":"closed","template":"","meta":[],"product_brand":[],"product_cat":[346],"product_tag":[],"class_list":{"0":"post-11335","1":"product","2":"type-product","3":"status-publish","4":"has-post-thumbnail","6":"product_cat-moinho-de-pao","8":"first","9":"instock","10":"shipping-taxable","11":"purchasable","12":"product-type-simple"},"_links":{"self":[{"href":"https:\/\/twsites.com.br\/novomigcenter\/index.php?rest_route=\/wp\/v2\/product\/11335","targetHints":{"allow":["GET"]}}],"collection":[{"href":"https:\/\/twsites.com.br\/novomigcenter\/index.php?rest_route=\/wp\/v2\/product"}],"about":[{"href":"https:\/\/twsites.com.br\/novomigcenter\/index.php?rest_route=\/wp\/v2\/types\/product"}],"replies":[{"embeddable":true,"href":"https:\/\/twsites.com.br\/novomigcenter\/index.php?rest_route=%2Fwp%2Fv2%2Fcomments&post=11335"}],"wp:featuredmedia":[{"embeddable":true,"href":"https:\/\/twsites.com.br\/novomigcenter\/index.php?rest_route=\/wp\/v2\/media\/11334"}],"wp:attachment":[{"href":"https:\/\/twsites.com.br\/novomigcenter\/index.php?rest_route=%2Fwp%2Fv2%2Fmedia&parent=11335"}],"wp:term":[{"taxonomy":"product_brand","embeddable":true,"href":"https:\/\/twsites.com.br\/novomigcenter\/index.php?rest_route=%2Fwp%2Fv2%2Fproduct_brand&post=11335"},{"taxonomy":"product_cat","embeddable":true,"href":"https:\/\/twsites.com.br\/novomigcenter\/index.php?rest_route=%2Fwp%2Fv2%2Fproduct_cat&post=11335"},{"taxonomy":"product_tag","embeddable":true,"href":"https:\/\/twsites.com.br\/novomigcenter\/index.php?rest_route=%2Fwp%2Fv2%2Fproduct_tag&post=11335"}],"curies":[{"name":"wp","href":"https:\/\/api.w.org\/{rel}","templated":true}]}}