{"id":11338,"date":"2017-03-15T17:30:34","date_gmt":"2017-03-15T17:30:34","guid":{"rendered":"https:\/\/twsites.com.br\/novomigcenter\/?product=prateleira-conjugada-com-depositos-para-mppa100pr-gelopar"},"modified":"2017-03-15T17:30:34","modified_gmt":"2017-03-15T17:30:34","slug":"prateleira-conjugada-com-depositos-para-mppa100pr-gelopar","status":"publish","type":"product","link":"https:\/\/twsites.com.br\/novomigcenter\/?product=prateleira-conjugada-com-depositos-para-mppa100pr-gelopar","title":{"rendered":"Prateleira Conjugada com dep\u00f3sitos para  MPPA-100PR &#8211; Gelopar"},"content":{"rendered":"<p><font face=\"Arial\"><strong class=\"tit-bloco-desc\" style=\"outline: transparent none medium; -webkit-font-smoothing: antialiased; text-rendering: optimizeLegibility; color: rgb(76, 76, 76); font-size: 15px;\"><span style=\"font-size: 14px;\">Descri\u00e7\u00e3o do Produto<\/span><\/strong><span style=\"color: rgb(76, 76, 76); font-size: 15px;\"><\/span><\/font><\/p>\n<p style=\"margin-bottom: 0px; outline: 0px; -webkit-font-smoothing: antialiased; text-rendering: optimizeLegibility; border: 0px; font-size: 15px; padding: 0px; vertical-align: baseline; color: rgb(76, 76, 76);\"><font face=\"Arial\"><span style=\"font-size: 14px;\">\u25aa Exposi\u00e7\u00e3o de produtos em condi\u00e7\u00e3o ambiente<\/span><\/font><\/p>\n<p style=\"margin-bottom: 0px; outline: 0px; -webkit-font-smoothing: antialiased; text-rendering: optimizeLegibility; border: 0px; font-size: 15px; padding: 0px; vertical-align: baseline; color: rgb(76, 76, 76);\"><font face=\"Arial\"><span style=\"font-size: 14px;\">\u25aa Prateleiras: 4 fixas com portas deslizantes de vidro e 2 fixas<\/span><\/font><\/p>\n<p style=\"margin-bottom: 0px; outline: 0px; -webkit-font-smoothing: antialiased; text-rendering: optimizeLegibility; border: 0px; font-size: 15px; padding: 0px; vertical-align: baseline; color: rgb(76, 76, 76);\"><font face=\"Arial\"><span style=\"font-size: 14px;\">sem portas<\/span><\/font><\/p>\n<p style=\"margin-bottom: 0px; outline: 0px; -webkit-font-smoothing: antialiased; text-rendering: optimizeLegibility; border: 0px; font-size: 15px; padding: 0px; vertical-align: baseline; color: rgb(76, 76, 76);\"><font face=\"Arial\"><span style=\"font-size: 14px;\">\u25aa Ilumina\u00e7\u00e3o: LED com interruptor<\/span><\/font><\/p>\n<p style=\"margin-bottom: 0px; outline: 0px; -webkit-font-smoothing: antialiased; text-rendering: optimizeLegibility; border: 0px; font-size: 15px; padding: 0px; vertical-align: baseline; color: rgb(76, 76, 76);\"><font face=\"Arial\"><span style=\"font-size: 14px;\">\u25aa P\u00e9s regul\u00e1veis<\/span><\/font><\/p>\n<p style=\"margin-bottom: 0px; outline: 0px; -webkit-font-smoothing: antialiased; text-rendering: optimizeLegibility; border: 0px; font-size: 15px; padding: 0px; vertical-align: baseline; color: rgb(76, 76, 76);\"><font face=\"Arial\"><span style=\"font-size: 14px;\">\u25aa Portas: Frente vidros deslizantes e Atr\u00e1s cegas deslizantes<\/span><\/font><\/p>\n<p style=\"margin-bottom: 0px; outline: 0px; -webkit-font-smoothing: antialiased; text-rendering: optimizeLegibility; border: 0px; font-size: 15px; padding: 0px; vertical-align: baseline; color: rgb(76, 76, 76);\"><font face=\"Arial\"><span style=\"font-size: 14px;\">\u25aa Op\u00e7\u00f5es de Cores: T (Amarelo), BR (Branco) e PR (Preto)<\/span><\/font><\/p>\n<p style=\"margin-bottom: 0px; outline: 0px; -webkit-font-smoothing: antialiased; text-rendering: optimizeLegibility; border: 0px; font-size: 15px; font-family: alegreya_sansregular; padding: 0px; vertical-align: baseline; color: rgb(76, 76, 76);\"><\/p>\n<table class=\"table table-bordered\" style=\"background-color: rgb(255, 255, 255); width: 1440px;\">\n<tbody>\n<tr>\n<td><font face=\"Arial\">Frente(mm)<br \/><\/font><\/td>\n<td><font face=\"Arial\">1380<\/font><\/td>\n<\/tr>\n<tr>\n<td><font face=\"Arial\">Profundidade(mm)<br \/><\/font><\/td>\n<td><font face=\"Arial\">520<\/font><\/td>\n<\/tr>\n<tr>\n<td><font face=\"Arial\">Altura(mm)<br \/><\/font><\/td>\n<td><font face=\"Arial\">2050<\/font><\/td>\n<\/tr>\n<tr>\n<td><font face=\"Arial\">Peso bruto(kg)<br \/><\/font><\/td>\n<td><font face=\"Arial\">150<\/font><\/td>\n<\/tr>\n<tr>\n<td><font face=\"Arial\">Tens\u00e3o(V)<br \/><\/font><\/td>\n<td><font face=\"Arial\">127 \/ 220<\/font><\/td>\n<\/tr>\n<tr>\n<td><font face=\"Arial\">Frequ\u00eancia(Hz)<br \/><\/font><\/td>\n<td><font face=\"Arial\">60 \/ 50 ou 60<\/font><\/td>\n<\/tr>\n<tr>\n<td><font face=\"Arial\">Consumo kWh\/dia(60Hz)<br \/><\/font><\/td>\n<td><font face=\"Arial\">0,3<\/font><\/td>\n<\/tr>\n<\/tbody>\n<\/table>\n","protected":false},"excerpt":{"rendered":"<p>Descri\u00e7\u00e3o do Produto \u25aa Exposi\u00e7\u00e3o de produtos em condi\u00e7\u00e3o ambiente \u25aa Prateleiras: 4 fixas com portas deslizantes de vidro e 2 fixas sem portas \u25aa Ilumina\u00e7\u00e3o: LED com interruptor \u25aa P\u00e9s regul\u00e1veis \u25aa Portas: Frente vidros deslizantes e Atr\u00e1s cegas deslizantes \u25aa Op\u00e7\u00f5es de Cores: T (Amarelo), BR (Branco) e PR (Preto) Frente(mm) 1380 Profundidade(mm) [&hellip;]<\/p>\n","protected":false},"featured_media":11336,"comment_status":"open","ping_status":"closed","template":"","meta":[],"product_brand":[],"product_cat":[419,347],"product_tag":[],"class_list":{"0":"post-11338","1":"product","2":"type-product","3":"status-publish","4":"has-post-thumbnail","6":"product_cat-linha-gelopar","7":"product_cat-vitrine-de-pao","9":"first","10":"instock","11":"shipping-taxable","12":"purchasable","13":"product-type-simple"},"_links":{"self":[{"href":"https:\/\/twsites.com.br\/novomigcenter\/index.php?rest_route=\/wp\/v2\/product\/11338","targetHints":{"allow":["GET"]}}],"collection":[{"href":"https:\/\/twsites.com.br\/novomigcenter\/index.php?rest_route=\/wp\/v2\/product"}],"about":[{"href":"https:\/\/twsites.com.br\/novomigcenter\/index.php?rest_route=\/wp\/v2\/types\/product"}],"replies":[{"embeddable":true,"href":"https:\/\/twsites.com.br\/novomigcenter\/index.php?rest_route=%2Fwp%2Fv2%2Fcomments&post=11338"}],"wp:featuredmedia":[{"embeddable":true,"href":"https:\/\/twsites.com.br\/novomigcenter\/index.php?rest_route=\/wp\/v2\/media\/11336"}],"wp:attachment":[{"href":"https:\/\/twsites.com.br\/novomigcenter\/index.php?rest_route=%2Fwp%2Fv2%2Fmedia&parent=11338"}],"wp:term":[{"taxonomy":"product_brand","embeddable":true,"href":"https:\/\/twsites.com.br\/novomigcenter\/index.php?rest_route=%2Fwp%2Fv2%2Fproduct_brand&post=11338"},{"taxonomy":"product_cat","embeddable":true,"href":"https:\/\/twsites.com.br\/novomigcenter\/index.php?rest_route=%2Fwp%2Fv2%2Fproduct_cat&post=11338"},{"taxonomy":"product_tag","embeddable":true,"href":"https:\/\/twsites.com.br\/novomigcenter\/index.php?rest_route=%2Fwp%2Fv2%2Fproduct_tag&post=11338"}],"curies":[{"name":"wp","href":"https:\/\/api.w.org\/{rel}","templated":true}]}}