{"id":11340,"date":"2017-03-21T16:37:50","date_gmt":"2017-03-21T16:37:50","guid":{"rendered":"https:\/\/twsites.com.br\/novomigcenter\/?product=pass-through-2-portas-jabur"},"modified":"2017-03-21T16:37:50","modified_gmt":"2017-03-21T16:37:50","slug":"pass-through-2-portas-jabur","status":"publish","type":"product","link":"https:\/\/twsites.com.br\/novomigcenter\/?product=pass-through-2-portas-jabur","title":{"rendered":"Pass Through &#8211; Jabur"},"content":{"rendered":"<p><span style=\"font-weight: bold;\">Caracter\u00edsticas do Produto:<\/span><\/p>\n<p>Revestimento externo e interno em a\u00e7o inox AISI 430 brilhante;<\/p>\n<p>Pr\u00f3prio para armazenar cubas gastron\u00f4micas;<\/p>\n<p>Capacidade de armazenagem 20 GN 1\/1&#215;100;<\/p>\n<p>Controle de temperatura;<\/p>\n<p>Dotado de rod\u00edzios;<\/p>\n<p>Portas em a\u00e7o inox.<\/p>\n<p><\/p>\n<p><span style=\"font-weight: bold;\">Opcionais:<\/span><span class=\"Apple-tab-span\" style=\"white-space: pre;\">\t\t\t<\/span><\/p>\n<p>Degelo autom\u00e1tico;<\/p>\n<p>Termostato digital;<\/p>\n<p>Revestimento externo em a\u00e7o inox AISI 430 ou 304 escovado.<\/p>\n<p>Portas em vidro.<\/p>\n<p><\/p>\n<p><span style=\"font-weight: bold;\">Especifica\u00e7\u00f5es:<\/span><\/p>\n<table class=\"table table-bordered\" style=\"background-color: rgb(255, 255, 255); width: 1440px;\">\n<tbody>\n<tr>\n<td>Modelo<\/td>\n<td>Comprimento<\/td>\n<td>Largura<\/td>\n<td>Altura<\/td>\n<td>Peso L\u00edq<\/td>\n<td>Pot\u00eancia<\/td>\n<td>Temp. Int.<\/td>\n<\/tr>\n<tr>\n<td>JPTt 20<\/td>\n<td>0,75 m<\/td>\n<td>0,88 m<\/td>\n<td>1,85 m<\/td>\n<td>100 Kg<\/td>\n<td>1500 W<\/td>\n<td>at\u00e9 120\u00baC<\/td>\n<\/tr>\n<tr>\n<td>JPTr 20<\/td>\n<td>0,75<\/td>\n<td>0,88 m<\/td>\n<td>2,05 m<\/td>\n<td>120 Kg<\/td>\n<td>1\/2 HP<\/td>\n<td>+3 a 8\u00baC<\/td>\n<\/tr>\n<\/tbody>\n<\/table>\n","protected":false},"excerpt":{"rendered":"<p>Caracter\u00edsticas do Produto: Revestimento externo e interno em a\u00e7o inox AISI 430 brilhante; Pr\u00f3prio para armazenar cubas gastron\u00f4micas; Capacidade de armazenagem 20 GN 1\/1&#215;100; Controle de temperatura; Dotado de rod\u00edzios; Portas em a\u00e7o inox. Opcionais: Degelo autom\u00e1tico; Termostato digital; Revestimento externo em a\u00e7o inox AISI 430 ou 304 escovado. Portas em vidro. Especifica\u00e7\u00f5es: Modelo Comprimento [&hellip;]<\/p>\n","protected":false},"featured_media":11339,"comment_status":"open","ping_status":"closed","template":"","meta":[],"product_brand":[],"product_cat":[331],"product_tag":[],"class_list":{"0":"post-11340","1":"product","2":"type-product","3":"status-publish","4":"has-post-thumbnail","6":"product_cat-pass-through","8":"first","9":"instock","10":"shipping-taxable","11":"purchasable","12":"product-type-simple"},"_links":{"self":[{"href":"https:\/\/twsites.com.br\/novomigcenter\/index.php?rest_route=\/wp\/v2\/product\/11340","targetHints":{"allow":["GET"]}}],"collection":[{"href":"https:\/\/twsites.com.br\/novomigcenter\/index.php?rest_route=\/wp\/v2\/product"}],"about":[{"href":"https:\/\/twsites.com.br\/novomigcenter\/index.php?rest_route=\/wp\/v2\/types\/product"}],"replies":[{"embeddable":true,"href":"https:\/\/twsites.com.br\/novomigcenter\/index.php?rest_route=%2Fwp%2Fv2%2Fcomments&post=11340"}],"wp:featuredmedia":[{"embeddable":true,"href":"https:\/\/twsites.com.br\/novomigcenter\/index.php?rest_route=\/wp\/v2\/media\/11339"}],"wp:attachment":[{"href":"https:\/\/twsites.com.br\/novomigcenter\/index.php?rest_route=%2Fwp%2Fv2%2Fmedia&parent=11340"}],"wp:term":[{"taxonomy":"product_brand","embeddable":true,"href":"https:\/\/twsites.com.br\/novomigcenter\/index.php?rest_route=%2Fwp%2Fv2%2Fproduct_brand&post=11340"},{"taxonomy":"product_cat","embeddable":true,"href":"https:\/\/twsites.com.br\/novomigcenter\/index.php?rest_route=%2Fwp%2Fv2%2Fproduct_cat&post=11340"},{"taxonomy":"product_tag","embeddable":true,"href":"https:\/\/twsites.com.br\/novomigcenter\/index.php?rest_route=%2Fwp%2Fv2%2Fproduct_tag&post=11340"}],"curies":[{"name":"wp","href":"https:\/\/api.w.org\/{rel}","templated":true}]}}