{"id":11345,"date":"2017-07-24T14:28:08","date_gmt":"2017-07-24T14:28:08","guid":{"rendered":"https:\/\/twsites.com.br\/novomigcenter\/?product=forno-guilhotina-eletrico-1-camara-metalmaq"},"modified":"2017-07-24T14:28:08","modified_gmt":"2017-07-24T14:28:08","slug":"forno-guilhotina-eletrico-1-camara-metalmaq","status":"publish","type":"product","link":"https:\/\/twsites.com.br\/novomigcenter\/?product=forno-guilhotina-eletrico-1-camara-metalmaq","title":{"rendered":"Forno Guilhotina El\u00e9trico 1 C\u00e2mara"},"content":{"rendered":"<p><\/p>\n<table class=\"table table-bordered\">\n<tbody>\n<tr>\n<td>Tamanho 45&#215;60<\/td>\n<td>Tamanho 70&#215;60<\/td>\n<td>Tamanho 80&#215;60<\/td>\n<td>Tamanho 90&#215;90<\/td>\n<\/tr>\n<tr>\n<td>\n<div class=\"wpb_text_column wpb_content_element \">\n<div class=\"wpb_wrapper\">\n<ul>\n<li>Medida Interna: 45x60x25 cm<\/li>\n<li>Medida Externa: 60x65x48 cm<\/li>\n<li>Tens\u00e3o: 220V<\/li>\n<li>Consumo por c\u00e2mara: 3 kw\/h<\/li>\n<li>Pot\u00eancia por c\u00e2mara: 3000 Watts<\/li>\n<\/ul><\/div>\n<\/p><\/div>\n<\/td>\n<td>\n<div class=\"wpb_text_column wpb_content_element \">\n<div class=\"wpb_wrapper\">\n<ul>\n<li>Medida Interna: 70x60x25 cm<\/li>\n<li>Medida Externa: 85x65x48 cm<\/li>\n<li>Tens\u00e3o: 220V<\/li>\n<li>Consumo por c\u00e2mara: 4 kw\/h<\/li>\n<li>Pot\u00eancia por c\u00e2mara: 4000 Watts<\/li>\n<\/ul><\/div>\n<\/p><\/div>\n<\/td>\n<td>\n<div class=\"wpb_text_column wpb_content_element \">\n<div class=\"wpb_wrapper\">\n<ul>\n<li>Medida Interna: 80x60x25 cm<\/li>\n<li>Medida Externa: 95x65x48 cm<\/li>\n<li>Tens\u00e3o: 220V<\/li>\n<li>Consumo por c\u00e2mara: 4,4 kw\/h<\/li>\n<li>Pot\u00eancia por c\u00e2mara: 4400 Watts<\/li>\n<\/ul><\/div>\n<\/p><\/div>\n<\/td>\n<td>\n<div class=\"wpb_text_column wpb_content_element \">\n<div class=\"wpb_wrapper\">\n<ul>\n<li>Medida Interna: 90x90x25 cm<\/li>\n<li>Medida Externa: 107x95x48 cm<\/li>\n<li>Tens\u00e3o: 220V<\/li>\n<li>Consumo por c\u00e2mara: 5,2 kw\/h<\/li>\n<li>Pot\u00eancia por c\u00e2mara: 5200 Watts<\/li>\n<\/ul><\/div>\n<\/p><\/div>\n<\/td>\n<\/tr>\n<\/tbody>\n<\/table>\n<p><\/p>\n","protected":false},"excerpt":{"rendered":"<p>Tamanho 45&#215;60 Tamanho 70&#215;60 Tamanho 80&#215;60 Tamanho 90&#215;90 Medida Interna: 45x60x25 cm Medida Externa: 60x65x48 cm Tens\u00e3o: 220V Consumo por c\u00e2mara: 3 kw\/h Pot\u00eancia por c\u00e2mara: 3000 Watts Medida Interna: 70x60x25 cm Medida Externa: 85x65x48 cm Tens\u00e3o: 220V Consumo por c\u00e2mara: 4 kw\/h Pot\u00eancia por c\u00e2mara: 4000 Watts Medida Interna: 80x60x25 cm Medida Externa: 95x65x48 [&hellip;]<\/p>\n","protected":false},"featured_media":11341,"comment_status":"open","ping_status":"closed","template":"","meta":[],"product_brand":[],"product_cat":[398],"product_tag":[],"class_list":{"0":"post-11345","1":"product","2":"type-product","3":"status-publish","4":"has-post-thumbnail","6":"product_cat-forno-guilhotina","8":"first","9":"instock","10":"shipping-taxable","11":"purchasable","12":"product-type-simple"},"_links":{"self":[{"href":"https:\/\/twsites.com.br\/novomigcenter\/index.php?rest_route=\/wp\/v2\/product\/11345","targetHints":{"allow":["GET"]}}],"collection":[{"href":"https:\/\/twsites.com.br\/novomigcenter\/index.php?rest_route=\/wp\/v2\/product"}],"about":[{"href":"https:\/\/twsites.com.br\/novomigcenter\/index.php?rest_route=\/wp\/v2\/types\/product"}],"replies":[{"embeddable":true,"href":"https:\/\/twsites.com.br\/novomigcenter\/index.php?rest_route=%2Fwp%2Fv2%2Fcomments&post=11345"}],"wp:featuredmedia":[{"embeddable":true,"href":"https:\/\/twsites.com.br\/novomigcenter\/index.php?rest_route=\/wp\/v2\/media\/11341"}],"wp:attachment":[{"href":"https:\/\/twsites.com.br\/novomigcenter\/index.php?rest_route=%2Fwp%2Fv2%2Fmedia&parent=11345"}],"wp:term":[{"taxonomy":"product_brand","embeddable":true,"href":"https:\/\/twsites.com.br\/novomigcenter\/index.php?rest_route=%2Fwp%2Fv2%2Fproduct_brand&post=11345"},{"taxonomy":"product_cat","embeddable":true,"href":"https:\/\/twsites.com.br\/novomigcenter\/index.php?rest_route=%2Fwp%2Fv2%2Fproduct_cat&post=11345"},{"taxonomy":"product_tag","embeddable":true,"href":"https:\/\/twsites.com.br\/novomigcenter\/index.php?rest_route=%2Fwp%2Fv2%2Fproduct_tag&post=11345"}],"curies":[{"name":"wp","href":"https:\/\/api.w.org\/{rel}","templated":true}]}}