{"id":11362,"date":"2017-07-25T10:14:52","date_gmt":"2017-07-25T10:14:52","guid":{"rendered":"https:\/\/twsites.com.br\/novomigcenter\/?product=extrator-domestico-pequeno-110v-220v-bivolt-fundiferro"},"modified":"2017-07-25T10:14:52","modified_gmt":"2017-07-25T10:14:52","slug":"extrator-domestico-pequeno-110v-220v-bivolt-fundiferro","status":"publish","type":"product","link":"https:\/\/twsites.com.br\/novomigcenter\/?product=extrator-domestico-pequeno-110v-220v-bivolt-fundiferro","title":{"rendered":"Extrator Dom\u00e9stico Pequeno 110V\/220V (Bivolt) &#8211; Fundiferro"},"content":{"rendered":"<p><font face=\"Arial\"><span style=\"font-size: 14px;\"><b>ESPECIFICA\u00c7\u00d5ES T\u00c9CNICAS                        <\/b><\/span><\/font><\/p>\n<div class=\"project-info\"><span style=\"font-size: 14px;\">                             <\/span><\/p>\n<div><span style=\"font-size: 14px;\">                                 <\/span><\/p>\n<p><font face=\"Arial\"><span style=\"font-size: 14px;\"><b>Tens\u00e3o:<\/b><\/span><\/font><\/p>\n<p><span style=\"font-size: 14px;\">                                 <\/span><\/p>\n<p><font face=\"Arial\"><span style=\"font-size: 14px;\">127V \/ 220V<\/span><\/font><\/p>\n<p><span style=\"font-size: 14px;\">                             <\/span><\/div>\n<p><span style=\"font-size: 14px;\">                             <\/span><\/p>\n<div><span style=\"font-size: 14px;\">                                 <\/span><\/p>\n<p><font face=\"Arial\"><span style=\"font-size: 14px;\"><b>Pot\u00eancia El\u00e9trica:<\/b><\/span><\/font><\/p>\n<p><span style=\"font-size: 14px;\">                                 <\/span><\/p>\n<p><font face=\"Arial\"><span style=\"font-size: 14px;\">200W &#8211; 60Hz<\/span><\/font><\/p>\n<p><span style=\"font-size: 14px;\">                             <\/span><\/div>\n<p><span style=\"font-size: 14px;\">                             <\/span><\/p>\n<div><span style=\"font-size: 14px;\">                                 <\/span><\/p>\n<p><font face=\"Arial\"><span style=\"font-size: 14px;\"><b>Rota\u00e7\u00e3o:<\/b><\/span><\/font><\/p>\n<p><span style=\"font-size: 14px;\">                                 <\/span><\/p>\n<p><font face=\"Arial\"><span style=\"font-size: 14px;\">1.750 rpm<\/span><\/font><\/p>\n<p><span style=\"font-size: 14px;\">                             <\/span><\/div>\n<p><span style=\"font-size: 14px;\">                             <\/span><\/p>\n<div><span style=\"font-size: 14px;\">                                 <\/span><\/p>\n<p><font face=\"Arial\"><span style=\"font-size: 14px;\"><b>Ca\u00e7amba \/ Tampa:<\/b><\/span><\/font><\/p>\n<p><span style=\"font-size: 14px;\">                                 <\/span><\/p>\n<p><font face=\"Arial\"><span style=\"font-size: 14px;\">Alum\u00ednio Repuxado<\/span><\/font><\/p>\n<p><span style=\"font-size: 14px;\">                             <\/span><\/div>\n<p><span style=\"font-size: 14px;\">                             <\/span><\/p>\n<div><span style=\"font-size: 14px;\">                                 <\/span><\/p>\n<p><font face=\"Arial\"><span style=\"font-size: 14px;\"><b>Copo \/ Peneira:<\/b><\/span><\/font><\/p>\n<p><span style=\"font-size: 14px;\">                                 <\/span><\/p>\n<p><font face=\"Arial\"><span style=\"font-size: 14px;\">Pl\u00e1stico PP<\/span><\/font><\/p>\n<p><span style=\"font-size: 14px;\">                             <\/span><\/div>\n<p><span style=\"font-size: 14px;\">                             <\/span><\/p>\n<div><span style=\"font-size: 14px;\">                                 <\/span><\/p>\n<p><font face=\"Arial\"><span style=\"font-size: 14px;\"><b>Jogo de Carambolas:<\/b><\/span><\/font><\/p>\n<p><span style=\"font-size: 14px;\">                                 <\/span><\/p>\n<p><font face=\"Arial\"><span style=\"font-size: 14px;\">Pl\u00e1stico R\u00edgido<\/span><\/font><\/p>\n<p><span style=\"font-size: 14px;\">                             <\/span><\/div>\n<p><span style=\"font-size: 14px;\">                             <\/span><\/p>\n<div><span style=\"font-size: 14px;\">                                 <\/span><\/p>\n<p><font face=\"Arial\"><span style=\"font-size: 14px;\"><b>AxLxP:<\/b><\/span><\/font><\/p>\n<p><span style=\"font-size: 14px;\">                                 <\/span><\/p>\n<p><font face=\"Arial\"><span style=\"font-size: 14px;\">28x16x13cm<\/span><\/font><\/p>\n<p><span style=\"font-size: 14px;\">                             <\/span><\/div>\n<p><span style=\"font-size: 14px;\">                             <\/span><\/p>\n<div><span style=\"font-size: 14px;\">                                 <\/span><\/p>\n<p><font face=\"Arial\"><span style=\"font-size: 14px;\"><b>Peso L\u00edquido:<\/b><\/span><\/font><\/p>\n<p><span style=\"font-size: 14px;\">                                 <\/span><\/p>\n<p><font face=\"Arial\"><span style=\"font-size: 14px;\">3,765<\/span><\/font><\/p>\n<p><span style=\"font-size: 14px;\">                             <\/span><\/div>\n<p><span style=\"font-size: 14px;\">                             <\/span><\/p>\n<div><span style=\"font-size: 14px;\">                                 <\/span><\/p>\n<p><font face=\"Arial\"><span style=\"font-size: 14px;\"><b>Peso Bruto:<\/b><\/span><\/font><\/p>\n<p><span style=\"font-size: 14px;\">                                 <\/span><\/p>\n<p><font face=\"Arial\"><span style=\"font-size: 14px;\">4,000<\/span><\/font><\/p>\n<p><span style=\"font-size: 14px;\">                             <\/span><\/div>\n<p><span style=\"font-size: 14px;\">                             <\/span><\/p>\n<div><span style=\"font-size: 14px;\">                                 <\/span><\/p>\n<p><font face=\"Arial\"><span style=\"font-size: 14px;\"><b>Conformidade:<\/b><\/span><\/font><\/p>\n<p><span style=\"font-size: 14px;\">                                 <\/span><\/p>\n<p><font face=\"Arial\"><span style=\"font-size: 14px;\">Portaria 371<\/span><\/font><\/p>\n<\/p><\/div>\n<\/p><\/div>\n","protected":false},"excerpt":{"rendered":"<p>ESPECIFICA\u00c7\u00d5ES T\u00c9CNICAS Tens\u00e3o: 127V \/ 220V Pot\u00eancia El\u00e9trica: 200W &#8211; 60Hz Rota\u00e7\u00e3o: 1.750 rpm Ca\u00e7amba \/ Tampa: Alum\u00ednio Repuxado Copo \/ Peneira: Pl\u00e1stico PP Jogo de Carambolas: Pl\u00e1stico R\u00edgido AxLxP: 28x16x13cm Peso L\u00edquido: 3,765 Peso Bruto: 4,000 Conformidade: Portaria 371<\/p>\n","protected":false},"featured_media":11361,"comment_status":"open","ping_status":"closed","template":"","meta":[],"product_brand":[],"product_cat":[306],"product_tag":[],"class_list":{"0":"post-11362","1":"product","2":"type-product","3":"status-publish","4":"has-post-thumbnail","6":"product_cat-extrator-de-suco","8":"first","9":"instock","10":"shipping-taxable","11":"purchasable","12":"product-type-simple"},"_links":{"self":[{"href":"https:\/\/twsites.com.br\/novomigcenter\/index.php?rest_route=\/wp\/v2\/product\/11362","targetHints":{"allow":["GET"]}}],"collection":[{"href":"https:\/\/twsites.com.br\/novomigcenter\/index.php?rest_route=\/wp\/v2\/product"}],"about":[{"href":"https:\/\/twsites.com.br\/novomigcenter\/index.php?rest_route=\/wp\/v2\/types\/product"}],"replies":[{"embeddable":true,"href":"https:\/\/twsites.com.br\/novomigcenter\/index.php?rest_route=%2Fwp%2Fv2%2Fcomments&post=11362"}],"wp:featuredmedia":[{"embeddable":true,"href":"https:\/\/twsites.com.br\/novomigcenter\/index.php?rest_route=\/wp\/v2\/media\/11361"}],"wp:attachment":[{"href":"https:\/\/twsites.com.br\/novomigcenter\/index.php?rest_route=%2Fwp%2Fv2%2Fmedia&parent=11362"}],"wp:term":[{"taxonomy":"product_brand","embeddable":true,"href":"https:\/\/twsites.com.br\/novomigcenter\/index.php?rest_route=%2Fwp%2Fv2%2Fproduct_brand&post=11362"},{"taxonomy":"product_cat","embeddable":true,"href":"https:\/\/twsites.com.br\/novomigcenter\/index.php?rest_route=%2Fwp%2Fv2%2Fproduct_cat&post=11362"},{"taxonomy":"product_tag","embeddable":true,"href":"https:\/\/twsites.com.br\/novomigcenter\/index.php?rest_route=%2Fwp%2Fv2%2Fproduct_tag&post=11362"}],"curies":[{"name":"wp","href":"https:\/\/api.w.org\/{rel}","templated":true}]}}