{"id":11364,"date":"2017-07-25T10:16:31","date_gmt":"2017-07-25T10:16:31","guid":{"rendered":"https:\/\/twsites.com.br\/novomigcenter\/?product=extrator-domestico-medio-110v-220v-bivolt-colombo"},"modified":"2017-07-25T10:16:31","modified_gmt":"2017-07-25T10:16:31","slug":"extrator-domestico-medio-110v-220v-bivolt-colombo","status":"publish","type":"product","link":"https:\/\/twsites.com.br\/novomigcenter\/?product=extrator-domestico-medio-110v-220v-bivolt-colombo","title":{"rendered":"Extrator Dom\u00e9stico M\u00e9dio 110V\/220V (Bivolt) &#8211; JL Colombo"},"content":{"rendered":"<table width=\"422\" style=\"padding: 0px; margin: 0px 0px 10px; border-bottom-width: 1px; border-bottom-style: solid; border-color: var(--the7-divider-color); width: 540px; color: rgb(139, 141, 148); font-family: Roboto, Helvetica, Arial, Verdana, sans-serif; font-size: 16px; background-color: rgb(255, 255, 255);\">\n<tbody style=\"padding: 0px; margin: 0px;\">\n<tr style=\"padding: 0px; margin: 0px;\">\n<td width=\"143\" style=\"padding: 5px 10px 5px 5px; margin: 0px; border-top-width: 1px; border-top-style: solid; border-color: var(--the7-divider-color);\"><span style=\"padding: 0px; margin: 0px; font-weight: 700;\">Tampa:<\/span><\/td>\n<td width=\"279\" style=\"padding: 5px 10px 5px 5px; margin: 0px; border-top-width: 1px; border-top-style: solid; border-color: var(--the7-divider-color);\"><span style=\"padding: 0px; margin: 0px; font-weight: 700;\">Polipropileno<\/span><\/td>\n<\/tr>\n<tr style=\"padding: 0px; margin: 0px;\">\n<td width=\"143\" style=\"padding: 5px 10px 5px 5px; margin: 0px; border-top-width: 1px; border-top-style: solid; border-color: var(--the7-divider-color);\"><span style=\"padding: 0px; margin: 0px; font-weight: 700;\">Ca\u00e7amba:<\/span><\/td>\n<td width=\"279\" style=\"padding: 5px 10px 5px 5px; margin: 0px; border-top-width: 1px; border-top-style: solid; border-color: var(--the7-divider-color);\"><span style=\"padding: 0px; margin: 0px; font-weight: 700;\">Alum\u00ednio Repuxado<\/span><\/td>\n<\/tr>\n<tr style=\"padding: 0px; margin: 0px;\">\n<td width=\"143\" style=\"padding: 5px 10px 5px 5px; margin: 0px; border-top-width: 1px; border-top-style: solid; border-color: var(--the7-divider-color);\"><span style=\"padding: 0px; margin: 0px; font-weight: 700;\">Corpo:<\/span><\/td>\n<td width=\"279\" style=\"padding: 5px 10px 5px 5px; margin: 0px; border-top-width: 1px; border-top-style: solid; border-color: var(--the7-divider-color);\"><span style=\"padding: 0px; margin: 0px; font-weight: 700;\">A\u00e7o Inox Polido<\/span><\/td>\n<\/tr>\n<tr style=\"padding: 0px; margin: 0px;\">\n<td width=\"143\" style=\"padding: 5px 10px 5px 5px; margin: 0px; border-top-width: 1px; border-top-style: solid; border-color: var(--the7-divider-color);\"><span style=\"padding: 0px; margin: 0px; font-weight: 700;\">Jogo Carambola:<\/span><\/td>\n<td width=\"279\" style=\"padding: 5px 10px 5px 5px; margin: 0px; border-top-width: 1px; border-top-style: solid; border-color: var(--the7-divider-color);\"><span style=\"padding: 0px; margin: 0px; font-weight: 700;\">Pl\u00e1stico R\u00edgido<\/span><\/td>\n<\/tr>\n<tr style=\"padding: 0px; margin: 0px;\">\n<td width=\"143\" style=\"padding: 5px 10px 5px 5px; margin: 0px; border-top-width: 1px; border-top-style: solid; border-color: var(--the7-divider-color);\"><span style=\"padding: 0px; margin: 0px; font-weight: 700;\">Jarra:<\/span><\/td>\n<td width=\"279\" style=\"padding: 5px 10px 5px 5px; margin: 0px; border-top-width: 1px; border-top-style: solid; border-color: var(--the7-divider-color);\"><span style=\"padding: 0px; margin: 0px; font-weight: 700;\">700 ml<\/span><\/td>\n<\/tr>\n<tr style=\"padding: 0px; margin: 0px;\">\n<td width=\"143\" style=\"padding: 5px 10px 5px 5px; margin: 0px; border-top-width: 1px; border-top-style: solid; border-color: var(--the7-divider-color);\"><span style=\"padding: 0px; margin: 0px; font-weight: 700;\">Motor:<\/span><\/td>\n<td width=\"279\" style=\"padding: 5px 10px 5px 5px; margin: 0px; border-top-width: 1px; border-top-style: solid; border-color: var(--the7-divider-color);\"><span style=\"padding: 0px; margin: 0px; font-weight: 700;\">1\/4 CV (HP)<\/span><\/td>\n<\/tr>\n<tr style=\"padding: 0px; margin: 0px;\">\n<td width=\"143\" style=\"padding: 5px 10px 5px 5px; margin: 0px; border-top-width: 1px; border-top-style: solid; border-color: var(--the7-divider-color);\"><span style=\"padding: 0px; margin: 0px; font-weight: 700;\">Rota\u00e7\u00e3o:<\/span><\/td>\n<td width=\"279\" style=\"padding: 5px 10px 5px 5px; margin: 0px; border-top-width: 1px; border-top-style: solid; border-color: var(--the7-divider-color);\"><span style=\"padding: 0px; margin: 0px; font-weight: 700;\">3500 rpm<\/span><\/td>\n<\/tr>\n<tr style=\"padding: 0px; margin: 0px;\">\n<td width=\"143\" style=\"padding: 5px 10px 5px 5px; margin: 0px; border-top-width: 1px; border-top-style: solid; border-color: var(--the7-divider-color);\"><span style=\"padding: 0px; margin: 0px; font-weight: 700;\">Frequ\u00eancia:<\/span><\/td>\n<td width=\"279\" style=\"padding: 5px 10px 5px 5px; margin: 0px; border-top-width: 1px; border-top-style: solid; border-color: var(--the7-divider-color);\"><span style=\"padding: 0px; margin: 0px; font-weight: 700;\">60 Hz<\/span><\/td>\n<\/tr>\n<tr style=\"padding: 0px; margin: 0px;\">\n<td width=\"143\" style=\"padding: 5px 10px 5px 5px; margin: 0px; border-top-width: 1px; border-top-style: solid; border-color: var(--the7-divider-color);\"><span style=\"padding: 0px; margin: 0px; font-weight: 700;\">Isola\u00e7\u00e3o:<\/span><\/td>\n<td width=\"279\" style=\"padding: 5px 10px 5px 5px; margin: 0px; border-top-width: 1px; border-top-style: solid; border-color: var(--the7-divider-color);\"><span style=\"padding: 0px; margin: 0px; font-weight: 700;\">Classe F<\/span><\/td>\n<\/tr>\n<tr style=\"padding: 0px; margin: 0px;\">\n<td width=\"143\" style=\"padding: 5px 10px 5px 5px; margin: 0px; border-top-width: 1px; border-top-style: solid; border-color: var(--the7-divider-color);\"><span style=\"padding: 0px; margin: 0px; font-weight: 700;\">Altura:<\/span><\/td>\n<td width=\"279\" style=\"padding: 5px 10px 5px 5px; margin: 0px; border-top-width: 1px; border-top-style: solid; border-color: var(--the7-divider-color);\"><span style=\"padding: 0px; margin: 0px; font-weight: 700;\">320 mm<\/span><\/td>\n<\/tr>\n<tr style=\"padding: 0px; margin: 0px;\">\n<td width=\"143\" style=\"padding: 5px 10px 5px 5px; margin: 0px; border-top-width: 1px; border-top-style: solid; border-color: var(--the7-divider-color);\"><span style=\"padding: 0px; margin: 0px; font-weight: 700;\">Largura:<\/span><\/td>\n<td width=\"279\" style=\"padding: 5px 10px 5px 5px; margin: 0px; border-top-width: 1px; border-top-style: solid; border-color: var(--the7-divider-color);\"><span style=\"padding: 0px; margin: 0px; font-weight: 700;\">210 mm<\/span><\/td>\n<\/tr>\n<tr style=\"padding: 0px; margin: 0px;\">\n<td width=\"143\" style=\"padding: 5px 10px 5px 5px; margin: 0px; border-top-width: 1px; border-top-style: solid; border-color: var(--the7-divider-color);\"><span style=\"padding: 0px; margin: 0px; font-weight: 700;\">Profundidade:<\/span><\/td>\n<td width=\"279\" style=\"padding: 5px 10px 5px 5px; margin: 0px; border-top-width: 1px; border-top-style: solid; border-color: var(--the7-divider-color);\"><span style=\"padding: 0px; margin: 0px; font-weight: 700;\">190 mm<\/span><\/td>\n<\/tr>\n<tr style=\"padding: 0px; margin: 0px;\">\n<td width=\"143\" style=\"padding: 5px 10px 5px 5px; margin: 0px; border-top-width: 1px; border-top-style: solid; border-color: var(--the7-divider-color);\"><span style=\"padding: 0px; margin: 0px; font-weight: 700;\">Peso:<\/span><\/td>\n<td width=\"279\" style=\"padding: 5px 10px 5px 5px; margin: 0px; border-top-width: 1px; border-top-style: solid; border-color: var(--the7-divider-color);\"><span style=\"padding: 0px; margin: 0px; font-weight: 700;\">3,600 Kg<\/span><\/td>\n<\/tr>\n<tr style=\"padding: 0px; margin: 0px;\">\n<td width=\"143\" style=\"padding: 5px 10px 5px 5px; margin: 0px; border-top-width: 1px; border-top-style: solid; border-color: var(--the7-divider-color);\"><span style=\"padding: 0px; margin: 0px; font-weight: 700;\">Tens\u00e3o:<\/span><\/td>\n<td width=\"279\" style=\"padding: 5px 10px 5px 5px; margin: 0px; border-top-width: 1px; border-top-style: solid; border-color: var(--the7-divider-color);\"><span style=\"padding: 0px; margin: 0px; font-weight: 700;\">127V\/220V (Bivolt) (chave seletora)<\/span><\/td>\n<\/tr>\n<tr style=\"padding: 0px; margin: 0px;\">\n<td width=\"143\" style=\"padding: 5px 10px 5px 5px; margin: 0px; border-top-width: 1px; border-top-style: solid; border-color: var(--the7-divider-color);\"><span style=\"padding: 0px; margin: 0px; font-weight: 700;\">Pot\u00eancia:<\/span><\/td>\n<td width=\"279\" style=\"padding: 5px 10px 5px 5px; margin: 0px; border-top-width: 1px; border-top-style: solid; border-color: var(--the7-divider-color);\"><span style=\"padding: 0px; margin: 0px; font-weight: 700;\">250W \/ 250W<\/span><\/td>\n<\/tr>\n<tr style=\"padding: 0px; margin: 0px;\">\n<td width=\"143\" style=\"padding: 5px 10px 5px 5px; margin: 0px; border-top-width: 1px; border-top-style: solid; border-color: var(--the7-divider-color);\"><span style=\"padding: 0px; margin: 0px; font-weight: 700;\">Certificado:<\/span><\/td>\n<td width=\"279\" style=\"padding: 5px 10px 5px 5px; margin: 0px; border-top-width: 1px; border-top-style: solid; border-color: var(--the7-divider-color);\"><span style=\"padding: 0px; margin: 0px; font-weight: 700;\">INMETRO PORTARIA 371<\/span><\/td>\n<\/tr>\n<\/tbody>\n<\/table>\n<div class=\"project-info\">\n<div>                             <\/div>\n<\/p><\/div>\n","protected":false},"excerpt":{"rendered":"<p>Tampa: Polipropileno Ca\u00e7amba: Alum\u00ednio Repuxado Corpo: A\u00e7o Inox Polido Jogo Carambola: Pl\u00e1stico R\u00edgido Jarra: 700 ml Motor: 1\/4 CV (HP) Rota\u00e7\u00e3o: 3500 rpm Frequ\u00eancia: 60 Hz Isola\u00e7\u00e3o: Classe F Altura: 320 mm Largura: 210 mm Profundidade: 190 mm Peso: 3,600 Kg Tens\u00e3o: 127V\/220V (Bivolt) (chave seletora) Pot\u00eancia: 250W \/ 250W Certificado: INMETRO PORTARIA 371<\/p>\n","protected":false},"featured_media":11363,"comment_status":"open","ping_status":"closed","template":"","meta":[],"product_brand":[],"product_cat":[306],"product_tag":[],"class_list":{"0":"post-11364","1":"product","2":"type-product","3":"status-publish","4":"has-post-thumbnail","6":"product_cat-extrator-de-suco","8":"first","9":"instock","10":"shipping-taxable","11":"purchasable","12":"product-type-simple"},"_links":{"self":[{"href":"https:\/\/twsites.com.br\/novomigcenter\/index.php?rest_route=\/wp\/v2\/product\/11364","targetHints":{"allow":["GET"]}}],"collection":[{"href":"https:\/\/twsites.com.br\/novomigcenter\/index.php?rest_route=\/wp\/v2\/product"}],"about":[{"href":"https:\/\/twsites.com.br\/novomigcenter\/index.php?rest_route=\/wp\/v2\/types\/product"}],"replies":[{"embeddable":true,"href":"https:\/\/twsites.com.br\/novomigcenter\/index.php?rest_route=%2Fwp%2Fv2%2Fcomments&post=11364"}],"wp:featuredmedia":[{"embeddable":true,"href":"https:\/\/twsites.com.br\/novomigcenter\/index.php?rest_route=\/wp\/v2\/media\/11363"}],"wp:attachment":[{"href":"https:\/\/twsites.com.br\/novomigcenter\/index.php?rest_route=%2Fwp%2Fv2%2Fmedia&parent=11364"}],"wp:term":[{"taxonomy":"product_brand","embeddable":true,"href":"https:\/\/twsites.com.br\/novomigcenter\/index.php?rest_route=%2Fwp%2Fv2%2Fproduct_brand&post=11364"},{"taxonomy":"product_cat","embeddable":true,"href":"https:\/\/twsites.com.br\/novomigcenter\/index.php?rest_route=%2Fwp%2Fv2%2Fproduct_cat&post=11364"},{"taxonomy":"product_tag","embeddable":true,"href":"https:\/\/twsites.com.br\/novomigcenter\/index.php?rest_route=%2Fwp%2Fv2%2Fproduct_tag&post=11364"}],"curies":[{"name":"wp","href":"https:\/\/api.w.org\/{rel}","templated":true}]}}