{"id":11371,"date":"2017-07-25T11:17:12","date_gmt":"2017-07-25T11:17:12","guid":{"rendered":"https:\/\/twsites.com.br\/novomigcenter\/?product=forno-guilhotina-1-camara-gas-metalmaq"},"modified":"2017-07-25T11:17:12","modified_gmt":"2017-07-25T11:17:12","slug":"forno-guilhotina-1-camara-gas-metalmaq","status":"publish","type":"product","link":"https:\/\/twsites.com.br\/novomigcenter\/?product=forno-guilhotina-1-camara-gas-metalmaq","title":{"rendered":"Forno Guilhotina \u00e0 G\u00e1s 1 C\u00e2mara -Metalmaq"},"content":{"rendered":"<p><\/p>\n<table class=\"table table-bordered\">\n<tbody>\n<tr>\n<td>Tamanho: 51&#215;60<\/td>\n<td>Tamanho: 70&#215;60<\/td>\n<td>Tamanho: 80&#215;60<\/td>\n<td>Tamanho: 95&#215;95<\/td>\n<\/tr>\n<tr>\n<td>\n<ul>\n<li>Medida Interna: 51x60x25 cm<\/li>\n<li>Medida Externa: 62x64x38 cm<\/li>\n<li>Consumo por c\u00e2mara: 350<\/li>\n<\/ul>\n<\/td>\n<td>\n<div class=\"wpb_text_column wpb_content_element \">\n<div class=\"wpb_wrapper\">\n<ul>\n<li>Medida Interna: 70x60x25 cm<\/li>\n<li>Medida Externa: 81x64x38 cm<\/li>\n<li>Consumo por c\u00e2mara: 500 Gr\/h<\/li>\n<\/ul><\/div>\n<\/p><\/div>\n<\/td>\n<td>\n<div class=\"wpb_text_column wpb_content_element \">\n<div class=\"wpb_wrapper\">\n<ul>\n<li>Medida Interna: 80x60x25 cm<\/li>\n<li>Medida Externa: 91x64x38 cm<\/li>\n<li>Consumo por c\u00e2mara: 550 Gr\/h<\/li>\n<\/ul><\/div>\n<\/p><\/div>\n<\/td>\n<td>\n<div class=\"wpb_text_column wpb_content_element \">\n<div class=\"wpb_wrapper\">\n<ul>\n<li>Medida Interna: 95x95x25 cm<\/li>\n<li>Medida Externa: 107x100x38 cm<\/li>\n<li>Consumo por c\u00e2mara: 900 Gr\/h<\/li>\n<\/ul><\/div>\n<\/p><\/div>\n<p> <span class=\"vc_sep_holder vc_sep_holder_l\"><span class=\"vc_sep_line\"><\/span><\/span><\/td>\n<\/tr>\n<\/tbody>\n<\/table>\n","protected":false},"excerpt":{"rendered":"<p>Tamanho: 51&#215;60 Tamanho: 70&#215;60 Tamanho: 80&#215;60 Tamanho: 95&#215;95 Medida Interna: 51x60x25 cm Medida Externa: 62x64x38 cm Consumo por c\u00e2mara: 350 Medida Interna: 70x60x25 cm Medida Externa: 81x64x38 cm Consumo por c\u00e2mara: 500 Gr\/h Medida Interna: 80x60x25 cm Medida Externa: 91x64x38 cm Consumo por c\u00e2mara: 550 Gr\/h Medida Interna: 95x95x25 cm Medida Externa: 107x100x38 cm Consumo [&hellip;]<\/p>\n","protected":false},"featured_media":11367,"comment_status":"open","ping_status":"closed","template":"","meta":[],"product_brand":[],"product_cat":[398],"product_tag":[],"class_list":{"0":"post-11371","1":"product","2":"type-product","3":"status-publish","4":"has-post-thumbnail","6":"product_cat-forno-guilhotina","8":"first","9":"instock","10":"shipping-taxable","11":"purchasable","12":"product-type-simple"},"_links":{"self":[{"href":"https:\/\/twsites.com.br\/novomigcenter\/index.php?rest_route=\/wp\/v2\/product\/11371","targetHints":{"allow":["GET"]}}],"collection":[{"href":"https:\/\/twsites.com.br\/novomigcenter\/index.php?rest_route=\/wp\/v2\/product"}],"about":[{"href":"https:\/\/twsites.com.br\/novomigcenter\/index.php?rest_route=\/wp\/v2\/types\/product"}],"replies":[{"embeddable":true,"href":"https:\/\/twsites.com.br\/novomigcenter\/index.php?rest_route=%2Fwp%2Fv2%2Fcomments&post=11371"}],"wp:featuredmedia":[{"embeddable":true,"href":"https:\/\/twsites.com.br\/novomigcenter\/index.php?rest_route=\/wp\/v2\/media\/11367"}],"wp:attachment":[{"href":"https:\/\/twsites.com.br\/novomigcenter\/index.php?rest_route=%2Fwp%2Fv2%2Fmedia&parent=11371"}],"wp:term":[{"taxonomy":"product_brand","embeddable":true,"href":"https:\/\/twsites.com.br\/novomigcenter\/index.php?rest_route=%2Fwp%2Fv2%2Fproduct_brand&post=11371"},{"taxonomy":"product_cat","embeddable":true,"href":"https:\/\/twsites.com.br\/novomigcenter\/index.php?rest_route=%2Fwp%2Fv2%2Fproduct_cat&post=11371"},{"taxonomy":"product_tag","embeddable":true,"href":"https:\/\/twsites.com.br\/novomigcenter\/index.php?rest_route=%2Fwp%2Fv2%2Fproduct_tag&post=11371"}],"curies":[{"name":"wp","href":"https:\/\/api.w.org\/{rel}","templated":true}]}}