{"id":11373,"date":"2017-07-25T11:23:40","date_gmt":"2017-07-25T11:23:40","guid":{"rendered":"https:\/\/twsites.com.br\/novomigcenter\/?product=forno-guilhotina-2-camaras-metalmaq"},"modified":"2017-07-25T11:23:40","modified_gmt":"2017-07-25T11:23:40","slug":"forno-guilhotina-2-camaras-metalmaq","status":"publish","type":"product","link":"https:\/\/twsites.com.br\/novomigcenter\/?product=forno-guilhotina-2-camaras-metalmaq","title":{"rendered":"Forno Guilhotina \u00e0 G\u00e1s 2 C\u00e2maras 80&#215;60 -Metalmaq"},"content":{"rendered":"<p><img fetchpriority=\"high\" decoding=\"async\" src=\"http:\/\/metalmaq.com.br\/site\/wp-content\/uploads\/2017\/01\/banner-fornos-bolo-caseiro-metalmaq.png\" class=\"vc_single_image-img attachment-full\" alt=\"Fornos para f\u00e1brica de bolos caseiro\" width=\"1140\" height=\"500\"><\/p>\n<p>\u2022 \u00d3timo custo benef\u00edcio para quem est\u00e1 come\u00e7ando o neg\u00f3cio ou para quem j\u00e1 conhece a praticidade do produto.<br \/> \u2022 Pedra refrat\u00e1ria que armazena o calor obtendo maior uniformidade no assado<br \/> \u2022 Sistema de abertura total do vidro tipo guilhotina, com contra-peso<br \/> \u2022 Isolamento em l\u00e3 de vidro<br \/> \u2022 Acompanham grade e cavalete<br \/> \u2022 C\u00e2maras com altura de 25cm<br \/> \u2022 Bandeja coletora de res\u00edduos<br \/> \u2022 Queimadores com sistema de gaveta<br \/> \u2022 Term\u00f4metro para controle individual por c\u00e2mara<\/p>\n","protected":false},"excerpt":{"rendered":"<p>\u2022 \u00d3timo custo benef\u00edcio para quem est\u00e1 come\u00e7ando o neg\u00f3cio ou para quem j\u00e1 conhece a praticidade do produto. \u2022 Pedra refrat\u00e1ria que armazena o calor obtendo maior uniformidade no assado \u2022 Sistema de abertura total do vidro tipo guilhotina, com contra-peso \u2022 Isolamento em l\u00e3 de vidro \u2022 Acompanham grade e cavalete \u2022 C\u00e2maras [&hellip;]<\/p>\n","protected":false},"featured_media":11372,"comment_status":"open","ping_status":"closed","template":"","meta":[],"product_brand":[],"product_cat":[398],"product_tag":[],"class_list":{"0":"post-11373","1":"product","2":"type-product","3":"status-publish","4":"has-post-thumbnail","6":"product_cat-forno-guilhotina","8":"first","9":"instock","10":"shipping-taxable","11":"purchasable","12":"product-type-simple"},"_links":{"self":[{"href":"https:\/\/twsites.com.br\/novomigcenter\/index.php?rest_route=\/wp\/v2\/product\/11373","targetHints":{"allow":["GET"]}}],"collection":[{"href":"https:\/\/twsites.com.br\/novomigcenter\/index.php?rest_route=\/wp\/v2\/product"}],"about":[{"href":"https:\/\/twsites.com.br\/novomigcenter\/index.php?rest_route=\/wp\/v2\/types\/product"}],"replies":[{"embeddable":true,"href":"https:\/\/twsites.com.br\/novomigcenter\/index.php?rest_route=%2Fwp%2Fv2%2Fcomments&post=11373"}],"wp:featuredmedia":[{"embeddable":true,"href":"https:\/\/twsites.com.br\/novomigcenter\/index.php?rest_route=\/wp\/v2\/media\/11372"}],"wp:attachment":[{"href":"https:\/\/twsites.com.br\/novomigcenter\/index.php?rest_route=%2Fwp%2Fv2%2Fmedia&parent=11373"}],"wp:term":[{"taxonomy":"product_brand","embeddable":true,"href":"https:\/\/twsites.com.br\/novomigcenter\/index.php?rest_route=%2Fwp%2Fv2%2Fproduct_brand&post=11373"},{"taxonomy":"product_cat","embeddable":true,"href":"https:\/\/twsites.com.br\/novomigcenter\/index.php?rest_route=%2Fwp%2Fv2%2Fproduct_cat&post=11373"},{"taxonomy":"product_tag","embeddable":true,"href":"https:\/\/twsites.com.br\/novomigcenter\/index.php?rest_route=%2Fwp%2Fv2%2Fproduct_tag&post=11373"}],"curies":[{"name":"wp","href":"https:\/\/api.w.org\/{rel}","templated":true}]}}