{"id":11429,"date":"2017-07-25T14:39:19","date_gmt":"2017-07-25T14:39:19","guid":{"rendered":"https:\/\/twsites.com.br\/novomigcenter\/?product=chapa-para-lanches-fritomaq-0-80"},"modified":"2017-07-25T14:39:19","modified_gmt":"2017-07-25T14:39:19","slug":"chapa-para-lanches-fritomaq-0-80","status":"publish","type":"product","link":"https:\/\/twsites.com.br\/novomigcenter\/?product=chapa-para-lanches-fritomaq-0-80","title":{"rendered":"Chapa para Lanches 0.80M \u00e0 G\u00e1s &#8211; Fritomaq"},"content":{"rendered":"<p>800x500x220mm &#8211; 2 queimadores<br \/>Chapa para lanches a g\u00e1s (baixa press\u00e3o).<br \/> Estrutura em a\u00e7o inox.<br \/> Queimadores em alum\u00ednio fundido.<br \/> Chapa bifeteira lisa de a\u00e7o carbono escovado.<\/p>\n","protected":false},"excerpt":{"rendered":"<p>800x500x220mm &#8211; 2 queimadoresChapa para lanches a g\u00e1s (baixa press\u00e3o). Estrutura em a\u00e7o inox. Queimadores em alum\u00ednio fundido. Chapa bifeteira lisa de a\u00e7o carbono escovado.<\/p>\n","protected":false},"featured_media":11428,"comment_status":"open","ping_status":"closed","template":"","meta":[],"product_brand":[],"product_cat":[300],"product_tag":[],"class_list":{"0":"post-11429","1":"product","2":"type-product","3":"status-publish","4":"has-post-thumbnail","6":"product_cat-chapa-char-broiler","8":"first","9":"instock","10":"shipping-taxable","11":"purchasable","12":"product-type-simple"},"_links":{"self":[{"href":"https:\/\/twsites.com.br\/novomigcenter\/index.php?rest_route=\/wp\/v2\/product\/11429","targetHints":{"allow":["GET"]}}],"collection":[{"href":"https:\/\/twsites.com.br\/novomigcenter\/index.php?rest_route=\/wp\/v2\/product"}],"about":[{"href":"https:\/\/twsites.com.br\/novomigcenter\/index.php?rest_route=\/wp\/v2\/types\/product"}],"replies":[{"embeddable":true,"href":"https:\/\/twsites.com.br\/novomigcenter\/index.php?rest_route=%2Fwp%2Fv2%2Fcomments&post=11429"}],"wp:featuredmedia":[{"embeddable":true,"href":"https:\/\/twsites.com.br\/novomigcenter\/index.php?rest_route=\/wp\/v2\/media\/11428"}],"wp:attachment":[{"href":"https:\/\/twsites.com.br\/novomigcenter\/index.php?rest_route=%2Fwp%2Fv2%2Fmedia&parent=11429"}],"wp:term":[{"taxonomy":"product_brand","embeddable":true,"href":"https:\/\/twsites.com.br\/novomigcenter\/index.php?rest_route=%2Fwp%2Fv2%2Fproduct_brand&post=11429"},{"taxonomy":"product_cat","embeddable":true,"href":"https:\/\/twsites.com.br\/novomigcenter\/index.php?rest_route=%2Fwp%2Fv2%2Fproduct_cat&post=11429"},{"taxonomy":"product_tag","embeddable":true,"href":"https:\/\/twsites.com.br\/novomigcenter\/index.php?rest_route=%2Fwp%2Fv2%2Fproduct_tag&post=11429"}],"curies":[{"name":"wp","href":"https:\/\/api.w.org\/{rel}","templated":true}]}}