{"id":11431,"date":"2017-07-25T14:41:12","date_gmt":"2017-07-25T14:41:12","guid":{"rendered":"https:\/\/twsites.com.br\/novomigcenter\/?product=chapa-para-lanches-fritomaq-1-00"},"modified":"2017-07-25T14:41:12","modified_gmt":"2017-07-25T14:41:12","slug":"chapa-para-lanches-fritomaq-1-00","status":"publish","type":"product","link":"https:\/\/twsites.com.br\/novomigcenter\/?product=chapa-para-lanches-fritomaq-1-00","title":{"rendered":"Chapa para Lanches 1.00M \u00e0 G\u00e1s &#8211; Fritomaq"},"content":{"rendered":"<p>1000x500x220mm &#8211; 3 queimadores<br \/>Chapa para lanches a g\u00e1s (baixa press\u00e3o).<br \/> Estrutura em a\u00e7o inox.<br \/> Queimadores em alum\u00ednio fundido.<br \/> Chapa bifeteira lisa de a\u00e7o carbono escovado.<\/p>\n","protected":false},"excerpt":{"rendered":"<p>1000x500x220mm &#8211; 3 queimadoresChapa para lanches a g\u00e1s (baixa press\u00e3o). Estrutura em a\u00e7o inox. Queimadores em alum\u00ednio fundido. Chapa bifeteira lisa de a\u00e7o carbono escovado.<\/p>\n","protected":false},"featured_media":11430,"comment_status":"open","ping_status":"closed","template":"","meta":[],"product_brand":[],"product_cat":[300],"product_tag":[],"class_list":{"0":"post-11431","1":"product","2":"type-product","3":"status-publish","4":"has-post-thumbnail","6":"product_cat-chapa-char-broiler","8":"first","9":"instock","10":"shipping-taxable","11":"purchasable","12":"product-type-simple"},"_links":{"self":[{"href":"https:\/\/twsites.com.br\/novomigcenter\/index.php?rest_route=\/wp\/v2\/product\/11431","targetHints":{"allow":["GET"]}}],"collection":[{"href":"https:\/\/twsites.com.br\/novomigcenter\/index.php?rest_route=\/wp\/v2\/product"}],"about":[{"href":"https:\/\/twsites.com.br\/novomigcenter\/index.php?rest_route=\/wp\/v2\/types\/product"}],"replies":[{"embeddable":true,"href":"https:\/\/twsites.com.br\/novomigcenter\/index.php?rest_route=%2Fwp%2Fv2%2Fcomments&post=11431"}],"wp:featuredmedia":[{"embeddable":true,"href":"https:\/\/twsites.com.br\/novomigcenter\/index.php?rest_route=\/wp\/v2\/media\/11430"}],"wp:attachment":[{"href":"https:\/\/twsites.com.br\/novomigcenter\/index.php?rest_route=%2Fwp%2Fv2%2Fmedia&parent=11431"}],"wp:term":[{"taxonomy":"product_brand","embeddable":true,"href":"https:\/\/twsites.com.br\/novomigcenter\/index.php?rest_route=%2Fwp%2Fv2%2Fproduct_brand&post=11431"},{"taxonomy":"product_cat","embeddable":true,"href":"https:\/\/twsites.com.br\/novomigcenter\/index.php?rest_route=%2Fwp%2Fv2%2Fproduct_cat&post=11431"},{"taxonomy":"product_tag","embeddable":true,"href":"https:\/\/twsites.com.br\/novomigcenter\/index.php?rest_route=%2Fwp%2Fv2%2Fproduct_tag&post=11431"}],"curies":[{"name":"wp","href":"https:\/\/api.w.org\/{rel}","templated":true}]}}