{"id":11439,"date":"2017-07-25T15:09:19","date_gmt":"2017-07-25T15:09:19","guid":{"rendered":"https:\/\/twsites.com.br\/novomigcenter\/?product=balcao-de-granito-de-centro-fritomaq-bg-cnt-fr"},"modified":"2017-07-25T15:09:19","modified_gmt":"2017-07-25T15:09:19","slug":"balcao-de-granito-de-centro-fritomaq-bg-cnt-fr","status":"publish","type":"product","link":"https:\/\/twsites.com.br\/novomigcenter\/?product=balcao-de-granito-de-centro-fritomaq-bg-cnt-fr","title":{"rendered":"Balc\u00e3o de Granito de Centro &#8211; Fritomaq"},"content":{"rendered":"<h4><font face=\"Arial\"><b><span style=\"font-size: 14px;\">MODELOS<\/span><\/b><br \/><\/font><\/h4>\n<p><span style=\"font-size: 14px;\">\t\t\t\t\t\t\t\t\t\t\t\t\t\t\t\t\t\t\t\t\t\t\t\t\t<\/span><\/p>\n<p><font face=\"Arial\"><span style=\"font-size: 14px;\">Balc\u00e3o Self-service com acabamento em granito.<\/span><\/font><\/p>\n<p><font face=\"Arial\"><span style=\"font-size: 14px;\"> Modelos refrigerados e aquecidos.<\/span><\/font><\/p>\n<h4><b><font face=\"Arial\"><em class=\"fa fa-fw\"><span style=\"font-size: 14px;\">\uf0b2 <\/span><\/em><span style=\"font-size: 14px;\">MEDIDAS<\/span><\/font><\/b><\/h4>\n<p><font face=\"Arial\"><span style=\"font-size: 14px;\">196 x 84 x 95 cm &#8211; 5 divis\u00f5es<\/span><br \/><span style=\"font-size: 14px;\">230 x 84 x 95 cm &#8211; 6 divis\u00f5es<\/span><br \/><span style=\"font-size: 14px;\">247 x 84 x 95 cm &#8211; 7 divis\u00f5es<\/span><br \/><span style=\"font-size: 14px;\">281 x 84 x 95 cm &#8211; 8 divis\u00f5es<\/span><\/font><\/p>\n","protected":false},"excerpt":{"rendered":"<p>MODELOS Balc\u00e3o Self-service com acabamento em granito. Modelos refrigerados e aquecidos. \uf0b2 MEDIDAS 196 x 84 x 95 cm &#8211; 5 divis\u00f5es230 x 84 x 95 cm &#8211; 6 divis\u00f5es247 x 84 x 95 cm &#8211; 7 divis\u00f5es281 x 84 x 95 cm &#8211; 8 divis\u00f5es<\/p>\n","protected":false},"featured_media":11436,"comment_status":"open","ping_status":"closed","template":"","meta":[],"product_brand":[],"product_cat":[401],"product_tag":[],"class_list":{"0":"post-11439","1":"product","2":"type-product","3":"status-publish","4":"has-post-thumbnail","6":"product_cat-balcao-para-self-service","8":"first","9":"instock","10":"shipping-taxable","11":"purchasable","12":"product-type-simple"},"_links":{"self":[{"href":"https:\/\/twsites.com.br\/novomigcenter\/index.php?rest_route=\/wp\/v2\/product\/11439","targetHints":{"allow":["GET"]}}],"collection":[{"href":"https:\/\/twsites.com.br\/novomigcenter\/index.php?rest_route=\/wp\/v2\/product"}],"about":[{"href":"https:\/\/twsites.com.br\/novomigcenter\/index.php?rest_route=\/wp\/v2\/types\/product"}],"replies":[{"embeddable":true,"href":"https:\/\/twsites.com.br\/novomigcenter\/index.php?rest_route=%2Fwp%2Fv2%2Fcomments&post=11439"}],"wp:featuredmedia":[{"embeddable":true,"href":"https:\/\/twsites.com.br\/novomigcenter\/index.php?rest_route=\/wp\/v2\/media\/11436"}],"wp:attachment":[{"href":"https:\/\/twsites.com.br\/novomigcenter\/index.php?rest_route=%2Fwp%2Fv2%2Fmedia&parent=11439"}],"wp:term":[{"taxonomy":"product_brand","embeddable":true,"href":"https:\/\/twsites.com.br\/novomigcenter\/index.php?rest_route=%2Fwp%2Fv2%2Fproduct_brand&post=11439"},{"taxonomy":"product_cat","embeddable":true,"href":"https:\/\/twsites.com.br\/novomigcenter\/index.php?rest_route=%2Fwp%2Fv2%2Fproduct_cat&post=11439"},{"taxonomy":"product_tag","embeddable":true,"href":"https:\/\/twsites.com.br\/novomigcenter\/index.php?rest_route=%2Fwp%2Fv2%2Fproduct_tag&post=11439"}],"curies":[{"name":"wp","href":"https:\/\/api.w.org\/{rel}","templated":true}]}}