{"id":11442,"date":"2017-07-25T15:13:12","date_gmt":"2017-07-25T15:13:12","guid":{"rendered":"https:\/\/twsites.com.br\/novomigcenter\/?product=balcao-de-granito-de-encosto-fritomaq"},"modified":"2017-07-25T15:13:12","modified_gmt":"2017-07-25T15:13:12","slug":"balcao-de-granito-de-encosto-fritomaq","status":"publish","type":"product","link":"https:\/\/twsites.com.br\/novomigcenter\/?product=balcao-de-granito-de-encosto-fritomaq","title":{"rendered":"Balc\u00e3o de Granito de Encosto &#8211; Fritomaq"},"content":{"rendered":"<div class=\"titulo\">\n<h4><font face=\"Arial\"><b>MODELOS<\/b><br \/><\/font><\/h4>\n<\/p><\/div>\n<p><font face=\"Arial\">Balc\u00e3o Self-service com acabamento em granito. Modelos refrigerados e aquecidos.<\/font><\/p>\n<h4><font face=\"Arial\"><b><em class=\"fa fa-fw\">\uf0b2 <\/em>MEDIDAS<\/b><\/font><\/h4>\n<p><font face=\"Arial\">179 x 78 x 95 cm &#8211; 5 divis\u00f5es<br \/>213 x 78 x 95 cm &#8211; 6 divis\u00f5es<br \/>247 x 78 x 95 cm &#8211; 7 divis\u00f5es<br \/>281 x 78 x 95 cm &#8211; 8 divis\u00f5es<\/font><\/p>\n","protected":false},"excerpt":{"rendered":"<p>MODELOS Balc\u00e3o Self-service com acabamento em granito. Modelos refrigerados e aquecidos. \uf0b2 MEDIDAS 179 x 78 x 95 cm &#8211; 5 divis\u00f5es213 x 78 x 95 cm &#8211; 6 divis\u00f5es247 x 78 x 95 cm &#8211; 7 divis\u00f5es281 x 78 x 95 cm &#8211; 8 divis\u00f5es<\/p>\n","protected":false},"featured_media":11440,"comment_status":"open","ping_status":"closed","template":"","meta":[],"product_brand":[],"product_cat":[401],"product_tag":[],"class_list":{"0":"post-11442","1":"product","2":"type-product","3":"status-publish","4":"has-post-thumbnail","6":"product_cat-balcao-para-self-service","8":"first","9":"instock","10":"shipping-taxable","11":"purchasable","12":"product-type-simple"},"_links":{"self":[{"href":"https:\/\/twsites.com.br\/novomigcenter\/index.php?rest_route=\/wp\/v2\/product\/11442","targetHints":{"allow":["GET"]}}],"collection":[{"href":"https:\/\/twsites.com.br\/novomigcenter\/index.php?rest_route=\/wp\/v2\/product"}],"about":[{"href":"https:\/\/twsites.com.br\/novomigcenter\/index.php?rest_route=\/wp\/v2\/types\/product"}],"replies":[{"embeddable":true,"href":"https:\/\/twsites.com.br\/novomigcenter\/index.php?rest_route=%2Fwp%2Fv2%2Fcomments&post=11442"}],"wp:featuredmedia":[{"embeddable":true,"href":"https:\/\/twsites.com.br\/novomigcenter\/index.php?rest_route=\/wp\/v2\/media\/11440"}],"wp:attachment":[{"href":"https:\/\/twsites.com.br\/novomigcenter\/index.php?rest_route=%2Fwp%2Fv2%2Fmedia&parent=11442"}],"wp:term":[{"taxonomy":"product_brand","embeddable":true,"href":"https:\/\/twsites.com.br\/novomigcenter\/index.php?rest_route=%2Fwp%2Fv2%2Fproduct_brand&post=11442"},{"taxonomy":"product_cat","embeddable":true,"href":"https:\/\/twsites.com.br\/novomigcenter\/index.php?rest_route=%2Fwp%2Fv2%2Fproduct_cat&post=11442"},{"taxonomy":"product_tag","embeddable":true,"href":"https:\/\/twsites.com.br\/novomigcenter\/index.php?rest_route=%2Fwp%2Fv2%2Fproduct_tag&post=11442"}],"curies":[{"name":"wp","href":"https:\/\/api.w.org\/{rel}","templated":true}]}}