{"id":11450,"date":"2017-07-25T15:54:48","date_gmt":"2017-07-25T15:54:48","guid":{"rendered":"https:\/\/twsites.com.br\/novomigcenter\/?product=balcao-meia-saia-de-encosto-fritomaq"},"modified":"2017-07-25T15:54:48","modified_gmt":"2017-07-25T15:54:48","slug":"balcao-meia-saia-de-encosto-fritomaq","status":"publish","type":"product","link":"https:\/\/twsites.com.br\/novomigcenter\/?product=balcao-meia-saia-de-encosto-fritomaq","title":{"rendered":"Balc\u00e3o Meia Saia de Encosto &#8211; Fritomaq"},"content":{"rendered":"<h4><font face=\"Arial\"><span style=\"font-size: 14px;\"><b>MODELOS<\/b><\/span><br \/><\/font><\/h4>\n<p><span style=\"font-size: 14px;\">\t\t\t\t\t\t\t\t\t\t\t\t\t\t\t\t\t\t\t\t\t\t\t\t\t<\/span><\/p>\n<p><font face=\"Arial\"><span style=\"font-size: 14px;\">Balc\u00e3o Self-service todo em inox. Modelos refrigerados e aquecidos.<\/span><\/font><\/p>\n<h4><font face=\"Arial\"><em class=\"fa fa-fw\"><span style=\"font-size: 14px;\">\uf0b2 <\/span><\/em><span style=\"font-size: 14px;\"><b>MEDIDAS<\/b><\/span><\/font><\/h4>\n<p><font face=\"Arial\"><span style=\"font-size: 14px;\">148 x 60 x 90 cm &#8211; 4 divis\u00f5es<\/span><br \/><span style=\"font-size: 14px;\">182 x 60 x 90 cm &#8211; 5 divis\u00f5es<\/span><br \/><span style=\"font-size: 14px;\">215 x 60 x 90 cm &#8211; 6 divis\u00f5es<\/span><br \/><span style=\"font-size: 14px;\">249 x 60 x 90 cm &#8211; 7 divis\u00f5es<\/span><br \/><span style=\"font-size: 14px;\">282 x 60 x 90 cm &#8211; 8 divis\u00f5es<\/span><\/font><\/p>\n<p><\/p>\n","protected":false},"excerpt":{"rendered":"<p>MODELOS Balc\u00e3o Self-service todo em inox. Modelos refrigerados e aquecidos. \uf0b2 MEDIDAS 148 x 60 x 90 cm &#8211; 4 divis\u00f5es182 x 60 x 90 cm &#8211; 5 divis\u00f5es215 x 60 x 90 cm &#8211; 6 divis\u00f5es249 x 60 x 90 cm &#8211; 7 divis\u00f5es282 x 60 x 90 cm &#8211; 8 divis\u00f5es<\/p>\n","protected":false},"featured_media":11448,"comment_status":"open","ping_status":"closed","template":"","meta":[],"product_brand":[],"product_cat":[401],"product_tag":[],"class_list":{"0":"post-11450","1":"product","2":"type-product","3":"status-publish","4":"has-post-thumbnail","6":"product_cat-balcao-para-self-service","8":"first","9":"instock","10":"shipping-taxable","11":"purchasable","12":"product-type-simple"},"_links":{"self":[{"href":"https:\/\/twsites.com.br\/novomigcenter\/index.php?rest_route=\/wp\/v2\/product\/11450","targetHints":{"allow":["GET"]}}],"collection":[{"href":"https:\/\/twsites.com.br\/novomigcenter\/index.php?rest_route=\/wp\/v2\/product"}],"about":[{"href":"https:\/\/twsites.com.br\/novomigcenter\/index.php?rest_route=\/wp\/v2\/types\/product"}],"replies":[{"embeddable":true,"href":"https:\/\/twsites.com.br\/novomigcenter\/index.php?rest_route=%2Fwp%2Fv2%2Fcomments&post=11450"}],"wp:featuredmedia":[{"embeddable":true,"href":"https:\/\/twsites.com.br\/novomigcenter\/index.php?rest_route=\/wp\/v2\/media\/11448"}],"wp:attachment":[{"href":"https:\/\/twsites.com.br\/novomigcenter\/index.php?rest_route=%2Fwp%2Fv2%2Fmedia&parent=11450"}],"wp:term":[{"taxonomy":"product_brand","embeddable":true,"href":"https:\/\/twsites.com.br\/novomigcenter\/index.php?rest_route=%2Fwp%2Fv2%2Fproduct_brand&post=11450"},{"taxonomy":"product_cat","embeddable":true,"href":"https:\/\/twsites.com.br\/novomigcenter\/index.php?rest_route=%2Fwp%2Fv2%2Fproduct_cat&post=11450"},{"taxonomy":"product_tag","embeddable":true,"href":"https:\/\/twsites.com.br\/novomigcenter\/index.php?rest_route=%2Fwp%2Fv2%2Fproduct_tag&post=11450"}],"curies":[{"name":"wp","href":"https:\/\/api.w.org\/{rel}","templated":true}]}}