{"id":11488,"date":"2017-07-28T15:08:27","date_gmt":"2017-07-28T15:08:27","guid":{"rendered":"https:\/\/twsites.com.br\/novomigcenter\/?product=pzsib-ibet"},"modified":"2017-07-28T15:08:27","modified_gmt":"2017-07-28T15:08:27","slug":"pzsib-ibet","status":"publish","type":"product","link":"https:\/\/twsites.com.br\/novomigcenter\/?product=pzsib-ibet","title":{"rendered":"Pizzarola Seca &#8211; Ibet"},"content":{"rendered":"<p><font face=\"Arial\">Constru\u00edda em a\u00e7o inox, cubas gastron\u00f4micas (GNs) em a\u00e7o AISI304.<\/font><\/p>\n","protected":false},"excerpt":{"rendered":"<p>Constru\u00edda em a\u00e7o inox, cubas gastron\u00f4micas (GNs) em a\u00e7o AISI304.<\/p>\n","protected":false},"featured_media":11487,"comment_status":"open","ping_status":"closed","template":"","meta":[],"product_brand":[],"product_cat":[355],"product_tag":[],"class_list":{"0":"post-11488","1":"product","2":"type-product","3":"status-publish","4":"has-post-thumbnail","6":"product_cat-pizzarola","8":"first","9":"instock","10":"shipping-taxable","11":"purchasable","12":"product-type-simple"},"_links":{"self":[{"href":"https:\/\/twsites.com.br\/novomigcenter\/index.php?rest_route=\/wp\/v2\/product\/11488","targetHints":{"allow":["GET"]}}],"collection":[{"href":"https:\/\/twsites.com.br\/novomigcenter\/index.php?rest_route=\/wp\/v2\/product"}],"about":[{"href":"https:\/\/twsites.com.br\/novomigcenter\/index.php?rest_route=\/wp\/v2\/types\/product"}],"replies":[{"embeddable":true,"href":"https:\/\/twsites.com.br\/novomigcenter\/index.php?rest_route=%2Fwp%2Fv2%2Fcomments&post=11488"}],"wp:featuredmedia":[{"embeddable":true,"href":"https:\/\/twsites.com.br\/novomigcenter\/index.php?rest_route=\/wp\/v2\/media\/11487"}],"wp:attachment":[{"href":"https:\/\/twsites.com.br\/novomigcenter\/index.php?rest_route=%2Fwp%2Fv2%2Fmedia&parent=11488"}],"wp:term":[{"taxonomy":"product_brand","embeddable":true,"href":"https:\/\/twsites.com.br\/novomigcenter\/index.php?rest_route=%2Fwp%2Fv2%2Fproduct_brand&post=11488"},{"taxonomy":"product_cat","embeddable":true,"href":"https:\/\/twsites.com.br\/novomigcenter\/index.php?rest_route=%2Fwp%2Fv2%2Fproduct_cat&post=11488"},{"taxonomy":"product_tag","embeddable":true,"href":"https:\/\/twsites.com.br\/novomigcenter\/index.php?rest_route=%2Fwp%2Fv2%2Fproduct_tag&post=11488"}],"curies":[{"name":"wp","href":"https:\/\/api.w.org\/{rel}","templated":true}]}}