{"id":11490,"date":"2017-07-28T15:10:02","date_gmt":"2017-07-28T15:10:02","guid":{"rendered":"https:\/\/twsites.com.br\/novomigcenter\/?product=pizzarolla-pzrib"},"modified":"2017-07-28T15:10:02","modified_gmt":"2017-07-28T15:10:02","slug":"pizzarolla-pzrib","status":"publish","type":"product","link":"https:\/\/twsites.com.br\/novomigcenter\/?product=pizzarolla-pzrib","title":{"rendered":"Pizzarola Refrigerada &#8211; Ibet"},"content":{"rendered":"<p><span style=\"color: #808080; font-size: medium;\">Constru\u00edda em a\u00e7o escovado, possui cubas gastron\u00f4micas (GNs) em a\u00e7o AISI304 e ilumina\u00e7\u00e3o. <\/span><\/p>\n<p><span style=\"color: #808080; font-size: medium;\">O resfriamento ocorre em ambos os compartimentos atrav\u00e9s de compressor herm\u00e9tico 1\/6.<\/span><\/p>\n","protected":false},"excerpt":{"rendered":"<p>Constru\u00edda em a\u00e7o escovado, possui cubas gastron\u00f4micas (GNs) em a\u00e7o AISI304 e ilumina\u00e7\u00e3o. O resfriamento ocorre em ambos os compartimentos atrav\u00e9s de compressor herm\u00e9tico 1\/6.<\/p>\n","protected":false},"featured_media":11489,"comment_status":"open","ping_status":"closed","template":"","meta":[],"product_brand":[],"product_cat":[355,436],"product_tag":[],"class_list":{"0":"post-11490","1":"product","2":"type-product","3":"status-publish","4":"has-post-thumbnail","6":"product_cat-pizzarola","7":"product_cat-cozinha","9":"first","10":"instock","11":"shipping-taxable","12":"purchasable","13":"product-type-simple"},"_links":{"self":[{"href":"https:\/\/twsites.com.br\/novomigcenter\/index.php?rest_route=\/wp\/v2\/product\/11490","targetHints":{"allow":["GET"]}}],"collection":[{"href":"https:\/\/twsites.com.br\/novomigcenter\/index.php?rest_route=\/wp\/v2\/product"}],"about":[{"href":"https:\/\/twsites.com.br\/novomigcenter\/index.php?rest_route=\/wp\/v2\/types\/product"}],"replies":[{"embeddable":true,"href":"https:\/\/twsites.com.br\/novomigcenter\/index.php?rest_route=%2Fwp%2Fv2%2Fcomments&post=11490"}],"wp:featuredmedia":[{"embeddable":true,"href":"https:\/\/twsites.com.br\/novomigcenter\/index.php?rest_route=\/wp\/v2\/media\/11489"}],"wp:attachment":[{"href":"https:\/\/twsites.com.br\/novomigcenter\/index.php?rest_route=%2Fwp%2Fv2%2Fmedia&parent=11490"}],"wp:term":[{"taxonomy":"product_brand","embeddable":true,"href":"https:\/\/twsites.com.br\/novomigcenter\/index.php?rest_route=%2Fwp%2Fv2%2Fproduct_brand&post=11490"},{"taxonomy":"product_cat","embeddable":true,"href":"https:\/\/twsites.com.br\/novomigcenter\/index.php?rest_route=%2Fwp%2Fv2%2Fproduct_cat&post=11490"},{"taxonomy":"product_tag","embeddable":true,"href":"https:\/\/twsites.com.br\/novomigcenter\/index.php?rest_route=%2Fwp%2Fv2%2Fproduct_tag&post=11490"}],"curies":[{"name":"wp","href":"https:\/\/api.w.org\/{rel}","templated":true}]}}