{"id":11492,"date":"2017-07-28T15:16:28","date_gmt":"2017-07-28T15:16:28","guid":{"rendered":"https:\/\/twsites.com.br\/novomigcenter\/?product=forno-combinado-4-gns-1-1-aquecimento-eletrico-croydon"},"modified":"2017-07-28T15:16:28","modified_gmt":"2017-07-28T15:16:28","slug":"forno-combinado-4-gns-1-1-aquecimento-eletrico-croydon","status":"publish","type":"product","link":"https:\/\/twsites.com.br\/novomigcenter\/?product=forno-combinado-4-gns-1-1-aquecimento-eletrico-croydon","title":{"rendered":"Forno Combinado 4 GNs 1\/1 (aquecimento el\u00e9trico) &#8211; Croydon"},"content":{"rendered":"<div class=\"col-md-7\">\n<div class=\"box-descricao-tecnica\">\n<h3 style=\"margin: 0cm 0cm 6.75pt; background-image: initial; background-position: initial; background-size: initial; background-repeat: initial; background-attachment: initial; background-origin: initial; background-clip: initial;\"><span style=\"font-size: 14pt;\"><font face=\"Arial\"><b style=\"\"><span style=\"font-size: 14px;\">Dados T\u00e9cnicos<\/span><\/b><o:p><\/o:p><\/font><\/span><\/h3>\n<h3><span style=\"font-size: 14px;\">  <\/span><\/p>\n<p style=\"margin: 0cm 0cm 6.75pt; background-image: initial; background-position: initial; background-size: initial; background-repeat: initial; background-attachment: initial; background-origin: initial; background-clip: initial;\"><span style=\"font-size: 14pt;\"><font face=\"Arial\"><span style=\"font-size: 14px;\">Tens\u00e3o de Alimenta\u00e7\u00e3o El\u00e9trica VCA &#8211; 60Hz:&nbsp; 220 MONO<\/span><o:p><\/o:p><\/font><\/span><\/p>\n<p><span style=\"font-size: 14px;\">  <\/span><\/p>\n<p style=\"margin: 0cm 0cm 6.75pt; background-image: initial; background-position: initial; background-size: initial; background-repeat: initial; background-attachment: initial; background-origin: initial; background-clip: initial;\"><font face=\"Arial\"><b><span style=\"font-size: 14px;\">Carga El\u00e9trica Total (W):<\/span><\/b><span style=\"font-size: 14pt;\"><span style=\"font-size: 14px;\"> 6.400<\/span><o:p><\/o:p><\/span><\/font><\/p>\n<p><span style=\"font-size: 14px;\">  <\/span><\/p>\n<p style=\"margin: 0cm 0cm 6.75pt; background-image: initial; background-position: initial; background-size: initial; background-repeat: initial; background-attachment: initial; background-origin: initial; background-clip: initial;\"><font face=\"Arial\"><b><span style=\"font-size: 14px;\">Pot\u00eancia T\u00e9rmica&nbsp; (kw):<\/span><\/b><span style=\"font-size: 14pt;\"><span style=\"font-size: 14px;\"> 6<\/span><o:p><\/o:p><\/span><\/font><\/p>\n<p><span style=\"font-size: 14px;\">  <\/span><\/p>\n<p style=\"margin: 0cm 0cm 6.75pt; background-image: initial; background-position: initial; background-size: initial; background-repeat: initial; background-attachment: initial; background-origin: initial; background-clip: initial;\"><font face=\"Arial\"><b><span style=\"font-size: 14px;\">Altura:<\/span><\/b><span style=\"font-size: 14pt;\"><span style=\"font-size: 14px;\"> 60cm<\/span><br \/><span style=\"font-size: 14px;\"> <\/span><b><span style=\"font-size: 14px;\">Largura:<\/span><\/b><span style=\"font-size: 14px;\">&nbsp; 78cm<\/span><br \/><span style=\"font-size: 14px;\"> <\/span><b><span style=\"font-size: 14px;\">Profundidade:<\/span><\/b><span style=\"font-size: 14px;\"> 82cm<\/span><o:p><\/o:p><\/span><\/font><\/p>\n<p><span style=\"font-size: 14px;\">  <\/span><\/p>\n<p style=\"margin: 0cm 0cm 6.75pt; background-image: initial; background-position: initial; background-size: initial; background-repeat: initial; background-attachment: initial; background-origin: initial; background-clip: initial;\"><font face=\"Arial\"><b><span style=\"font-size: 14px;\">Espa\u00e7o Entre Bandejas (cm):<\/span><\/b><span style=\"font-size: 14pt;\"><span style=\"font-size: 14px;\"> 7<\/span><o:p><\/o:p><\/span><\/font><\/p>\n<p><span style=\"font-size: 14px;\">  <\/span><\/p>\n<p style=\"margin: 0cm 0cm 6.75pt; background-image: initial; background-position: initial; background-size: initial; background-repeat: initial; background-attachment: initial; background-origin: initial; background-clip: initial;\"><font face=\"Arial\"><b><span style=\"font-size: 14px;\">Capacidade em GN 1\/1:<\/span><\/b><span style=\"font-size: 14pt;\"><span style=\"font-size: 14px;\"> 4<\/span><o:p><\/o:p><\/span><\/font><\/p>\n<p><span style=\"font-size: 14px;\">  <\/span><\/p>\n<p style=\"margin: 0cm 0cm 6.75pt; background-image: initial; background-position: initial; background-size: initial; background-repeat: initial; background-attachment: initial; background-origin: initial; background-clip: initial;\"><font face=\"Arial\"><b><span style=\"font-size: 14px;\">Quantidade de Refei\u00e7\u00f5es (x turno):<\/span><\/b><span style=\"font-size: 14pt;\"><span style=\"font-size: 14px;\"> 160<\/span><\/span><\/font><\/p>\n<p><span style=\"font-size: 14px;\">  <\/span><\/p>\n<p style=\"margin: 0cm 0cm 6.75pt; background-image: initial; background-position: initial; background-size: initial; background-repeat: initial; background-attachment: initial; background-origin: initial; background-clip: initial;\"><font face=\"Arial\"><b><span style=\"font-size: 14px;\">Produ\u00e7\u00e3o:<\/span><\/b><span style=\"font-size: 14pt;\"><span style=\"font-size: 14px;\">&nbsp;<\/span><br \/><span style=\"font-size: 14px;\"> Frangos= 6 p\u00e7s&nbsp; Arroz= 20 kg&nbsp; Legumes= 14 kg<\/span><o:p><\/o:p><\/span><\/font><\/p>\n<p><span style=\"font-size: 14px;\">  <\/span><\/p>\n<p style=\"margin: 0cm 0cm 6.75pt; background-image: initial; background-position: initial; background-size: initial; background-repeat: initial; background-attachment: initial; background-origin: initial; background-clip: initial;\"><span style=\"font-size: 14pt;\"><font face=\"Arial\"><span style=\"font-size: 14px;\">Produ\u00e7\u00e3o de P\u00e3es\/hora (50 g): 256 p\u00e7s<\/span><o:p><\/o:p><\/font><\/span><\/p>\n<p><span style=\"font-size: 14px;\">  <\/span><\/p>\n<p style=\"margin: 0cm 0cm 6.75pt; background-image: initial; background-position: initial; background-size: initial; background-repeat: initial; background-attachment: initial; background-origin: initial; background-clip: initial;\"><span style=\"font-size: 14pt;\"><font face=\"Arial\"><span style=\"font-size: 14px;\">*Consumo de&nbsp;<\/span><br \/><span style=\"font-size: 14px;\"> Energia El\u00e9trica\/hora (kW\/h): 4,2<\/span><o:p><\/o:p><\/font><\/span><\/p>\n<p><span style=\"font-size: 14px;\">  <\/span><\/p>\n<p style=\"margin: 0cm 0cm 6.75pt; background-image: initial; background-position: initial; background-size: initial; background-repeat: initial; background-attachment: initial; background-origin: initial; background-clip: initial;\"><span style=\"font-size: 14pt;\"><font face=\"Arial\"><span style=\"font-size: 14px;\">Consumo de \u00c1gua em<\/span><br \/><span style=\"font-size: 14px;\"> Combinado M\u00e9dio (l\/hora<\/span><\/font><\/span><span style=\"font-size: 10pt;\"><font face=\"Arial\"><span style=\"font-size: 14px;\">): 1,2<\/span><\/font><font face=\"Arial, sans-serif\"><o:p><\/o:p><\/font><\/span><\/p>\n<p class=\"MsoNormal\"><span style=\"font-size:14.0pt;line-height:107%;font-family: &quot;Arial Narrow&quot;,&quot;sans-serif&quot;\"><o:p>&nbsp;<\/o:p><\/span><\/p>\n<\/h3>\n<p><span style=\"font-size: smaller;\">*somente para aquecimento, baseado em 70% do consumo nominal<\/span><\/p>\n<\/p><\/div>\n<\/p><\/div>\n","protected":false},"excerpt":{"rendered":"<p>Dados T\u00e9cnicos Tens\u00e3o de Alimenta\u00e7\u00e3o El\u00e9trica VCA &#8211; 60Hz:&nbsp; 220 MONO Carga El\u00e9trica Total (W): 6.400 Pot\u00eancia T\u00e9rmica&nbsp; (kw): 6 Altura: 60cm Largura:&nbsp; 78cm Profundidade: 82cm Espa\u00e7o Entre Bandejas (cm): 7 Capacidade em GN 1\/1: 4 Quantidade de Refei\u00e7\u00f5es (x turno): 160 Produ\u00e7\u00e3o:&nbsp; Frangos= 6 p\u00e7s&nbsp; Arroz= 20 kg&nbsp; Legumes= 14 kg Produ\u00e7\u00e3o de P\u00e3es\/hora [&hellip;]<\/p>\n","protected":false},"featured_media":11491,"comment_status":"open","ping_status":"closed","template":"","meta":[],"product_brand":[],"product_cat":[392],"product_tag":[],"class_list":{"0":"post-11492","1":"product","2":"type-product","3":"status-publish","4":"has-post-thumbnail","6":"product_cat-forno-combinado-eletrico","8":"first","9":"instock","10":"shipping-taxable","11":"purchasable","12":"product-type-simple"},"_links":{"self":[{"href":"https:\/\/twsites.com.br\/novomigcenter\/index.php?rest_route=\/wp\/v2\/product\/11492","targetHints":{"allow":["GET"]}}],"collection":[{"href":"https:\/\/twsites.com.br\/novomigcenter\/index.php?rest_route=\/wp\/v2\/product"}],"about":[{"href":"https:\/\/twsites.com.br\/novomigcenter\/index.php?rest_route=\/wp\/v2\/types\/product"}],"replies":[{"embeddable":true,"href":"https:\/\/twsites.com.br\/novomigcenter\/index.php?rest_route=%2Fwp%2Fv2%2Fcomments&post=11492"}],"wp:featuredmedia":[{"embeddable":true,"href":"https:\/\/twsites.com.br\/novomigcenter\/index.php?rest_route=\/wp\/v2\/media\/11491"}],"wp:attachment":[{"href":"https:\/\/twsites.com.br\/novomigcenter\/index.php?rest_route=%2Fwp%2Fv2%2Fmedia&parent=11492"}],"wp:term":[{"taxonomy":"product_brand","embeddable":true,"href":"https:\/\/twsites.com.br\/novomigcenter\/index.php?rest_route=%2Fwp%2Fv2%2Fproduct_brand&post=11492"},{"taxonomy":"product_cat","embeddable":true,"href":"https:\/\/twsites.com.br\/novomigcenter\/index.php?rest_route=%2Fwp%2Fv2%2Fproduct_cat&post=11492"},{"taxonomy":"product_tag","embeddable":true,"href":"https:\/\/twsites.com.br\/novomigcenter\/index.php?rest_route=%2Fwp%2Fv2%2Fproduct_tag&post=11492"}],"curies":[{"name":"wp","href":"https:\/\/api.w.org\/{rel}","templated":true}]}}