{"id":11494,"date":"2017-07-28T15:18:32","date_gmt":"2017-07-28T15:18:32","guid":{"rendered":"https:\/\/twsites.com.br\/novomigcenter\/?product=forno-combinado-6-gns-1-1-aquecimento-eletrico-croydon"},"modified":"2017-07-28T15:18:32","modified_gmt":"2017-07-28T15:18:32","slug":"forno-combinado-6-gns-1-1-aquecimento-eletrico-croydon","status":"publish","type":"product","link":"https:\/\/twsites.com.br\/novomigcenter\/?product=forno-combinado-6-gns-1-1-aquecimento-eletrico-croydon","title":{"rendered":"Forno Combinado 6 GNs 1\/1 (aquecimento el\u00e9trico)- Croydon"},"content":{"rendered":"<div class=\"col-md-7\">\n<div class=\"box-descricao-tecnica\">\n<h3>Dados T\u00e9cnicos<\/h3>\n<p>Tens\u00e3o de Alimenta\u00e7\u00e3o<br \/> &nbsp;El\u00e9trica VCA &#8211; 60Hz:&nbsp; 220 TRI\/380 TRI+N<\/p>\n<p>Carga El\u00e9trica Total (W): 9.635<\/p>\n<p>Pot\u00eancia T\u00e9rmica&nbsp; (kw): 9<\/p>\n<p>Altura (c\/ base): 80 (150)cm<br \/> Largura:&nbsp; 92,4cm<br \/> Profundidade: 81,7cm<\/p>\n<p>Espa\u00e7o Entre Bandejas (cm): 7<\/p>\n<p>Capacidade em GN 1\/1: 6<\/p>\n<p>Quantidade de Refei\u00e7\u00f5es (x turno): 240<\/p>\n<p>Produ\u00e7\u00e3o: <br \/> Frangos=12 p\u00e7s&nbsp; Arroz= 30 kg&nbsp; Legumes= 21 kg<\/p>\n<p>Produ\u00e7\u00e3o De P\u00e3es\/hora (50 g): 384 p\u00e7s<\/p>\n<p>*Consumo de <br \/> Energia El\u00e9trica\/hora (kW\/h): 6,3<\/p>\n<p>Consumo de \u00c1gua em<br \/> Combinado M\u00e9dio (l\/hora): 1,37<\/p>\n<p><span style=\"font-size: smaller;\"><br \/> <\/span><\/p>\n<p><span style=\"font-size: smaller;\">*somente para aquecimento, baseado em 70% do consumo nominal<\/span><\/p>\n<\/p><\/div>\n<\/p><\/div>\n","protected":false},"excerpt":{"rendered":"<p>Dados T\u00e9cnicos Tens\u00e3o de Alimenta\u00e7\u00e3o &nbsp;El\u00e9trica VCA &#8211; 60Hz:&nbsp; 220 TRI\/380 TRI+N Carga El\u00e9trica Total (W): 9.635 Pot\u00eancia T\u00e9rmica&nbsp; (kw): 9 Altura (c\/ base): 80 (150)cm Largura:&nbsp; 92,4cm Profundidade: 81,7cm Espa\u00e7o Entre Bandejas (cm): 7 Capacidade em GN 1\/1: 6 Quantidade de Refei\u00e7\u00f5es (x turno): 240 Produ\u00e7\u00e3o: Frangos=12 p\u00e7s&nbsp; Arroz= 30 kg&nbsp; Legumes= 21 kg [&hellip;]<\/p>\n","protected":false},"featured_media":11493,"comment_status":"open","ping_status":"closed","template":"","meta":[],"product_brand":[],"product_cat":[392],"product_tag":[],"class_list":{"0":"post-11494","1":"product","2":"type-product","3":"status-publish","4":"has-post-thumbnail","6":"product_cat-forno-combinado-eletrico","8":"first","9":"instock","10":"shipping-taxable","11":"purchasable","12":"product-type-simple"},"_links":{"self":[{"href":"https:\/\/twsites.com.br\/novomigcenter\/index.php?rest_route=\/wp\/v2\/product\/11494","targetHints":{"allow":["GET"]}}],"collection":[{"href":"https:\/\/twsites.com.br\/novomigcenter\/index.php?rest_route=\/wp\/v2\/product"}],"about":[{"href":"https:\/\/twsites.com.br\/novomigcenter\/index.php?rest_route=\/wp\/v2\/types\/product"}],"replies":[{"embeddable":true,"href":"https:\/\/twsites.com.br\/novomigcenter\/index.php?rest_route=%2Fwp%2Fv2%2Fcomments&post=11494"}],"wp:featuredmedia":[{"embeddable":true,"href":"https:\/\/twsites.com.br\/novomigcenter\/index.php?rest_route=\/wp\/v2\/media\/11493"}],"wp:attachment":[{"href":"https:\/\/twsites.com.br\/novomigcenter\/index.php?rest_route=%2Fwp%2Fv2%2Fmedia&parent=11494"}],"wp:term":[{"taxonomy":"product_brand","embeddable":true,"href":"https:\/\/twsites.com.br\/novomigcenter\/index.php?rest_route=%2Fwp%2Fv2%2Fproduct_brand&post=11494"},{"taxonomy":"product_cat","embeddable":true,"href":"https:\/\/twsites.com.br\/novomigcenter\/index.php?rest_route=%2Fwp%2Fv2%2Fproduct_cat&post=11494"},{"taxonomy":"product_tag","embeddable":true,"href":"https:\/\/twsites.com.br\/novomigcenter\/index.php?rest_route=%2Fwp%2Fv2%2Fproduct_tag&post=11494"}],"curies":[{"name":"wp","href":"https:\/\/api.w.org\/{rel}","templated":true}]}}