{"id":11496,"date":"2017-07-28T15:21:02","date_gmt":"2017-07-28T15:21:02","guid":{"rendered":"https:\/\/twsites.com.br\/novomigcenter\/?product=forno-combinado-6-gns-2-1-aquecimento-eletrico-croydon"},"modified":"2017-07-28T15:21:02","modified_gmt":"2017-07-28T15:21:02","slug":"forno-combinado-6-gns-2-1-aquecimento-eletrico-croydon","status":"publish","type":"product","link":"https:\/\/twsites.com.br\/novomigcenter\/?product=forno-combinado-6-gns-2-1-aquecimento-eletrico-croydon","title":{"rendered":"Forno Combinado 6 GNs 2\/1 (aquecimento el\u00e9trico) &#8211; Croydon"},"content":{"rendered":"<div class=\"col-md-7\">\n<div class=\"box-descricao-tecnica\">\n<h3>Dados T\u00e9cnicos<\/h3>\n<p>Tens\u00e3o de Alimenta\u00e7\u00e3o<br \/> &nbsp;El\u00e9trica VCA &#8211; 60Hz:&nbsp; 220 TRI\/380 TRI+N<\/p>\n<p>Carga El\u00e9trica Total (W): 15.635<\/p>\n<p>Pot\u00eancia T\u00e9rmica&nbsp; (kw): 15<\/p>\n<p>Altura (c\/ base): 80 (150)cm<br \/> Largura:&nbsp; 115,2cm<br \/> Profundidade:&nbsp; 89,1cm<\/p>\n<p>Espa\u00e7o Entre Bandejas (cm): 7<\/p>\n<p>Capacidade em GN 1\/1(GN 2\/1): 12 (6)<\/p>\n<p>Quantidade de Refei\u00e7\u00f5es (x turno): 480<\/p>\n<p>Produ\u00e7\u00e3o: <br \/> Frangos=24 p\u00e7s&nbsp; Arroz= 60 kg&nbsp; Legumes= 42 kg<\/p>\n<p>Produ\u00e7\u00e3o De P\u00e3es\/hora (50 g): 768 p\u00e7s<\/p>\n<p>*Consumo de <br \/> Energia El\u00e9trica\/hora (kW\/h): 10,5<\/p>\n<p>Consumo de \u00c1gua em<br \/> Combinado M\u00e9dio (l\/hora): 1,37<\/p>\n<p><span style=\"font-size: smaller;\"><br \/> <\/span><\/p>\n<p><span style=\"font-size: smaller;\">*somente para aquecimento, baseado em 70% do consumo nominal<\/span><\/p>\n<\/p><\/div>\n<\/p><\/div>\n","protected":false},"excerpt":{"rendered":"<p>Dados T\u00e9cnicos Tens\u00e3o de Alimenta\u00e7\u00e3o &nbsp;El\u00e9trica VCA &#8211; 60Hz:&nbsp; 220 TRI\/380 TRI+N Carga El\u00e9trica Total (W): 15.635 Pot\u00eancia T\u00e9rmica&nbsp; (kw): 15 Altura (c\/ base): 80 (150)cm Largura:&nbsp; 115,2cm Profundidade:&nbsp; 89,1cm Espa\u00e7o Entre Bandejas (cm): 7 Capacidade em GN 1\/1(GN 2\/1): 12 (6) Quantidade de Refei\u00e7\u00f5es (x turno): 480 Produ\u00e7\u00e3o: Frangos=24 p\u00e7s&nbsp; Arroz= 60 kg&nbsp; Legumes= [&hellip;]<\/p>\n","protected":false},"featured_media":11495,"comment_status":"open","ping_status":"closed","template":"","meta":[],"product_brand":[],"product_cat":[392],"product_tag":[],"class_list":{"0":"post-11496","1":"product","2":"type-product","3":"status-publish","4":"has-post-thumbnail","6":"product_cat-forno-combinado-eletrico","8":"first","9":"instock","10":"shipping-taxable","11":"purchasable","12":"product-type-simple"},"_links":{"self":[{"href":"https:\/\/twsites.com.br\/novomigcenter\/index.php?rest_route=\/wp\/v2\/product\/11496","targetHints":{"allow":["GET"]}}],"collection":[{"href":"https:\/\/twsites.com.br\/novomigcenter\/index.php?rest_route=\/wp\/v2\/product"}],"about":[{"href":"https:\/\/twsites.com.br\/novomigcenter\/index.php?rest_route=\/wp\/v2\/types\/product"}],"replies":[{"embeddable":true,"href":"https:\/\/twsites.com.br\/novomigcenter\/index.php?rest_route=%2Fwp%2Fv2%2Fcomments&post=11496"}],"wp:featuredmedia":[{"embeddable":true,"href":"https:\/\/twsites.com.br\/novomigcenter\/index.php?rest_route=\/wp\/v2\/media\/11495"}],"wp:attachment":[{"href":"https:\/\/twsites.com.br\/novomigcenter\/index.php?rest_route=%2Fwp%2Fv2%2Fmedia&parent=11496"}],"wp:term":[{"taxonomy":"product_brand","embeddable":true,"href":"https:\/\/twsites.com.br\/novomigcenter\/index.php?rest_route=%2Fwp%2Fv2%2Fproduct_brand&post=11496"},{"taxonomy":"product_cat","embeddable":true,"href":"https:\/\/twsites.com.br\/novomigcenter\/index.php?rest_route=%2Fwp%2Fv2%2Fproduct_cat&post=11496"},{"taxonomy":"product_tag","embeddable":true,"href":"https:\/\/twsites.com.br\/novomigcenter\/index.php?rest_route=%2Fwp%2Fv2%2Fproduct_tag&post=11496"}],"curies":[{"name":"wp","href":"https:\/\/api.w.org\/{rel}","templated":true}]}}