{"id":11500,"date":"2017-07-28T15:25:29","date_gmt":"2017-07-28T15:25:29","guid":{"rendered":"https:\/\/twsites.com.br\/novomigcenter\/?product=forno-combinado-10-gns-2-1-aquecimento-eletrico-croydon"},"modified":"2017-07-28T15:25:29","modified_gmt":"2017-07-28T15:25:29","slug":"forno-combinado-10-gns-2-1-aquecimento-eletrico-croydon","status":"publish","type":"product","link":"https:\/\/twsites.com.br\/novomigcenter\/?product=forno-combinado-10-gns-2-1-aquecimento-eletrico-croydon","title":{"rendered":"Forno Combinado 10 GNs 2\/1 (aquecimento el\u00e9trico) &#8211; Croydon"},"content":{"rendered":"<h3 style=\"margin-top:0cm;margin-right:0cm;margin-bottom:6.75pt;margin-left: 0cm\"><span style=\"font-size: 14pt;\"><font face=\"Arial\"><span style=\"font-size: 14px;\">Dados T\u00e9cnicos<\/span><o:p><\/o:p><\/font><\/span><\/h3>\n<h3><span style=\"font-size: 14px;\">  <\/span><\/p>\n<p class=\"MsoNormal\"><span style=\"font-size: 14pt; line-height: 107%;\"><font face=\"Arial\"><span style=\"font-size: 14px;\">Tens\u00e3o de Alimenta\u00e7\u00e3o El\u00e9trica VCA &#8211; 60Hz:&nbsp; 220 TRI\/380 TRI+N<\/span><o:p><\/o:p><\/font><\/span><\/p>\n<p><span style=\"font-size: 14px;\">  <\/span><\/p>\n<p class=\"MsoNormal\"><font face=\"Arial\"><b><span style=\"font-size: 14px; line-height: 107%;\">Carga El\u00e9trica Total (W):<\/span><\/b><span style=\"font-size: 14pt; line-height: 107%;\"><span style=\"font-size: 14px;\"> 21.882<\/span><o:p><\/o:p><\/span><\/font><\/p>\n<p><span style=\"font-size: 14px;\">  <\/span><\/p>\n<p class=\"MsoNormal\"><font face=\"Arial\"><b><span style=\"font-size: 14px; line-height: 107%;\">Pot\u00eancia T\u00e9rmica&nbsp; (kw):<\/span><\/b><span style=\"font-size: 14pt; line-height: 107%;\"><span style=\"font-size: 14px;\"> 21<\/span><o:p><\/o:p><\/span><\/font><\/p>\n<p><span style=\"font-size: 14px;\">  <\/span><\/p>\n<p class=\"MsoNormal\"><font face=\"Arial\"><b><span style=\"font-size: 14px; line-height: 107%;\">Altura (c\/ base):<\/span><\/b><span style=\"font-size: 14pt; line-height: 107%;\"><span style=\"font-size: 14px;\"> 108 (150)cm<\/span><br \/><span style=\"font-size: 14px;\"> <\/span><b><span style=\"font-size: 14px;\">Largura:<\/span><\/b><span style=\"font-size: 14px;\">&nbsp; 124 cm<\/span><o:p><\/o:p><\/span><\/font><\/p>\n<p><span style=\"font-size: 14px;\">  <\/span><\/p>\n<p class=\"MsoNormal\"><font face=\"Arial\"><b><span style=\"font-size: 14px; line-height: 107%;\">Profundidade:<\/span><\/b><span style=\"font-size: 14pt; line-height: 107%;\"><span style=\"font-size: 14px;\">&nbsp; 89,1 cm<\/span><o:p><\/o:p><\/span><\/font><\/p>\n<p><span style=\"font-size: 14px;\">  <\/span><\/p>\n<p class=\"MsoNormal\"><font face=\"Arial\"><b><span style=\"font-size: 14px; line-height: 107%;\">Espa\u00e7o Entre Bandejas (cm):<\/span><\/b><span style=\"font-size: 14pt; line-height: 107%;\"><span style=\"font-size: 14px;\"> 7<\/span><o:p><\/o:p><\/span><\/font><\/p>\n<p><span style=\"font-size: 14px;\">  <\/span><\/p>\n<p class=\"MsoNormal\"><font face=\"Arial\"><b><span style=\"font-size: 14px; line-height: 107%;\">Capacidade em GN 1\/1(GN 2\/1):<\/span><\/b><span style=\"font-size: 14pt; line-height: 107%;\"><span style=\"font-size: 14px;\"> 20(10)<\/span><o:p><\/o:p><\/span><\/font><\/p>\n<p><span style=\"font-size: 14px;\">  <\/span><\/p>\n<p class=\"MsoNormal\"><font face=\"Arial\"><b><span style=\"font-size: 14px; line-height: 107%;\">Quantidade de Refei\u00e7\u00f5es (x turno):<\/span><\/b><span style=\"font-size: 14pt; line-height: 107%;\"><span style=\"font-size: 14px;\"> 800<\/span><o:p><\/o:p><\/span><\/font><\/p>\n<p><span style=\"font-size: 14px;\">  <\/span><\/p>\n<p class=\"MsoNormal\"><b><span style=\"font-size: 14px; line-height: 107%;\"><o:p><font face=\"Arial\">&nbsp;<\/font><\/o:p><\/span><\/b><\/p>\n<p><span style=\"font-size: 14px;\">  <\/span><\/p>\n<p class=\"MsoNormal\"><font face=\"Arial\"><b><span style=\"font-size: 14px; line-height: 107%;\">Produ\u00e7\u00e3o:<\/span><\/b><span style=\"font-size: 14pt; line-height: 107%;\"><span style=\"font-size: 14px;\">&nbsp;<\/span><br \/><span style=\"font-size: 14px;\"> Frangos=36 p\u00e7s&nbsp; Arroz= 100 kg&nbsp; Legumes= 70 kg<\/span><o:p><\/o:p><\/span><\/font><\/p>\n<p><span style=\"font-size: 14px;\">  <\/span><\/p>\n<p class=\"MsoNormal\"><span style=\"font-size: 14pt; line-height: 107%;\"><font face=\"Arial\"><span style=\"font-size: 14px;\">Produ\u00e7\u00e3o de P\u00e3es\/hora (50 g): 1.280 p\u00e7s<\/span><o:p><\/o:p><\/font><\/span><\/p>\n<p><span style=\"font-size: 14px;\">  <\/span><\/p>\n<p class=\"MsoNormal\"><span style=\"font-size: 14pt; line-height: 107%;\"><font face=\"Arial\"><span style=\"font-size: 14px;\">*Consumo de&nbsp;Energia El\u00e9trica\/hora (kW\/h): 14,15<\/span><o:p><\/o:p><\/font><\/span><\/p>\n<p><span style=\"font-size: 14px;\">  <\/span><\/p>\n<p class=\"MsoNormal\"><span style=\"font-size: 14pt; line-height: 107%;\"><font face=\"Arial\"><span style=\"font-size: 14px;\">Consumo de \u00c1gua em Combinado M\u00e9dio (l\/hora): 1,54<\/span><o:p><\/o:p><\/font><\/span><\/p>\n<p><span style=\"font-size: 14px;\">  <\/span><\/p>\n<p class=\"MsoNormal\"><span style=\"font-size: 14pt; line-height: 107%;\"><span style=\"font-size: 10px; color: inherit;\"><font face=\"Arial\">*somente para aquecimento, baseado em 70% do consumo nominal<\/font><\/span><br \/><\/span><\/p>\n<p class=\"MsoNormal\"><o:p><\/o:p><\/p>\n<\/h3>\n","protected":false},"excerpt":{"rendered":"<p>Dados T\u00e9cnicos Tens\u00e3o de Alimenta\u00e7\u00e3o El\u00e9trica VCA &#8211; 60Hz:&nbsp; 220 TRI\/380 TRI+N Carga El\u00e9trica Total (W): 21.882 Pot\u00eancia T\u00e9rmica&nbsp; (kw): 21 Altura (c\/ base): 108 (150)cm Largura:&nbsp; 124 cm Profundidade:&nbsp; 89,1 cm Espa\u00e7o Entre Bandejas (cm): 7 Capacidade em GN 1\/1(GN 2\/1): 20(10) Quantidade de Refei\u00e7\u00f5es (x turno): 800 &nbsp; Produ\u00e7\u00e3o:&nbsp; Frangos=36 p\u00e7s&nbsp; Arroz= 100 [&hellip;]<\/p>\n","protected":false},"featured_media":11499,"comment_status":"open","ping_status":"closed","template":"","meta":[],"product_brand":[],"product_cat":[392],"product_tag":[],"class_list":{"0":"post-11500","1":"product","2":"type-product","3":"status-publish","4":"has-post-thumbnail","6":"product_cat-forno-combinado-eletrico","8":"first","9":"instock","10":"shipping-taxable","11":"purchasable","12":"product-type-simple"},"_links":{"self":[{"href":"https:\/\/twsites.com.br\/novomigcenter\/index.php?rest_route=\/wp\/v2\/product\/11500","targetHints":{"allow":["GET"]}}],"collection":[{"href":"https:\/\/twsites.com.br\/novomigcenter\/index.php?rest_route=\/wp\/v2\/product"}],"about":[{"href":"https:\/\/twsites.com.br\/novomigcenter\/index.php?rest_route=\/wp\/v2\/types\/product"}],"replies":[{"embeddable":true,"href":"https:\/\/twsites.com.br\/novomigcenter\/index.php?rest_route=%2Fwp%2Fv2%2Fcomments&post=11500"}],"wp:featuredmedia":[{"embeddable":true,"href":"https:\/\/twsites.com.br\/novomigcenter\/index.php?rest_route=\/wp\/v2\/media\/11499"}],"wp:attachment":[{"href":"https:\/\/twsites.com.br\/novomigcenter\/index.php?rest_route=%2Fwp%2Fv2%2Fmedia&parent=11500"}],"wp:term":[{"taxonomy":"product_brand","embeddable":true,"href":"https:\/\/twsites.com.br\/novomigcenter\/index.php?rest_route=%2Fwp%2Fv2%2Fproduct_brand&post=11500"},{"taxonomy":"product_cat","embeddable":true,"href":"https:\/\/twsites.com.br\/novomigcenter\/index.php?rest_route=%2Fwp%2Fv2%2Fproduct_cat&post=11500"},{"taxonomy":"product_tag","embeddable":true,"href":"https:\/\/twsites.com.br\/novomigcenter\/index.php?rest_route=%2Fwp%2Fv2%2Fproduct_tag&post=11500"}],"curies":[{"name":"wp","href":"https:\/\/api.w.org\/{rel}","templated":true}]}}