{"id":11502,"date":"2017-07-28T15:27:08","date_gmt":"2017-07-28T15:27:08","guid":{"rendered":"https:\/\/twsites.com.br\/novomigcenter\/?product=forno-combinado-6-gns-1-1-aquecimento-a-gas-croydon"},"modified":"2017-07-28T15:27:08","modified_gmt":"2017-07-28T15:27:08","slug":"forno-combinado-6-gns-1-1-aquecimento-a-gas-croydon","status":"publish","type":"product","link":"https:\/\/twsites.com.br\/novomigcenter\/?product=forno-combinado-6-gns-1-1-aquecimento-a-gas-croydon","title":{"rendered":"Forno Combinado 6 GNs 1\/1 (aquecimento a g\u00e1s)- Croydon"},"content":{"rendered":"<h3>\n<h4 style=\"margin-bottom:6.4pt;line-height:normal\">\n<p class=\"MsoNormal\" style=\"margin-bottom:6.4pt;line-height:normal;mso-outline-level: 3\"><b><span style=\"font-size: 12pt; font-family: Arial, sans-serif;\">Dados T\u00e9cnicos<o:p><\/o:p><\/span><\/b><\/p>\n<p class=\"MsoNormal\" style=\"margin-bottom:6.4pt;line-height:normal\"><b><span style=\"font-size: 12pt; font-family: Arial, sans-serif;\">Tens\u00e3o de Alimenta\u00e7\u00e3o:<\/span><\/b><span style=\"font-size: 12pt; font-family: Arial, sans-serif;\">&nbsp;El\u00e9trica VCA &#8211; 60Hz:&nbsp; 220 mono<o:p><\/o:p><\/span><\/p>\n<p class=\"MsoNormal\" style=\"margin-bottom:6.4pt;line-height:normal\"><b><span style=\"font-size: 12pt; font-family: Arial, sans-serif;\">Carga El\u00e9trica Total (W):&nbsp;<\/span><\/b><span style=\"font-size: 12pt; font-family: Arial, sans-serif;\">&nbsp;635<o:p><\/o:p><\/span><\/p>\n<p class=\"MsoNormal\" style=\"margin-bottom:6.4pt;line-height:normal\"><b><span style=\"font-size: 12pt; font-family: Arial, sans-serif;\">Pot\u00eancia T\u00e9rmica&nbsp;(kcal\/h):&nbsp;<\/span><\/b><span style=\"font-size: 12pt; font-family: Arial, sans-serif;\">14.000<o:p><\/o:p><\/span><\/p>\n<p class=\"MsoNormal\" style=\"margin-bottom:6.4pt;line-height:normal\"><b><span style=\"font-size: 12pt; font-family: Arial, sans-serif;\">Altura (c\/ base):&nbsp;<\/span><\/b><span style=\"font-size: 12pt; font-family: Arial, sans-serif;\">80 (150)cm<br \/> <b>Largura:<\/b>&nbsp; 92,4cm<br \/> <b>Profundidade:<\/b>&nbsp;81,7cm<b><o:p><\/o:p><\/b><\/span><\/p>\n<p class=\"MsoNormal\" style=\"margin-bottom:6.4pt;line-height:normal\"><b><span style=\"font-size: 12pt; font-family: Arial, sans-serif;\">Espa\u00e7o Entre Bandejas (cm):<\/span><\/b><span style=\"font-size: 12pt; font-family: Arial, sans-serif;\"> 7<o:p><\/o:p><\/span><\/p>\n<p class=\"MsoNormal\" style=\"margin-bottom:6.4pt;line-height:normal\"><b><span style=\"font-size: 12pt; font-family: Arial, sans-serif;\">Capacidade em GN 1\/1:<\/span><\/b><span style=\"font-size: 12pt; font-family: Arial, sans-serif;\"> 6<o:p><\/o:p><\/span><\/p>\n<p class=\"MsoNormal\" style=\"margin-bottom:6.4pt;line-height:normal\"><b><span style=\"font-size: 12pt; font-family: Arial, sans-serif;\">Quantidade de Refei\u00e7\u00f5es (x turno):<\/span><\/b><span style=\"font-size: 12pt; font-family: Arial, sans-serif;\"> 240<o:p><\/o:p><\/span><\/p>\n<p class=\"MsoNormal\" style=\"margin-bottom:6.4pt;line-height:normal\"><b><span style=\"font-size: 12pt; font-family: Arial, sans-serif;\">Produ\u00e7\u00e3o:<\/span><\/b><span style=\"font-size: 12pt; font-family: Arial, sans-serif;\">&nbsp;Frangos=12 p\u00e7s&nbsp; Arroz= 30 kg&nbsp; Legumes= 21 kg<o:p><\/o:p><\/span><\/p>\n<p class=\"MsoNormal\" style=\"margin-bottom:6.4pt;line-height:normal\"><b><span style=\"font-size: 12pt; font-family: Arial, sans-serif;\">Produ\u00e7\u00e3o De P\u00e3es\/hora (50 g):<\/span><\/b><span style=\"font-size: 12pt; font-family: Arial, sans-serif;\"> 384 p\u00e7s<o:p><\/o:p><\/span><\/p>\n<p class=\"MsoNormal\" style=\"margin-bottom:6.4pt;line-height:normal\"><b><span style=\"font-size: 12pt; font-family: Arial, sans-serif;\">*Consumo de G\u00e1s\/hora Natural (mc) &#8211; GLP (kg):<\/span><\/b><span style=\"font-size: 12pt; font-family: Arial, sans-serif;\"> 1,0 &#8211; 0,9<o:p><\/o:p><\/span><\/p>\n<p class=\"MsoNormal\" style=\"margin-bottom:6.4pt;line-height:normal\"><b><span style=\"font-size: 12pt; font-family: Arial, sans-serif;\">Consumo de \u00c1gua em Combinado M\u00e9dio (l\/hora):<\/span><\/b><span style=\"font-size: 12pt; font-family: Arial, sans-serif;\"> 1,37<b><o:p><\/o:p><\/b><\/span><\/p>\n<p class=\"MsoNormal\" style=\"margin-bottom:6.4pt;line-height:normal\"><span style=\"font-size: 12pt; font-family: Arial, sans-serif;\">*somente para aquecimento, baseado em 70% do consumo nominal<o:p><\/o:p><\/span><\/p>\n<\/h4>\n<p class=\"MsoNormal\" style=\"margin-bottom:6.4pt;line-height:normal;mso-outline-level: 3\"><o:p><\/o:p><\/p>\n<p class=\"MsoNormal\" style=\"margin-bottom:6.4pt;line-height:normal\"><o:p><\/o:p><\/p>\n<p class=\"MsoNormal\" style=\"margin-bottom:6.4pt;line-height:normal\"><o:p><\/o:p><\/p>\n<p class=\"MsoNormal\" style=\"margin-bottom:6.4pt;line-height:normal\"><o:p><\/o:p><\/p>\n<p class=\"MsoNormal\" style=\"margin-bottom:6.4pt;line-height:normal\"><o:p><\/o:p><\/p>\n<p class=\"MsoNormal\" style=\"margin-bottom:6.4pt;line-height:normal\"><o:p><\/o:p><\/p>\n<p class=\"MsoNormal\" style=\"margin-bottom:6.4pt;line-height:normal\"><o:p><\/o:p><\/p>\n<p class=\"MsoNormal\" style=\"margin-bottom:6.4pt;line-height:normal\"><o:p><\/o:p><\/p>\n<p class=\"MsoNormal\" style=\"margin-bottom:6.4pt;line-height:normal\"><o:p><\/o:p><\/p>\n<p class=\"MsoNormal\" style=\"margin-bottom:6.4pt;line-height:normal\"><o:p><\/o:p><\/p>\n<p class=\"MsoNormal\" style=\"margin-bottom:6.4pt;line-height:normal\"><o:p><\/o:p><\/p>\n<p class=\"MsoNormal\" style=\"margin-bottom:6.4pt;line-height:normal\"><o:p><\/o:p><\/p>\n<\/h3>\n","protected":false},"excerpt":{"rendered":"<p>Dados T\u00e9cnicos Tens\u00e3o de Alimenta\u00e7\u00e3o:&nbsp;El\u00e9trica VCA &#8211; 60Hz:&nbsp; 220 mono Carga El\u00e9trica Total (W):&nbsp;&nbsp;635 Pot\u00eancia T\u00e9rmica&nbsp;(kcal\/h):&nbsp;14.000 Altura (c\/ base):&nbsp;80 (150)cm Largura:&nbsp; 92,4cm Profundidade:&nbsp;81,7cm Espa\u00e7o Entre Bandejas (cm): 7 Capacidade em GN 1\/1: 6 Quantidade de Refei\u00e7\u00f5es (x turno): 240 Produ\u00e7\u00e3o:&nbsp;Frangos=12 p\u00e7s&nbsp; Arroz= 30 kg&nbsp; Legumes= 21 kg Produ\u00e7\u00e3o De P\u00e3es\/hora (50 g): 384 p\u00e7s *Consumo [&hellip;]<\/p>\n","protected":false},"featured_media":11501,"comment_status":"open","ping_status":"closed","template":"","meta":[],"product_brand":[],"product_cat":[391],"product_tag":[],"class_list":{"0":"post-11502","1":"product","2":"type-product","3":"status-publish","4":"has-post-thumbnail","6":"product_cat-forno-combinado-a-gas","8":"first","9":"instock","10":"shipping-taxable","11":"purchasable","12":"product-type-simple"},"_links":{"self":[{"href":"https:\/\/twsites.com.br\/novomigcenter\/index.php?rest_route=\/wp\/v2\/product\/11502","targetHints":{"allow":["GET"]}}],"collection":[{"href":"https:\/\/twsites.com.br\/novomigcenter\/index.php?rest_route=\/wp\/v2\/product"}],"about":[{"href":"https:\/\/twsites.com.br\/novomigcenter\/index.php?rest_route=\/wp\/v2\/types\/product"}],"replies":[{"embeddable":true,"href":"https:\/\/twsites.com.br\/novomigcenter\/index.php?rest_route=%2Fwp%2Fv2%2Fcomments&post=11502"}],"wp:featuredmedia":[{"embeddable":true,"href":"https:\/\/twsites.com.br\/novomigcenter\/index.php?rest_route=\/wp\/v2\/media\/11501"}],"wp:attachment":[{"href":"https:\/\/twsites.com.br\/novomigcenter\/index.php?rest_route=%2Fwp%2Fv2%2Fmedia&parent=11502"}],"wp:term":[{"taxonomy":"product_brand","embeddable":true,"href":"https:\/\/twsites.com.br\/novomigcenter\/index.php?rest_route=%2Fwp%2Fv2%2Fproduct_brand&post=11502"},{"taxonomy":"product_cat","embeddable":true,"href":"https:\/\/twsites.com.br\/novomigcenter\/index.php?rest_route=%2Fwp%2Fv2%2Fproduct_cat&post=11502"},{"taxonomy":"product_tag","embeddable":true,"href":"https:\/\/twsites.com.br\/novomigcenter\/index.php?rest_route=%2Fwp%2Fv2%2Fproduct_tag&post=11502"}],"curies":[{"name":"wp","href":"https:\/\/api.w.org\/{rel}","templated":true}]}}