{"id":11504,"date":"2017-07-28T15:28:50","date_gmt":"2017-07-28T15:28:50","guid":{"rendered":"https:\/\/twsites.com.br\/novomigcenter\/?product=forno-combinado-6-gns-aquecimento-a-gas"},"modified":"2017-07-28T15:28:50","modified_gmt":"2017-07-28T15:28:50","slug":"forno-combinado-6-gns-aquecimento-a-gas","status":"publish","type":"product","link":"https:\/\/twsites.com.br\/novomigcenter\/?product=forno-combinado-6-gns-aquecimento-a-gas","title":{"rendered":"Forno Combinado 6 GNs 2\/1 (aquecimento a g\u00e1s) &#8211; Croydon"},"content":{"rendered":"<div class=\"col-md-7\">\n<div class=\"box-descricao-tecnica\">\n<h3 style=\"margin: 0cm 0cm 6.75pt; background-image: initial; background-position: initial; background-size: initial; background-repeat: initial; background-attachment: initial; background-origin: initial; background-clip: initial;\"><span style=\"font-size: 14pt;\"><b style=\"\"><span style=\"font-size: 14px;\"><font face=\"Arial\">Dados T\u00e9cnicos<\/font><\/span><\/b><o:p><\/o:p><\/span><\/h3>\n<h3 style=\"margin: 0cm 0cm 6.75pt; background-image: initial; background-position: initial; background-size: initial; background-repeat: initial; background-attachment: initial; background-origin: initial; background-clip: initial;\"><span style=\"font-size: 14px;\"><font face=\"Arial\">  <\/font><\/span><\/p>\n<p style=\"margin: 0cm 0cm 6.75pt; background-image: initial; background-position: initial; background-size: initial; background-repeat: initial; background-attachment: initial; background-origin: initial; background-clip: initial;\"><span style=\"font-size: 14pt;\"><font face=\"Arial\"><span style=\"font-size: 14px;\">Tens\u00e3o de Alimenta\u00e7\u00e3o&nbsp;El\u00e9trica VCA &#8211; 60Hz:&nbsp; 220 mono<\/span><o:p><\/o:p><\/font><\/span><\/p>\n<p><span style=\"font-size: 14px;\"><font face=\"Arial\">  <\/font><\/span><\/p>\n<p style=\"margin: 0cm 0cm 6.75pt; background-image: initial; background-position: initial; background-size: initial; background-repeat: initial; background-attachment: initial; background-origin: initial; background-clip: initial;\"><font face=\"Arial\"><b><span style=\"font-size: 14px;\">Carga El\u00e9trica Total (W):<\/span><\/b><span style=\"font-size: 14pt;\"><span style=\"font-size: 14px;\">&nbsp; 635<\/span><o:p><\/o:p><\/span><\/font><\/p>\n<p><span style=\"font-size: 14px;\"><font face=\"Arial\">  <\/font><\/span><\/p>\n<p style=\"margin: 0cm 0cm 6.75pt; background-image: initial; background-position: initial; background-size: initial; background-repeat: initial; background-attachment: initial; background-origin: initial; background-clip: initial;\"><font face=\"Arial\"><b><span style=\"font-size: 14px;\">Pot\u00eancia T\u00e9rmica&nbsp; (kcal\/h):<\/span><\/b><span style=\"font-size: 14pt;\"><span style=\"font-size: 14px;\"> 21.000<\/span><o:p><\/o:p><\/span><\/font><\/p>\n<p><span style=\"font-size: 14px;\"><font face=\"Arial\">  <\/font><\/span><\/p>\n<p style=\"margin: 0cm 0cm 6.75pt; background-image: initial; background-position: initial; background-size: initial; background-repeat: initial; background-attachment: initial; background-origin: initial; background-clip: initial;\"><font face=\"Arial\"><b><span style=\"font-size: 14px;\">Altura (c\/ base):<\/span><\/b><span style=\"font-size: 14pt;\"><span style=\"font-size: 14px;\"> 80 (150)cm<\/span><br \/><span style=\"font-size: 14px;\"> <\/span><b><span style=\"font-size: 14px;\">Largura:<\/span><\/b><span style=\"font-size: 14px;\">&nbsp; 115,2cm<\/span><br \/><span style=\"font-size: 14px;\"> <\/span><b><span style=\"font-size: 14px;\">Profundidade:<\/span><\/b><span style=\"font-size: 14px;\"> 89,1cm<\/span><o:p><\/o:p><\/span><\/font><\/p>\n<p><span style=\"font-size: 14px;\"><font face=\"Arial\">  <\/font><\/span><\/p>\n<p style=\"margin: 0cm 0cm 6.75pt; background-image: initial; background-position: initial; background-size: initial; background-repeat: initial; background-attachment: initial; background-origin: initial; background-clip: initial;\"><font face=\"Arial\"><b><span style=\"font-size: 14px;\">Espa\u00e7o Entre Bandejas (cm):<\/span><\/b><span style=\"font-size: 14pt;\"><span style=\"font-size: 14px;\"> 7<\/span><o:p><\/o:p><\/span><\/font><\/p>\n<p><span style=\"font-size: 14px;\"><font face=\"Arial\">  <\/font><\/span><\/p>\n<p style=\"margin: 0cm 0cm 6.75pt; background-image: initial; background-position: initial; background-size: initial; background-repeat: initial; background-attachment: initial; background-origin: initial; background-clip: initial;\"><font face=\"Arial\"><b><span style=\"font-size: 14px;\">Capacidade em GN 1\/1 GN(2\/1):<\/span><\/b><span style=\"font-size: 14pt;\"><span style=\"font-size: 14px;\"> 12 (6)<\/span><o:p><\/o:p><\/span><\/font><\/p>\n<p><span style=\"font-size: 14px;\"><font face=\"Arial\">  <\/font><\/span><\/p>\n<p style=\"margin: 0cm 0cm 6.75pt; background-image: initial; background-position: initial; background-size: initial; background-repeat: initial; background-attachment: initial; background-origin: initial; background-clip: initial;\"><font face=\"Arial\"><b><span style=\"font-size: 14px;\">Quantidade de Refei\u00e7\u00f5es (x turno):<\/span><\/b><span style=\"font-size: 14pt;\"><span style=\"font-size: 14px;\"> 480<\/span><\/span><\/font><\/p>\n<p><span style=\"font-size: 14px;\"><font face=\"Arial\">  <\/font><\/span><\/p>\n<p style=\"margin: 0cm 0cm 6.75pt; background-image: initial; background-position: initial; background-size: initial; background-repeat: initial; background-attachment: initial; background-origin: initial; background-clip: initial;\"><b><span style=\"font-size: 14pt;\"><font face=\"Arial\"><span style=\"font-size: 14px;\">Produ\u00e7\u00e3o:&nbsp;<\/span><o:p><\/o:p><\/font><\/span><\/b><\/p>\n<p><span style=\"font-size: 14px;\"><font face=\"Arial\">  <\/font><\/span><\/p>\n<p style=\"margin: 0cm 0cm 6.75pt; background-image: initial; background-position: initial; background-size: initial; background-repeat: initial; background-attachment: initial; background-origin: initial; background-clip: initial;\"><span style=\"font-size: 14pt;\"><font face=\"Arial\"><span style=\"font-size: 14px;\">Frangos=24 p\u00e7s&nbsp; Arroz= 60 kg&nbsp; Legumes= 42 kg<\/span><o:p><\/o:p><\/font><\/span><\/p>\n<p><span style=\"font-size: 14px;\"><font face=\"Arial\">  <\/font><\/span><\/p>\n<p style=\"margin: 0cm 0cm 6.75pt; background-image: initial; background-position: initial; background-size: initial; background-repeat: initial; background-attachment: initial; background-origin: initial; background-clip: initial;\"><span style=\"font-size: 14pt;\"><font face=\"Arial\"><span style=\"font-size: 14px;\">Produ\u00e7\u00e3o De P\u00e3es\/hora (50 g): 768 p\u00e7s<\/span><o:p><\/o:p><\/font><\/span><\/p>\n<p><span style=\"font-size: 14px;\"><font face=\"Arial\">  <\/font><\/span><\/p>\n<p style=\"margin: 0cm 0cm 6.75pt; background-image: initial; background-position: initial; background-size: initial; background-repeat: initial; background-attachment: initial; background-origin: initial; background-clip: initial;\"><span style=\"font-size: 14pt;\"><font face=\"Arial\"><span style=\"font-size: 14px;\">*Consumo de G\u00e1s\/hora<\/span><br \/><span style=\"font-size: 14px;\"> Natural (mc) &#8211; GLP (kg): 1,5 &#8211; 1,4<\/span><o:p><\/o:p><\/font><\/span><\/p>\n<p><span style=\"font-size: 14px;\"><font face=\"Arial\">  <\/font><\/span><\/p>\n<p style=\"margin: 0cm 0cm 6.75pt; background-image: initial; background-position: initial; background-size: initial; background-repeat: initial; background-attachment: initial; background-origin: initial; background-clip: initial;\"><span style=\"font-size: 14pt;\"><font face=\"Arial\"><span style=\"font-size: 14px;\">Consumo de \u00c1gua em<\/span><br \/><span style=\"font-size: 14px;\"> Combinado M\u00e9dio (l\/hora): 1,37<\/span><\/font><font face=\"Arial Narrow, sans-serif\"><o:p><\/o:p><\/font><\/span><\/p>\n<p style=\"margin: 0cm 0cm 6.75pt; background-image: initial; background-position: initial; background-size: initial; background-repeat: initial; background-attachment: initial; background-origin: initial; background-clip: initial;\"><span style=\"font-size: 10pt; font-family: &quot;Arial Narrow&quot;, sans-serif;\">&nbsp;<o:p><\/o:p><\/span><\/p>\n<p style=\"margin: 0cm 0cm 6.75pt; background-image: initial; background-position: initial; background-size: initial; background-repeat: initial; background-attachment: initial; background-origin: initial; background-clip: initial;\"><span style=\"font-size: 7.5pt; font-family: &quot;Arial Narrow&quot;, sans-serif;\">*somente para aquecimento, baseado em 70% do consumo nominal<\/span><\/p>\n<\/h3><\/div>\n<\/p><\/div>\n","protected":false},"excerpt":{"rendered":"<p>Dados T\u00e9cnicos Tens\u00e3o de Alimenta\u00e7\u00e3o&nbsp;El\u00e9trica VCA &#8211; 60Hz:&nbsp; 220 mono Carga El\u00e9trica Total (W):&nbsp; 635 Pot\u00eancia T\u00e9rmica&nbsp; (kcal\/h): 21.000 Altura (c\/ base): 80 (150)cm Largura:&nbsp; 115,2cm Profundidade: 89,1cm Espa\u00e7o Entre Bandejas (cm): 7 Capacidade em GN 1\/1 GN(2\/1): 12 (6) Quantidade de Refei\u00e7\u00f5es (x turno): 480 Produ\u00e7\u00e3o:&nbsp; Frangos=24 p\u00e7s&nbsp; Arroz= 60 kg&nbsp; Legumes= 42 kg [&hellip;]<\/p>\n","protected":false},"featured_media":11503,"comment_status":"open","ping_status":"closed","template":"","meta":[],"product_brand":[],"product_cat":[391],"product_tag":[],"class_list":{"0":"post-11504","1":"product","2":"type-product","3":"status-publish","4":"has-post-thumbnail","6":"product_cat-forno-combinado-a-gas","8":"first","9":"instock","10":"shipping-taxable","11":"purchasable","12":"product-type-simple"},"_links":{"self":[{"href":"https:\/\/twsites.com.br\/novomigcenter\/index.php?rest_route=\/wp\/v2\/product\/11504","targetHints":{"allow":["GET"]}}],"collection":[{"href":"https:\/\/twsites.com.br\/novomigcenter\/index.php?rest_route=\/wp\/v2\/product"}],"about":[{"href":"https:\/\/twsites.com.br\/novomigcenter\/index.php?rest_route=\/wp\/v2\/types\/product"}],"replies":[{"embeddable":true,"href":"https:\/\/twsites.com.br\/novomigcenter\/index.php?rest_route=%2Fwp%2Fv2%2Fcomments&post=11504"}],"wp:featuredmedia":[{"embeddable":true,"href":"https:\/\/twsites.com.br\/novomigcenter\/index.php?rest_route=\/wp\/v2\/media\/11503"}],"wp:attachment":[{"href":"https:\/\/twsites.com.br\/novomigcenter\/index.php?rest_route=%2Fwp%2Fv2%2Fmedia&parent=11504"}],"wp:term":[{"taxonomy":"product_brand","embeddable":true,"href":"https:\/\/twsites.com.br\/novomigcenter\/index.php?rest_route=%2Fwp%2Fv2%2Fproduct_brand&post=11504"},{"taxonomy":"product_cat","embeddable":true,"href":"https:\/\/twsites.com.br\/novomigcenter\/index.php?rest_route=%2Fwp%2Fv2%2Fproduct_cat&post=11504"},{"taxonomy":"product_tag","embeddable":true,"href":"https:\/\/twsites.com.br\/novomigcenter\/index.php?rest_route=%2Fwp%2Fv2%2Fproduct_tag&post=11504"}],"curies":[{"name":"wp","href":"https:\/\/api.w.org\/{rel}","templated":true}]}}