{"id":11510,"date":"2017-07-28T15:34:33","date_gmt":"2017-07-28T15:34:33","guid":{"rendered":"https:\/\/twsites.com.br\/novomigcenter\/?product=extrator-de-suco-cupula-em-acrilico-elac-croydon"},"modified":"2017-07-28T15:34:33","modified_gmt":"2017-07-28T15:34:33","slug":"extrator-de-suco-cupula-em-acrilico-elac-croydon","status":"publish","type":"product","link":"https:\/\/twsites.com.br\/novomigcenter\/?product=extrator-de-suco-cupula-em-acrilico-elac-croydon","title":{"rendered":"Extrator de Suco (c\u00fapula em acr\u00edlico) &#8211; Croydon"},"content":{"rendered":"<h3><font face=\"Arial\"><span style=\"font-size: 18px;\"><b>Dados T\u00e9cnicos<\/b><\/span><\/font><\/h3>\n<p><span style=\"font-size: 14px;\">                                 <\/span><\/p>\n<p><font face=\"Arial\"><span style=\"font-size: 14px;\"><b>Produ\u00e7\u00e3o M\u00e9dia:<\/b>50 l\/h<\/span><br \/><span style=\"font-size: 14px;\"><b> Pot\u00eancia:<\/b> (127v &#8211; 220v):200w<\/span><br \/><span style=\"font-size: 14px;\"> Corrente (127v):3,6A<\/span><br \/><span style=\"font-size: 14px;\"> Corrente (220v):1,9A<\/span><br \/><span style=\"font-size: 14px;\"><b> Altura:&nbsp;<\/b>35,5cm<\/span><br \/><span style=\"font-size: 14px;\"><b> Largura:&nbsp;<\/b>24cm<\/span><br \/><span style=\"font-size: 14px;\"><b> Profundidade:&nbsp;<\/b>20cm<\/span><br \/><span style=\"font-size: 14px;\"><b> Peso L\u00edquido:&nbsp;<\/b>4,5kg<\/span><br \/><span style=\"font-size: 14px;\"><b> Peso Bruto:&nbsp;<\/b>4,9kg<\/span><br \/><span style=\"font-size: 14px;\"><b> Consumo:&nbsp;<\/b>0,26kw\/h<\/span><br \/><span style=\"font-size: 14px;\"><b> RPM:&nbsp;<\/b>1750<\/span><\/font><\/p>\n","protected":false},"excerpt":{"rendered":"<p>Dados T\u00e9cnicos Produ\u00e7\u00e3o M\u00e9dia:50 l\/h Pot\u00eancia: (127v &#8211; 220v):200w Corrente (127v):3,6A Corrente (220v):1,9A Altura:&nbsp;35,5cm Largura:&nbsp;24cm Profundidade:&nbsp;20cm Peso L\u00edquido:&nbsp;4,5kg Peso Bruto:&nbsp;4,9kg Consumo:&nbsp;0,26kw\/h RPM:&nbsp;1750<\/p>\n","protected":false},"featured_media":11509,"comment_status":"open","ping_status":"closed","template":"","meta":[],"product_brand":[],"product_cat":[306],"product_tag":[],"class_list":{"0":"post-11510","1":"product","2":"type-product","3":"status-publish","4":"has-post-thumbnail","6":"product_cat-extrator-de-suco","8":"first","9":"instock","10":"shipping-taxable","11":"purchasable","12":"product-type-simple"},"_links":{"self":[{"href":"https:\/\/twsites.com.br\/novomigcenter\/index.php?rest_route=\/wp\/v2\/product\/11510","targetHints":{"allow":["GET"]}}],"collection":[{"href":"https:\/\/twsites.com.br\/novomigcenter\/index.php?rest_route=\/wp\/v2\/product"}],"about":[{"href":"https:\/\/twsites.com.br\/novomigcenter\/index.php?rest_route=\/wp\/v2\/types\/product"}],"replies":[{"embeddable":true,"href":"https:\/\/twsites.com.br\/novomigcenter\/index.php?rest_route=%2Fwp%2Fv2%2Fcomments&post=11510"}],"wp:featuredmedia":[{"embeddable":true,"href":"https:\/\/twsites.com.br\/novomigcenter\/index.php?rest_route=\/wp\/v2\/media\/11509"}],"wp:attachment":[{"href":"https:\/\/twsites.com.br\/novomigcenter\/index.php?rest_route=%2Fwp%2Fv2%2Fmedia&parent=11510"}],"wp:term":[{"taxonomy":"product_brand","embeddable":true,"href":"https:\/\/twsites.com.br\/novomigcenter\/index.php?rest_route=%2Fwp%2Fv2%2Fproduct_brand&post=11510"},{"taxonomy":"product_cat","embeddable":true,"href":"https:\/\/twsites.com.br\/novomigcenter\/index.php?rest_route=%2Fwp%2Fv2%2Fproduct_cat&post=11510"},{"taxonomy":"product_tag","embeddable":true,"href":"https:\/\/twsites.com.br\/novomigcenter\/index.php?rest_route=%2Fwp%2Fv2%2Fproduct_tag&post=11510"}],"curies":[{"name":"wp","href":"https:\/\/api.w.org\/{rel}","templated":true}]}}