{"id":11514,"date":"2017-07-28T15:40:10","date_gmt":"2017-07-28T15:40:10","guid":{"rendered":"https:\/\/twsites.com.br\/novomigcenter\/?product=extrator-de-suco-inox-croydon"},"modified":"2017-07-28T15:40:10","modified_gmt":"2017-07-28T15:40:10","slug":"extrator-de-suco-inox-croydon","status":"publish","type":"product","link":"https:\/\/twsites.com.br\/novomigcenter\/?product=extrator-de-suco-inox-croydon","title":{"rendered":"Extrator de Suco (inox) &#8211; Croydon"},"content":{"rendered":"<h3><font face=\"Arial\"><span style=\"font-size: 18px;\"><b>Dados T\u00e9cnicos<\/b><\/span><\/font><\/h3>\n<p><span style=\"font-size: 14px;\">                                 <\/span><\/p>\n<p><font face=\"Arial\"><span style=\"font-size: 14px;\"><b>Produ\u00e7\u00e3o M\u00e9dia:<\/b> 50 l\/h<\/span><br \/><span style=\"font-size: 14px;\"><b> Pot\u00eancia (127v &#8211; 220v):<\/b>1\/2HP<\/span><br \/><span style=\"font-size: 14px;\"><b> Corrente(127v): <\/b>4,8A<\/span><br \/><span style=\"font-size: 14px;\"><b> Corrente(220v):<\/b> 2,4A<\/span><br \/><span style=\"font-size: 14px;\"><b> Altura: <\/b>39cm<\/span><br \/><span style=\"font-size: 14px;\"><b> Largura:<\/b> 25cm<\/span><br \/><span style=\"font-size: 14px;\"><b> Profundidade:<\/b> 22cm<\/span><br \/><span style=\"font-size: 14px;\"><b> Peso L\u00edquido:<\/b> 7,6kg<\/span><br \/><span style=\"font-size: 14px;\"><b> Peso Bruto:<\/b> 8,5kg<\/span><br \/><span style=\"font-size: 14px;\"><b> Consumo:<\/b> 0,58kw\/h<\/span><br \/><span style=\"font-size: 14px;\"> RPM:1750<\/span><\/font><\/p>\n","protected":false},"excerpt":{"rendered":"<p>Dados T\u00e9cnicos Produ\u00e7\u00e3o M\u00e9dia: 50 l\/h Pot\u00eancia (127v &#8211; 220v):1\/2HP Corrente(127v): 4,8A Corrente(220v): 2,4A Altura: 39cm Largura: 25cm Profundidade: 22cm Peso L\u00edquido: 7,6kg Peso Bruto: 8,5kg Consumo: 0,58kw\/h RPM:1750<\/p>\n","protected":false},"featured_media":11513,"comment_status":"open","ping_status":"closed","template":"","meta":[],"product_brand":[],"product_cat":[306],"product_tag":[],"class_list":{"0":"post-11514","1":"product","2":"type-product","3":"status-publish","4":"has-post-thumbnail","6":"product_cat-extrator-de-suco","8":"first","9":"instock","10":"shipping-taxable","11":"purchasable","12":"product-type-simple"},"_links":{"self":[{"href":"https:\/\/twsites.com.br\/novomigcenter\/index.php?rest_route=\/wp\/v2\/product\/11514","targetHints":{"allow":["GET"]}}],"collection":[{"href":"https:\/\/twsites.com.br\/novomigcenter\/index.php?rest_route=\/wp\/v2\/product"}],"about":[{"href":"https:\/\/twsites.com.br\/novomigcenter\/index.php?rest_route=\/wp\/v2\/types\/product"}],"replies":[{"embeddable":true,"href":"https:\/\/twsites.com.br\/novomigcenter\/index.php?rest_route=%2Fwp%2Fv2%2Fcomments&post=11514"}],"wp:featuredmedia":[{"embeddable":true,"href":"https:\/\/twsites.com.br\/novomigcenter\/index.php?rest_route=\/wp\/v2\/media\/11513"}],"wp:attachment":[{"href":"https:\/\/twsites.com.br\/novomigcenter\/index.php?rest_route=%2Fwp%2Fv2%2Fmedia&parent=11514"}],"wp:term":[{"taxonomy":"product_brand","embeddable":true,"href":"https:\/\/twsites.com.br\/novomigcenter\/index.php?rest_route=%2Fwp%2Fv2%2Fproduct_brand&post=11514"},{"taxonomy":"product_cat","embeddable":true,"href":"https:\/\/twsites.com.br\/novomigcenter\/index.php?rest_route=%2Fwp%2Fv2%2Fproduct_cat&post=11514"},{"taxonomy":"product_tag","embeddable":true,"href":"https:\/\/twsites.com.br\/novomigcenter\/index.php?rest_route=%2Fwp%2Fv2%2Fproduct_tag&post=11514"}],"curies":[{"name":"wp","href":"https:\/\/api.w.org\/{rel}","templated":true}]}}