{"id":11520,"date":"2017-07-28T15:45:48","date_gmt":"2017-07-28T15:45:48","guid":{"rendered":"https:\/\/twsites.com.br\/novomigcenter\/?product=char-broiler-eletrico-cbe5-croydon"},"modified":"2017-07-28T15:45:48","modified_gmt":"2017-07-28T15:45:48","slug":"char-broiler-eletrico-cbe5-croydon","status":"publish","type":"product","link":"https:\/\/twsites.com.br\/novomigcenter\/?product=char-broiler-eletrico-cbe5-croydon","title":{"rendered":"Char Broiler El\u00e9trico &#8211; Croydon"},"content":{"rendered":"<h3>Dados T\u00e9cnicos<\/h3>\n<p>\u00c1rea \u00datil de Trabalho: 37,5 x 47,5 cm<\/p>\n<p>Pot\u00eancia(220v):3600W<br \/> Corrente(220v):16,4A<br \/> Altura: 27,5cm<br \/> Largura:58cm<br \/> Profundidade:48,7cm<br \/> Peso L\u00edquido: 21kg<br \/> Peso Bruto: 22,5kg<\/p>\n<p>Consumo: 1,8kw\/h<\/p>\n","protected":false},"excerpt":{"rendered":"<p>Dados T\u00e9cnicos \u00c1rea \u00datil de Trabalho: 37,5 x 47,5 cm Pot\u00eancia(220v):3600W Corrente(220v):16,4A Altura: 27,5cm Largura:58cm Profundidade:48,7cm Peso L\u00edquido: 21kg Peso Bruto: 22,5kg Consumo: 1,8kw\/h<\/p>\n","protected":false},"featured_media":11519,"comment_status":"open","ping_status":"closed","template":"","meta":[],"product_brand":[],"product_cat":[300],"product_tag":[],"class_list":{"0":"post-11520","1":"product","2":"type-product","3":"status-publish","4":"has-post-thumbnail","6":"product_cat-chapa-char-broiler","8":"first","9":"instock","10":"shipping-taxable","11":"purchasable","12":"product-type-simple"},"_links":{"self":[{"href":"https:\/\/twsites.com.br\/novomigcenter\/index.php?rest_route=\/wp\/v2\/product\/11520","targetHints":{"allow":["GET"]}}],"collection":[{"href":"https:\/\/twsites.com.br\/novomigcenter\/index.php?rest_route=\/wp\/v2\/product"}],"about":[{"href":"https:\/\/twsites.com.br\/novomigcenter\/index.php?rest_route=\/wp\/v2\/types\/product"}],"replies":[{"embeddable":true,"href":"https:\/\/twsites.com.br\/novomigcenter\/index.php?rest_route=%2Fwp%2Fv2%2Fcomments&post=11520"}],"wp:featuredmedia":[{"embeddable":true,"href":"https:\/\/twsites.com.br\/novomigcenter\/index.php?rest_route=\/wp\/v2\/media\/11519"}],"wp:attachment":[{"href":"https:\/\/twsites.com.br\/novomigcenter\/index.php?rest_route=%2Fwp%2Fv2%2Fmedia&parent=11520"}],"wp:term":[{"taxonomy":"product_brand","embeddable":true,"href":"https:\/\/twsites.com.br\/novomigcenter\/index.php?rest_route=%2Fwp%2Fv2%2Fproduct_brand&post=11520"},{"taxonomy":"product_cat","embeddable":true,"href":"https:\/\/twsites.com.br\/novomigcenter\/index.php?rest_route=%2Fwp%2Fv2%2Fproduct_cat&post=11520"},{"taxonomy":"product_tag","embeddable":true,"href":"https:\/\/twsites.com.br\/novomigcenter\/index.php?rest_route=%2Fwp%2Fv2%2Fproduct_tag&post=11520"}],"curies":[{"name":"wp","href":"https:\/\/api.w.org\/{rel}","templated":true}]}}