{"id":11522,"date":"2017-07-28T15:47:20","date_gmt":"2017-07-28T15:47:20","guid":{"rendered":"https:\/\/twsites.com.br\/novomigcenter\/?product=churrasqueira-eletrica-30-cm-croydon"},"modified":"2017-07-28T15:47:20","modified_gmt":"2017-07-28T15:47:20","slug":"churrasqueira-eletrica-30-cm-croydon","status":"publish","type":"product","link":"https:\/\/twsites.com.br\/novomigcenter\/?product=churrasqueira-eletrica-30-cm-croydon","title":{"rendered":"Churrasqueira El\u00e9trica (30 cm) &#8211; Croydon"},"content":{"rendered":"<p class=\"MsoNormal\" style=\"margin-bottom:6.75pt;line-height:normal\"><span style=\"font-size: 14pt; font-family: &quot;Arial Narrow&quot;, sans-serif;\">Dados T\u00e9cnicos<o:p><\/o:p><\/span><\/p>\n<p class=\"MsoNormal\" style=\"margin-bottom:6.75pt;line-height:normal\"><span style=\"font-size: 14pt; font-family: &quot;Arial Narrow&quot;, sans-serif;\">\u00c1rea \u00datil de Trabalho(cm x cm):30 x 40<b><o:p><\/o:p><\/b><\/span><\/p>\n<p class=\"MsoNormal\" style=\"margin-bottom:6.75pt;line-height:normal\"><b><span style=\"font-size: 14pt; font-family: &quot;Arial Narrow&quot;, sans-serif;\">Pot\u00eancia:&nbsp;<\/span><\/b><span style=\"font-size: 14pt; font-family: &quot;Arial Narrow&quot;, sans-serif;\">(220v):2200W<b><o:p><\/o:p><\/b><\/span><\/p>\n<p class=\"MsoNormal\" style=\"margin-bottom:6.75pt;line-height:normal\"><b><span style=\"font-size: 14pt; font-family: &quot;Arial Narrow&quot;, sans-serif;\">Corrente:<\/span><\/b><span style=\"font-size: 14pt; font-family: &quot;Arial Narrow&quot;, sans-serif;\">&nbsp;(220v):10,0A<b><o:p><\/o:p><\/b><\/span><\/p>\n<p class=\"MsoNormal\" style=\"margin-bottom:6.75pt;line-height:normal\"><b><span style=\"font-size: 14pt; font-family: &quot;Arial Narrow&quot;, sans-serif;\">Altura:<\/span><\/b><span style=\"font-size: 14pt; font-family: &quot;Arial Narrow&quot;, sans-serif;\">&nbsp;36cm<b><o:p><\/o:p><\/b><\/span><\/p>\n<p class=\"MsoNormal\" style=\"margin-bottom:6.75pt;line-height:normal\"><b><span style=\"font-size: 14pt; font-family: &quot;Arial Narrow&quot;, sans-serif;\">Largura:<\/span><\/b><span style=\"font-size: 14pt; font-family: &quot;Arial Narrow&quot;, sans-serif;\">&nbsp;40cm<b><o:p><\/o:p><\/b><\/span><\/p>\n<p class=\"MsoNormal\" style=\"margin-bottom:6.75pt;line-height:normal\"><b><span style=\"font-size: 14pt; font-family: &quot;Arial Narrow&quot;, sans-serif;\">Profundidade&nbsp;<\/span><\/b><span style=\"font-size: 14pt; font-family: &quot;Arial Narrow&quot;, sans-serif;\">:48cm<b><o:p><\/o:p><\/b><\/span><\/p>\n<\/p>\n<p class=\"MsoNormal\" style=\"margin-bottom:6.75pt;line-height:normal\"><b><span style=\"font-size: 14pt; font-family: &quot;Arial Narrow&quot;, sans-serif;\">Peso L\u00edquido:<\/span><\/b><span style=\"font-size: 14pt; font-family: &quot;Arial Narrow&quot;, sans-serif;\">13,6kg<br \/> <\/span><\/p>\n<p class=\"MsoNormal\" style=\"margin-bottom:6.75pt;line-height:normal\"><span style=\"font-size: 14pt; font-family: &quot;Arial Narrow&quot;, sans-serif;\"><b>Peso Bruto:<\/b>15,3kg<br \/> <\/span><\/p>\n<p class=\"MsoNormal\" style=\"margin-bottom:6.75pt;line-height:normal\"><span style=\"font-size: 14pt; font-family: &quot;Arial Narrow&quot;, sans-serif;\"><b>Consumo: (<\/b>220v):1,3kw\/<\/span><span style=\"font-size: 10.5pt; font-family: Arial, sans-serif;\">h<\/span><b><span style=\"font-size: 14pt; font-family: &quot;Arial Narrow&quot;, sans-serif;\"><o:p><\/o:p><\/span><\/b><\/p>\n","protected":false},"excerpt":{"rendered":"<p>Dados T\u00e9cnicos \u00c1rea \u00datil de Trabalho(cm x cm):30 x 40 Pot\u00eancia:&nbsp;(220v):2200W Corrente:&nbsp;(220v):10,0A Altura:&nbsp;36cm Largura:&nbsp;40cm Profundidade&nbsp;:48cm Peso L\u00edquido:13,6kg Peso Bruto:15,3kg Consumo: (220v):1,3kw\/h<\/p>\n","protected":false},"featured_media":11521,"comment_status":"open","ping_status":"closed","template":"","meta":[],"product_brand":[],"product_cat":[300],"product_tag":[],"class_list":{"0":"post-11522","1":"product","2":"type-product","3":"status-publish","4":"has-post-thumbnail","6":"product_cat-chapa-char-broiler","8":"first","9":"instock","10":"shipping-taxable","11":"purchasable","12":"product-type-simple"},"_links":{"self":[{"href":"https:\/\/twsites.com.br\/novomigcenter\/index.php?rest_route=\/wp\/v2\/product\/11522","targetHints":{"allow":["GET"]}}],"collection":[{"href":"https:\/\/twsites.com.br\/novomigcenter\/index.php?rest_route=\/wp\/v2\/product"}],"about":[{"href":"https:\/\/twsites.com.br\/novomigcenter\/index.php?rest_route=\/wp\/v2\/types\/product"}],"replies":[{"embeddable":true,"href":"https:\/\/twsites.com.br\/novomigcenter\/index.php?rest_route=%2Fwp%2Fv2%2Fcomments&post=11522"}],"wp:featuredmedia":[{"embeddable":true,"href":"https:\/\/twsites.com.br\/novomigcenter\/index.php?rest_route=\/wp\/v2\/media\/11521"}],"wp:attachment":[{"href":"https:\/\/twsites.com.br\/novomigcenter\/index.php?rest_route=%2Fwp%2Fv2%2Fmedia&parent=11522"}],"wp:term":[{"taxonomy":"product_brand","embeddable":true,"href":"https:\/\/twsites.com.br\/novomigcenter\/index.php?rest_route=%2Fwp%2Fv2%2Fproduct_brand&post=11522"},{"taxonomy":"product_cat","embeddable":true,"href":"https:\/\/twsites.com.br\/novomigcenter\/index.php?rest_route=%2Fwp%2Fv2%2Fproduct_cat&post=11522"},{"taxonomy":"product_tag","embeddable":true,"href":"https:\/\/twsites.com.br\/novomigcenter\/index.php?rest_route=%2Fwp%2Fv2%2Fproduct_tag&post=11522"}],"curies":[{"name":"wp","href":"https:\/\/api.w.org\/{rel}","templated":true}]}}