{"id":11524,"date":"2017-07-28T15:48:51","date_gmt":"2017-07-28T15:48:51","guid":{"rendered":"https:\/\/twsites.com.br\/novomigcenter\/?product=churrasqueira-eletrica-ce04-gr4e"},"modified":"2017-07-28T15:48:51","modified_gmt":"2017-07-28T15:48:51","slug":"churrasqueira-eletrica-ce04-gr4e","status":"publish","type":"product","link":"https:\/\/twsites.com.br\/novomigcenter\/?product=churrasqueira-eletrica-ce04-gr4e","title":{"rendered":"Churrasqueira El\u00e9trica (45 cm) &#8211; Croydon"},"content":{"rendered":"<div class=\"col-md-7\">\n<div class=\"box-descricao-tecnica\">\n<h3><font face=\"Arial\">Dados T\u00e9cnicos<\/font><\/h3>\n<p><font face=\"Arial\">\u00c1rea \u00datil de Trabalho(cm x cm):45 x 40<br \/><b> Pot\u00eancia<\/b> (220v):2800W<br \/><b> Corrente<\/b> (220v):12,7A<br \/><b> Altura: <\/b>36cm<br \/><b> Largura: <\/b>54cm<br \/><b> Profundidade: <\/b>49cm<br \/><b> Peso L\u00edquido:<\/b> 18,1kg<br \/><b> Peso Bruto:<\/b> 21,0kg<br \/><b> Consumo<\/b> (220v):1,3kw\/h<\/font><\/p>\n<\/p><\/div>\n<\/p><\/div>\n","protected":false},"excerpt":{"rendered":"<p>Dados T\u00e9cnicos \u00c1rea \u00datil de Trabalho(cm x cm):45 x 40 Pot\u00eancia (220v):2800W Corrente (220v):12,7A Altura: 36cm Largura: 54cm Profundidade: 49cm Peso L\u00edquido: 18,1kg Peso Bruto: 21,0kg Consumo (220v):1,3kw\/h<\/p>\n","protected":false},"featured_media":11523,"comment_status":"open","ping_status":"closed","template":"","meta":[],"product_brand":[],"product_cat":[300],"product_tag":[],"class_list":{"0":"post-11524","1":"product","2":"type-product","3":"status-publish","4":"has-post-thumbnail","6":"product_cat-chapa-char-broiler","8":"first","9":"instock","10":"shipping-taxable","11":"purchasable","12":"product-type-simple"},"_links":{"self":[{"href":"https:\/\/twsites.com.br\/novomigcenter\/index.php?rest_route=\/wp\/v2\/product\/11524","targetHints":{"allow":["GET"]}}],"collection":[{"href":"https:\/\/twsites.com.br\/novomigcenter\/index.php?rest_route=\/wp\/v2\/product"}],"about":[{"href":"https:\/\/twsites.com.br\/novomigcenter\/index.php?rest_route=\/wp\/v2\/types\/product"}],"replies":[{"embeddable":true,"href":"https:\/\/twsites.com.br\/novomigcenter\/index.php?rest_route=%2Fwp%2Fv2%2Fcomments&post=11524"}],"wp:featuredmedia":[{"embeddable":true,"href":"https:\/\/twsites.com.br\/novomigcenter\/index.php?rest_route=\/wp\/v2\/media\/11523"}],"wp:attachment":[{"href":"https:\/\/twsites.com.br\/novomigcenter\/index.php?rest_route=%2Fwp%2Fv2%2Fmedia&parent=11524"}],"wp:term":[{"taxonomy":"product_brand","embeddable":true,"href":"https:\/\/twsites.com.br\/novomigcenter\/index.php?rest_route=%2Fwp%2Fv2%2Fproduct_brand&post=11524"},{"taxonomy":"product_cat","embeddable":true,"href":"https:\/\/twsites.com.br\/novomigcenter\/index.php?rest_route=%2Fwp%2Fv2%2Fproduct_cat&post=11524"},{"taxonomy":"product_tag","embeddable":true,"href":"https:\/\/twsites.com.br\/novomigcenter\/index.php?rest_route=%2Fwp%2Fv2%2Fproduct_tag&post=11524"}],"curies":[{"name":"wp","href":"https:\/\/api.w.org\/{rel}","templated":true}]}}