{"id":11526,"date":"2017-07-28T15:50:32","date_gmt":"2017-07-28T15:50:32","guid":{"rendered":"https:\/\/twsites.com.br\/novomigcenter\/?product=churrasqueira-eletrica-ce06-gr3e"},"modified":"2017-07-28T15:50:32","modified_gmt":"2017-07-28T15:50:32","slug":"churrasqueira-eletrica-ce06-gr3e","status":"publish","type":"product","link":"https:\/\/twsites.com.br\/novomigcenter\/?product=churrasqueira-eletrica-ce06-gr3e","title":{"rendered":"Churrasqueira El\u00e9trica (64 cm) &#8211; Croydon"},"content":{"rendered":"<h3><font face=\"Arial\">Dados T\u00e9cnicos<\/font><\/h3>\n<p><font face=\"Arial\">\u00c1rea \u00datil de Trabalho(cm x cm):64 x 40<br \/><b> Pot\u00eancia <\/b>(220v):4200W<br \/><b> Corrente<\/b> (220v):19,1A<br \/><b> Altura: <\/b>36cm<br \/><b> Largura: <\/b>74cm<br \/><b> Profundidade:&nbsp;<\/b>52cm<br \/><b> Peso L\u00edquido:<\/b> 28,7kg<br \/><b> Peso Bruto:<\/b> 35,0kg<br \/><b> Consumo<\/b> (220v):1,9kw\/h<\/font><\/p>\n","protected":false},"excerpt":{"rendered":"<p>Dados T\u00e9cnicos \u00c1rea \u00datil de Trabalho(cm x cm):64 x 40 Pot\u00eancia (220v):4200W Corrente (220v):19,1A Altura: 36cm Largura: 74cm Profundidade:&nbsp;52cm Peso L\u00edquido: 28,7kg Peso Bruto: 35,0kg Consumo (220v):1,9kw\/h<\/p>\n","protected":false},"featured_media":11525,"comment_status":"open","ping_status":"closed","template":"","meta":[],"product_brand":[],"product_cat":[300],"product_tag":[],"class_list":{"0":"post-11526","1":"product","2":"type-product","3":"status-publish","4":"has-post-thumbnail","6":"product_cat-chapa-char-broiler","8":"first","9":"instock","10":"shipping-taxable","11":"purchasable","12":"product-type-simple"},"_links":{"self":[{"href":"https:\/\/twsites.com.br\/novomigcenter\/index.php?rest_route=\/wp\/v2\/product\/11526","targetHints":{"allow":["GET"]}}],"collection":[{"href":"https:\/\/twsites.com.br\/novomigcenter\/index.php?rest_route=\/wp\/v2\/product"}],"about":[{"href":"https:\/\/twsites.com.br\/novomigcenter\/index.php?rest_route=\/wp\/v2\/types\/product"}],"replies":[{"embeddable":true,"href":"https:\/\/twsites.com.br\/novomigcenter\/index.php?rest_route=%2Fwp%2Fv2%2Fcomments&post=11526"}],"wp:featuredmedia":[{"embeddable":true,"href":"https:\/\/twsites.com.br\/novomigcenter\/index.php?rest_route=\/wp\/v2\/media\/11525"}],"wp:attachment":[{"href":"https:\/\/twsites.com.br\/novomigcenter\/index.php?rest_route=%2Fwp%2Fv2%2Fmedia&parent=11526"}],"wp:term":[{"taxonomy":"product_brand","embeddable":true,"href":"https:\/\/twsites.com.br\/novomigcenter\/index.php?rest_route=%2Fwp%2Fv2%2Fproduct_brand&post=11526"},{"taxonomy":"product_cat","embeddable":true,"href":"https:\/\/twsites.com.br\/novomigcenter\/index.php?rest_route=%2Fwp%2Fv2%2Fproduct_cat&post=11526"},{"taxonomy":"product_tag","embeddable":true,"href":"https:\/\/twsites.com.br\/novomigcenter\/index.php?rest_route=%2Fwp%2Fv2%2Fproduct_tag&post=11526"}],"curies":[{"name":"wp","href":"https:\/\/api.w.org\/{rel}","templated":true}]}}