{"id":11530,"date":"2017-07-28T15:55:22","date_gmt":"2017-07-28T15:55:22","guid":{"rendered":"https:\/\/twsites.com.br\/novomigcenter\/?product=churrasqueira-eletrica-ce10-gr1e"},"modified":"2017-07-28T15:55:22","modified_gmt":"2017-07-28T15:55:22","slug":"churrasqueira-eletrica-ce10-gr1e","status":"publish","type":"product","link":"https:\/\/twsites.com.br\/novomigcenter\/?product=churrasqueira-eletrica-ce10-gr1e","title":{"rendered":"Churrasqueira El\u00e9trica (1 metro) &#8211; Croydon"},"content":{"rendered":"<div class=\"col-md-7\">\n<div class=\"box-descricao-tecnica\">\n<h3><font face=\"Arial\">Dados T\u00e9cnicos<\/font><\/h3>\n<p><font face=\"Arial\">\u00c1rea \u00datil de Trabalho(cm x cm):100 x 48<br \/> Pot\u00eancia (220v):6000W<br \/><b> Corrente<\/b> (220v):27,3A<br \/> Altura:36cm<br \/><b> Largura:<\/b>101cm<br \/> Profundidade:59cm<br \/><b> Peso L\u00edquido: <\/b>54,3kg<br \/><b> Peso Bruto<\/b>: 60,5kg<br \/><b> Consumo<\/b> (220v):3,0kw\/h<\/font><\/p>\n<\/p><\/div>\n<\/p><\/div>\n","protected":false},"excerpt":{"rendered":"<p>Dados T\u00e9cnicos \u00c1rea \u00datil de Trabalho(cm x cm):100 x 48 Pot\u00eancia (220v):6000W Corrente (220v):27,3A Altura:36cm Largura:101cm Profundidade:59cm Peso L\u00edquido: 54,3kg Peso Bruto: 60,5kg Consumo (220v):3,0kw\/h<\/p>\n","protected":false},"featured_media":11529,"comment_status":"open","ping_status":"closed","template":"","meta":[],"product_brand":[],"product_cat":[300],"product_tag":[],"class_list":{"0":"post-11530","1":"product","2":"type-product","3":"status-publish","4":"has-post-thumbnail","6":"product_cat-chapa-char-broiler","8":"first","9":"instock","10":"shipping-taxable","11":"purchasable","12":"product-type-simple"},"_links":{"self":[{"href":"https:\/\/twsites.com.br\/novomigcenter\/index.php?rest_route=\/wp\/v2\/product\/11530","targetHints":{"allow":["GET"]}}],"collection":[{"href":"https:\/\/twsites.com.br\/novomigcenter\/index.php?rest_route=\/wp\/v2\/product"}],"about":[{"href":"https:\/\/twsites.com.br\/novomigcenter\/index.php?rest_route=\/wp\/v2\/types\/product"}],"replies":[{"embeddable":true,"href":"https:\/\/twsites.com.br\/novomigcenter\/index.php?rest_route=%2Fwp%2Fv2%2Fcomments&post=11530"}],"wp:featuredmedia":[{"embeddable":true,"href":"https:\/\/twsites.com.br\/novomigcenter\/index.php?rest_route=\/wp\/v2\/media\/11529"}],"wp:attachment":[{"href":"https:\/\/twsites.com.br\/novomigcenter\/index.php?rest_route=%2Fwp%2Fv2%2Fmedia&parent=11530"}],"wp:term":[{"taxonomy":"product_brand","embeddable":true,"href":"https:\/\/twsites.com.br\/novomigcenter\/index.php?rest_route=%2Fwp%2Fv2%2Fproduct_brand&post=11530"},{"taxonomy":"product_cat","embeddable":true,"href":"https:\/\/twsites.com.br\/novomigcenter\/index.php?rest_route=%2Fwp%2Fv2%2Fproduct_cat&post=11530"},{"taxonomy":"product_tag","embeddable":true,"href":"https:\/\/twsites.com.br\/novomigcenter\/index.php?rest_route=%2Fwp%2Fv2%2Fproduct_tag&post=11530"}],"curies":[{"name":"wp","href":"https:\/\/api.w.org\/{rel}","templated":true}]}}