{"id":11536,"date":"2017-07-28T16:01:43","date_gmt":"2017-07-28T16:01:43","guid":{"rendered":"https:\/\/twsites.com.br\/novomigcenter\/?product=grill-chapa-de-ferro-fundido-estriada-croydon"},"modified":"2017-07-28T16:01:43","modified_gmt":"2017-07-28T16:01:43","slug":"grill-chapa-de-ferro-fundido-estriada-croydon","status":"publish","type":"product","link":"https:\/\/twsites.com.br\/novomigcenter\/?product=grill-chapa-de-ferro-fundido-estriada-croydon","title":{"rendered":"Grill Chapa de Ferro Fundido \u2013 Estriada &#8211; Croydon"},"content":{"rendered":"<div class=\"col-md-7\">\n<div class=\"box-descricao-tecnica\">\n<h3 style=\"margin: 0cm 0cm 6.75pt; background-image: initial; background-position: initial; background-size: initial; background-repeat: initial; background-attachment: initial; background-origin: initial; background-clip: initial;\"><span style=\"font-size: 14pt;\"><font face=\"Arial\"><b style=\"\"><span style=\"font-size: 14px;\">Dados T\u00e9cnicos<\/span><\/b><o:p><\/o:p><\/font><\/span><\/h3>\n<h3><span style=\"font-size: 14px;\">  <\/span><\/p>\n<p style=\"margin: 0cm 0cm 6.75pt; background-image: initial; background-position: initial; background-size: initial; background-repeat: initial; background-attachment: initial; background-origin: initial; background-clip: initial;\"><font face=\"Arial\"><b><span style=\"font-size: 14px;\">\u00c1rea \u00datil de Trabalho (cm x cm):<\/span><\/b><span style=\"font-size: 14pt;\"><span style=\"font-size: 14px;\"> 33 x 31<\/span><o:p><\/o:p><\/span><\/font><\/p>\n<p><span style=\"font-size: 14px;\">  <\/span><\/p>\n<p style=\"margin: 0cm 0cm 6.75pt; background-image: initial; background-position: initial; background-size: initial; background-repeat: initial; background-attachment: initial; background-origin: initial; background-clip: initial;\"><font face=\"Arial\"><b><span style=\"font-size: 14px;\">Pot\u00eancia(220v):<\/span><\/b><span style=\"font-size: 14pt;\"><span style=\"font-size: 14px;\"> 3200W<\/span><o:p><\/o:p><\/span><\/font><\/p>\n<p><span style=\"font-size: 14px;\">  <\/span><\/p>\n<p style=\"margin: 0cm 0cm 6.75pt; background-image: initial; background-position: initial; background-size: initial; background-repeat: initial; background-attachment: initial; background-origin: initial; background-clip: initial;\"><font face=\"Arial\"><b><span style=\"font-size: 14px;\">Pot\u00eancia(127v)<\/span><\/b><span style=\"font-size: 14pt;\"><span style=\"font-size: 14px;\"> :2200W<\/span><o:p><\/o:p><\/span><\/font><\/p>\n<p><span style=\"font-size: 14px;\">  <\/span><\/p>\n<p style=\"margin: 0cm 0cm 6.75pt; background-image: initial; background-position: initial; background-size: initial; background-repeat: initial; background-attachment: initial; background-origin: initial; background-clip: initial;\"><font face=\"Arial\"><b><span style=\"font-size: 14px;\">Corrente(220v):<\/span><\/b><span style=\"font-size: 14pt;\"><span style=\"font-size: 14px;\"> 14,5\u00aa<\/span><o:p><\/o:p><\/span><\/font><\/p>\n<p><span style=\"font-size: 14px;\">  <\/span><\/p>\n<p style=\"margin: 0cm 0cm 6.75pt; background-image: initial; background-position: initial; background-size: initial; background-repeat: initial; background-attachment: initial; background-origin: initial; background-clip: initial;\"><font face=\"Arial\"><b><span style=\"font-size: 14px;\">Corrente(127v):<\/span><\/b><span style=\"font-size: 14pt;\"><span style=\"font-size: 14px;\"> 17,3\u00aa<\/span><o:p><\/o:p><\/span><\/font><\/p>\n<p><span style=\"font-size: 14px;\">  <\/span><\/p>\n<p style=\"margin: 0cm 0cm 6.75pt; background-image: initial; background-position: initial; background-size: initial; background-repeat: initial; background-attachment: initial; background-origin: initial; background-clip: initial;\"><font face=\"Arial\"><b><span style=\"font-size: 14px;\">Altura:<\/span><\/b><span style=\"font-size: 14pt;\"><span style=\"font-size: 14px;\"> 32cm<\/span><o:p><\/o:p><\/span><\/font><\/p>\n<p><span style=\"font-size: 14px;\">  <\/span><\/p>\n<p style=\"margin: 0cm 0cm 6.75pt; background-image: initial; background-position: initial; background-size: initial; background-repeat: initial; background-attachment: initial; background-origin: initial; background-clip: initial;\"><font face=\"Arial\"><b><span style=\"font-size: 14px;\">Largura:<\/span><\/b><span style=\"font-size: 14pt;\"><span style=\"font-size: 14px;\"> 45cm<\/span><o:p><\/o:p><\/span><\/font><\/p>\n<p><span style=\"font-size: 14px;\">  <\/span><\/p>\n<p style=\"margin: 0cm 0cm 6.75pt; background-image: initial; background-position: initial; background-size: initial; background-repeat: initial; background-attachment: initial; background-origin: initial; background-clip: initial;\"><font face=\"Arial\"><b><span style=\"font-size: 14px;\">Profundidade:<\/span><\/b><span style=\"font-size: 14pt;\"><span style=\"font-size: 14px;\"> 43cm<\/span><o:p><\/o:p><\/span><\/font><\/p>\n<p><span style=\"font-size: 14px;\">  <\/span><\/p>\n<p style=\"margin: 0cm 0cm 6.75pt; background-image: initial; background-position: initial; background-size: initial; background-repeat: initial; background-attachment: initial; background-origin: initial; background-clip: initial;\"><font face=\"Arial\"><b><span style=\"font-size: 14px;\">Peso L\u00edquido:<\/span><\/b><span style=\"font-size: 14pt;\"><span style=\"font-size: 14px;\"> 25,0kg<\/span><o:p><\/o:p><\/span><\/font><\/p>\n<p><span style=\"font-size: 14px;\">  <\/span><\/p>\n<p style=\"margin: 0cm 0cm 6.75pt; background-image: initial; background-position: initial; background-size: initial; background-repeat: initial; background-attachment: initial; background-origin: initial; background-clip: initial;\"><font face=\"Arial\"><b><span style=\"font-size: 14px;\">Peso Bruto:<\/span><\/b><span style=\"font-size: 14pt;\"><span style=\"font-size: 14px;\"> 26,3kg<\/span><o:p><\/o:p><\/span><\/font><\/p>\n<p><span style=\"font-size: 14px;\">  <\/span><\/p>\n<p style=\"margin: 0cm 0cm 6.75pt; background-image: initial; background-position: initial; background-size: initial; background-repeat: initial; background-attachment: initial; background-origin: initial; background-clip: initial;\"><font face=\"Arial\"><b><span style=\"font-size: 14px;\">Consumo(220v):<\/span><\/b><span style=\"font-size: 14pt;\"><span style=\"font-size: 14px;\"> 1,6kw\/h<\/span><o:p><\/o:p><\/span><\/font><\/p>\n<p><span style=\"font-size: 14px;\">  <\/span><\/p>\n<p style=\"margin: 0cm 0cm 6.75pt; background-image: initial; background-position: initial; background-size: initial; background-repeat: initial; background-attachment: initial; background-origin: initial; background-clip: initial;\"><b><span style=\"font-size: 14px;\"><font face=\"Arial\">Consumo(127v):<\/font><\/span><\/b><span style=\"font-size: 14pt;\"><font face=\"Arial\"><span style=\"font-size: 14px;\"> 1,0kw\/h<\/span><\/font><font face=\"Arial Narrow, sans-serif\"><o:p><\/o:p><\/font><\/span><\/p>\n<\/h3><\/div>\n<\/p><\/div>\n","protected":false},"excerpt":{"rendered":"<p>Dados T\u00e9cnicos \u00c1rea \u00datil de Trabalho (cm x cm): 33 x 31 Pot\u00eancia(220v): 3200W Pot\u00eancia(127v) :2200W Corrente(220v): 14,5\u00aa Corrente(127v): 17,3\u00aa Altura: 32cm Largura: 45cm Profundidade: 43cm Peso L\u00edquido: 25,0kg Peso Bruto: 26,3kg Consumo(220v): 1,6kw\/h Consumo(127v): 1,0kw\/h<\/p>\n","protected":false},"featured_media":11535,"comment_status":"open","ping_status":"closed","template":"","meta":[],"product_brand":[],"product_cat":[300],"product_tag":[],"class_list":{"0":"post-11536","1":"product","2":"type-product","3":"status-publish","4":"has-post-thumbnail","6":"product_cat-chapa-char-broiler","8":"first","9":"instock","10":"shipping-taxable","11":"purchasable","12":"product-type-simple"},"_links":{"self":[{"href":"https:\/\/twsites.com.br\/novomigcenter\/index.php?rest_route=\/wp\/v2\/product\/11536","targetHints":{"allow":["GET"]}}],"collection":[{"href":"https:\/\/twsites.com.br\/novomigcenter\/index.php?rest_route=\/wp\/v2\/product"}],"about":[{"href":"https:\/\/twsites.com.br\/novomigcenter\/index.php?rest_route=\/wp\/v2\/types\/product"}],"replies":[{"embeddable":true,"href":"https:\/\/twsites.com.br\/novomigcenter\/index.php?rest_route=%2Fwp%2Fv2%2Fcomments&post=11536"}],"wp:featuredmedia":[{"embeddable":true,"href":"https:\/\/twsites.com.br\/novomigcenter\/index.php?rest_route=\/wp\/v2\/media\/11535"}],"wp:attachment":[{"href":"https:\/\/twsites.com.br\/novomigcenter\/index.php?rest_route=%2Fwp%2Fv2%2Fmedia&parent=11536"}],"wp:term":[{"taxonomy":"product_brand","embeddable":true,"href":"https:\/\/twsites.com.br\/novomigcenter\/index.php?rest_route=%2Fwp%2Fv2%2Fproduct_brand&post=11536"},{"taxonomy":"product_cat","embeddable":true,"href":"https:\/\/twsites.com.br\/novomigcenter\/index.php?rest_route=%2Fwp%2Fv2%2Fproduct_cat&post=11536"},{"taxonomy":"product_tag","embeddable":true,"href":"https:\/\/twsites.com.br\/novomigcenter\/index.php?rest_route=%2Fwp%2Fv2%2Fproduct_tag&post=11536"}],"curies":[{"name":"wp","href":"https:\/\/api.w.org\/{rel}","templated":true}]}}