{"id":11542,"date":"2017-07-28T16:12:24","date_gmt":"2017-07-28T16:12:24","guid":{"rendered":"https:\/\/twsites.com.br\/novomigcenter\/?product=fritadeira-eletrica-de-mesa-5000w-agua-e-oleo-croydon"},"modified":"2017-07-28T16:12:24","modified_gmt":"2017-07-28T16:12:24","slug":"fritadeira-eletrica-de-mesa-5000w-agua-e-oleo-croydon","status":"publish","type":"product","link":"https:\/\/twsites.com.br\/novomigcenter\/?product=fritadeira-eletrica-de-mesa-5000w-agua-e-oleo-croydon","title":{"rendered":"Fritadeira Eletrica. de Mesa 5000w (\u00e1gua e \u00f3leo) &#8211; Croydon"},"content":{"rendered":"<h3 style=\"margin-top:0cm;margin-right:0cm;margin-bottom:6.75pt;margin-left: 0cm\"><span style=\"font-size: 14pt;\"><font face=\"Arial\"><b style=\"\"><span style=\"font-size: 14px;\">Dados T\u00e9cnicos<\/span><\/b><o:p><\/o:p><\/font><\/span><\/h3>\n<p><span style=\"font-size: 14px;\">  <\/span><\/p>\n<p style=\"margin: 0cm 0cm 6.75pt;\"><font face=\"Arial\"><b><span style=\"font-size: 14px;\">Capacidade Nominal \u00d3leo:<\/span><\/b><span style=\"font-size: 14pt;\"><span style=\"font-size: 14px;\"> 23 litros<\/span><o:p><\/o:p><\/span><\/font><\/p>\n<p><span style=\"font-size: 14px;\">  <\/span><\/p>\n<p style=\"margin-top:0cm;margin-right:0cm;margin-bottom:6.75pt;margin-left: 0cm\"><font face=\"Arial\"><b><span style=\"font-size: 14px;\">Produ\u00e7\u00e3o M\u00e9dia: <\/span><\/b><span style=\"font-size: 14pt;\"><span style=\"font-size: 14px;\">48kg\/h<\/span><b><o:p><\/o:p><\/b><\/span><\/font><\/p>\n<p><span style=\"font-size: 14px;\">  <\/span><\/p>\n<p style=\"margin-top:0cm;margin-right:0cm;margin-bottom:6.75pt;margin-left: 0cm\"><font face=\"Arial\"><b><span style=\"font-size: 14px;\">Pot\u00eancia(220v): <\/span><\/b><span style=\"font-size: 14pt;\"><span style=\"font-size: 14px;\">5000W<\/span><b><o:p><\/o:p><\/b><\/span><\/font><\/p>\n<p><span style=\"font-size: 14px;\">  <\/span><\/p>\n<p style=\"margin-top:0cm;margin-right:0cm;margin-bottom:6.75pt;margin-left: 0cm\"><font face=\"Arial\"><b><span style=\"font-size: 14px;\">Corrente(220v): <\/span><\/b><span style=\"font-size: 14pt;\"><span style=\"font-size: 14px;\">22,7A<\/span><b><o:p><\/o:p><\/b><\/span><\/font><\/p>\n<p><span style=\"font-size: 14px;\">  <\/span><\/p>\n<p style=\"margin-top:0cm;margin-right:0cm;margin-bottom:6.75pt;margin-left: 0cm\"><font face=\"Arial\"><b><span style=\"font-size: 14px;\">Altura:<\/span><\/b><span style=\"font-size: 14pt;\"><span style=\"font-size: 14px;\"> 48cm<\/span><b><o:p><\/o:p><\/b><\/span><\/font><\/p>\n<p><span style=\"font-size: 14px;\">  <\/span><\/p>\n<p style=\"margin-top:0cm;margin-right:0cm;margin-bottom:6.75pt;margin-left: 0cm\"><font face=\"Arial\"><b><span style=\"font-size: 14px;\">Largura:<\/span><\/b><span style=\"font-size: 14pt;\"><span style=\"font-size: 14px;\"> 41cm<\/span><b><o:p><\/o:p><\/b><\/span><\/font><\/p>\n<p><span style=\"font-size: 14px;\">  <\/span><\/p>\n<p style=\"margin-top:0cm;margin-right:0cm;margin-bottom:6.75pt;margin-left: 0cm\"><font face=\"Arial\"><b><span style=\"font-size: 14px;\">Profundidade:<\/span><\/b><span style=\"font-size: 14pt;\"><span style=\"font-size: 14px;\"> 50cm<\/span><b><o:p><\/o:p><\/b><\/span><\/font><\/p>\n<p><span style=\"font-size: 14px;\">  <\/span><\/p>\n<p style=\"margin-top:0cm;margin-right:0cm;margin-bottom:6.75pt;margin-left: 0cm\"><font face=\"Arial\"><b><span style=\"font-size: 14px;\">Peso L\u00edquido:<\/span><\/b><span style=\"font-size: 14pt;\"><span style=\"font-size: 14px;\"> 12,3kg<\/span><b><o:p><\/o:p><\/b><\/span><\/font><\/p>\n<p><span style=\"font-size: 14px;\">  <\/span><\/p>\n<p style=\"margin-top:0cm;margin-right:0cm;margin-bottom:6.75pt;margin-left: 0cm\"><font face=\"Arial\"><b><span style=\"font-size: 14px;\">Peso Bruto:<\/span><\/b><span style=\"font-size: 14pt;\"><span style=\"font-size: 14px;\"> 15,0kg<\/span><b><o:p><\/o:p><\/b><\/span><\/font><\/p>\n<p><span style=\"font-size: 14px;\">  <\/span><\/p>\n<h3 style=\"color: rgb(0, 0, 0);\"><font face=\"Arial\"><b style=\"font-size: 13px;\"><span style=\"font-size: 14px;\">Consumo(220v):<\/span><\/b><span style=\"font-size: 14px;\"> 2,5kw\/h<\/span><\/font><br \/><\/h3>\n","protected":false},"excerpt":{"rendered":"<p>Dados T\u00e9cnicos Capacidade Nominal \u00d3leo: 23 litros Produ\u00e7\u00e3o M\u00e9dia: 48kg\/h Pot\u00eancia(220v): 5000W Corrente(220v): 22,7A Altura: 48cm Largura: 41cm Profundidade: 50cm Peso L\u00edquido: 12,3kg Peso Bruto: 15,0kg Consumo(220v): 2,5kw\/h<\/p>\n","protected":false},"featured_media":11541,"comment_status":"open","ping_status":"closed","template":"","meta":[],"product_brand":[],"product_cat":[310],"product_tag":[],"class_list":{"0":"post-11542","1":"product","2":"type-product","3":"status-publish","4":"has-post-thumbnail","6":"product_cat-fritadeira","8":"first","9":"instock","10":"shipping-taxable","11":"purchasable","12":"product-type-simple"},"_links":{"self":[{"href":"https:\/\/twsites.com.br\/novomigcenter\/index.php?rest_route=\/wp\/v2\/product\/11542","targetHints":{"allow":["GET"]}}],"collection":[{"href":"https:\/\/twsites.com.br\/novomigcenter\/index.php?rest_route=\/wp\/v2\/product"}],"about":[{"href":"https:\/\/twsites.com.br\/novomigcenter\/index.php?rest_route=\/wp\/v2\/types\/product"}],"replies":[{"embeddable":true,"href":"https:\/\/twsites.com.br\/novomigcenter\/index.php?rest_route=%2Fwp%2Fv2%2Fcomments&post=11542"}],"wp:featuredmedia":[{"embeddable":true,"href":"https:\/\/twsites.com.br\/novomigcenter\/index.php?rest_route=\/wp\/v2\/media\/11541"}],"wp:attachment":[{"href":"https:\/\/twsites.com.br\/novomigcenter\/index.php?rest_route=%2Fwp%2Fv2%2Fmedia&parent=11542"}],"wp:term":[{"taxonomy":"product_brand","embeddable":true,"href":"https:\/\/twsites.com.br\/novomigcenter\/index.php?rest_route=%2Fwp%2Fv2%2Fproduct_brand&post=11542"},{"taxonomy":"product_cat","embeddable":true,"href":"https:\/\/twsites.com.br\/novomigcenter\/index.php?rest_route=%2Fwp%2Fv2%2Fproduct_cat&post=11542"},{"taxonomy":"product_tag","embeddable":true,"href":"https:\/\/twsites.com.br\/novomigcenter\/index.php?rest_route=%2Fwp%2Fv2%2Fproduct_tag&post=11542"}],"curies":[{"name":"wp","href":"https:\/\/api.w.org\/{rel}","templated":true}]}}