{"id":11546,"date":"2017-07-28T16:16:24","date_gmt":"2017-07-28T16:16:24","guid":{"rendered":"https:\/\/twsites.com.br\/novomigcenter\/?product=fritadeira-eletrica-de-mesa-5000w-digital-zona-fria-fzm5d-croydon"},"modified":"2017-07-28T16:16:24","modified_gmt":"2017-07-28T16:16:24","slug":"fritadeira-eletrica-de-mesa-5000w-digital-zona-fria-fzm5d-croydon","status":"publish","type":"product","link":"https:\/\/twsites.com.br\/novomigcenter\/?product=fritadeira-eletrica-de-mesa-5000w-digital-zona-fria-fzm5d-croydon","title":{"rendered":"Fritadeira El\u00e9trica de mesa 5000w Digital (Zona Fria) &#8211; Croydon"},"content":{"rendered":"<h3><font face=\"Arial\"><span style=\"font-size: 18px;\"><b>Dados T\u00e9cnicos<\/b><\/span><\/font><\/h3>\n<p><span style=\"font-size: 14px;\">                                 <\/span><\/p>\n<p><font face=\"Arial\"><span style=\"font-size: 14px;\"><b>Produ\u00e7\u00e3o M\u00e9dia:<\/b> 48kg\/h<\/span><br \/><span style=\"font-size: 14px;\"><b> Pot\u00eancia(220v):<\/b> 5000W<\/span><br \/><span style=\"font-size: 14px;\"><b> Corrente(220v): <\/b>22,7A<\/span><br \/><span style=\"font-size: 14px;\"><b> Altura:<\/b> 48cm<\/span><br \/><span style=\"font-size: 14px;\"><b> Largura:<\/b> 41cm<\/span><br \/><span style=\"font-size: 14px;\"><b> Profundidade:<\/b> 50cm<\/span><br \/><span style=\"font-size: 14px;\"><b> Peso L\u00edquido: <\/b>12,3kg<\/span><br \/><span style=\"font-size: 14px;\"><b> Peso Bruto:<\/b> 15,0kg<\/span><br \/><span style=\"font-size: 14px;\"><b> Consumo(220v): <\/b>2,5kw\/h<\/span><\/font><\/p>\n","protected":false},"excerpt":{"rendered":"<p>Dados T\u00e9cnicos Produ\u00e7\u00e3o M\u00e9dia: 48kg\/h Pot\u00eancia(220v): 5000W Corrente(220v): 22,7A Altura: 48cm Largura: 41cm Profundidade: 50cm Peso L\u00edquido: 12,3kg Peso Bruto: 15,0kg Consumo(220v): 2,5kw\/h<\/p>\n","protected":false},"featured_media":11545,"comment_status":"open","ping_status":"closed","template":"","meta":[],"product_brand":[],"product_cat":[310],"product_tag":[],"class_list":{"0":"post-11546","1":"product","2":"type-product","3":"status-publish","4":"has-post-thumbnail","6":"product_cat-fritadeira","8":"first","9":"instock","10":"shipping-taxable","11":"purchasable","12":"product-type-simple"},"_links":{"self":[{"href":"https:\/\/twsites.com.br\/novomigcenter\/index.php?rest_route=\/wp\/v2\/product\/11546","targetHints":{"allow":["GET"]}}],"collection":[{"href":"https:\/\/twsites.com.br\/novomigcenter\/index.php?rest_route=\/wp\/v2\/product"}],"about":[{"href":"https:\/\/twsites.com.br\/novomigcenter\/index.php?rest_route=\/wp\/v2\/types\/product"}],"replies":[{"embeddable":true,"href":"https:\/\/twsites.com.br\/novomigcenter\/index.php?rest_route=%2Fwp%2Fv2%2Fcomments&post=11546"}],"wp:featuredmedia":[{"embeddable":true,"href":"https:\/\/twsites.com.br\/novomigcenter\/index.php?rest_route=\/wp\/v2\/media\/11545"}],"wp:attachment":[{"href":"https:\/\/twsites.com.br\/novomigcenter\/index.php?rest_route=%2Fwp%2Fv2%2Fmedia&parent=11546"}],"wp:term":[{"taxonomy":"product_brand","embeddable":true,"href":"https:\/\/twsites.com.br\/novomigcenter\/index.php?rest_route=%2Fwp%2Fv2%2Fproduct_brand&post=11546"},{"taxonomy":"product_cat","embeddable":true,"href":"https:\/\/twsites.com.br\/novomigcenter\/index.php?rest_route=%2Fwp%2Fv2%2Fproduct_cat&post=11546"},{"taxonomy":"product_tag","embeddable":true,"href":"https:\/\/twsites.com.br\/novomigcenter\/index.php?rest_route=%2Fwp%2Fv2%2Fproduct_tag&post=11546"}],"curies":[{"name":"wp","href":"https:\/\/api.w.org\/{rel}","templated":true}]}}