{"id":11550,"date":"2017-07-28T16:20:02","date_gmt":"2017-07-28T16:20:02","guid":{"rendered":"https:\/\/twsites.com.br\/novomigcenter\/?product=fritadeira-eletrica-de-mesa-8000w-digital-zona-fria-croydon"},"modified":"2017-07-28T16:20:02","modified_gmt":"2017-07-28T16:20:02","slug":"fritadeira-eletrica-de-mesa-8000w-digital-zona-fria-croydon","status":"publish","type":"product","link":"https:\/\/twsites.com.br\/novomigcenter\/?product=fritadeira-eletrica-de-mesa-8000w-digital-zona-fria-croydon","title":{"rendered":"Fritadeira El\u00e9trica de Mesa 8000w Digital (Zona Fria) &#8211; Croydon"},"content":{"rendered":"<h3><font face=\"Arial\"><span style=\"font-size: 18px;\">Dados T\u00e9cnicos<\/span><\/font><\/h3>\n<p><span style=\"font-size: 14px;\">                                 <\/span><\/p>\n<p><font face=\"Arial\"><span style=\"font-size: 14px;\">Produ\u00e7\u00e3o M\u00e9dia:48kg\/h<\/span><br \/><span style=\"font-size: 14px;\"><b> Pot\u00eancia:<\/b> (220v):8000W<\/span><br \/><span style=\"font-size: 14px;\"><b> Corrente: <\/b>(220v):36,4A<\/span><br \/><span style=\"font-size: 14px;\"><b> Altura: <\/b>48cm<\/span><br \/><span style=\"font-size: 14px;\"><b> Largura<\/b>: 41cm<\/span><br \/><span style=\"font-size: 14px;\"><b> Profundidade:<\/b> 50cm<\/span><br \/><span style=\"font-size: 14px;\"><b> Peso L\u00edquido: <\/b>12,3kg<\/span><br \/><span style=\"font-size: 14px;\"><b> Peso Bruto:<\/b>15,0kg<\/span><br \/><span style=\"font-size: 14px;\"><b> Consumo:<\/b> (220v):2,5kw\/h<\/span><\/font><\/p>\n","protected":false},"excerpt":{"rendered":"<p>Dados T\u00e9cnicos Produ\u00e7\u00e3o M\u00e9dia:48kg\/h Pot\u00eancia: (220v):8000W Corrente: (220v):36,4A Altura: 48cm Largura: 41cm Profundidade: 50cm Peso L\u00edquido: 12,3kg Peso Bruto:15,0kg Consumo: (220v):2,5kw\/h<\/p>\n","protected":false},"featured_media":11549,"comment_status":"open","ping_status":"closed","template":"","meta":[],"product_brand":[],"product_cat":[310],"product_tag":[],"class_list":{"0":"post-11550","1":"product","2":"type-product","3":"status-publish","4":"has-post-thumbnail","6":"product_cat-fritadeira","8":"first","9":"instock","10":"shipping-taxable","11":"purchasable","12":"product-type-simple"},"_links":{"self":[{"href":"https:\/\/twsites.com.br\/novomigcenter\/index.php?rest_route=\/wp\/v2\/product\/11550","targetHints":{"allow":["GET"]}}],"collection":[{"href":"https:\/\/twsites.com.br\/novomigcenter\/index.php?rest_route=\/wp\/v2\/product"}],"about":[{"href":"https:\/\/twsites.com.br\/novomigcenter\/index.php?rest_route=\/wp\/v2\/types\/product"}],"replies":[{"embeddable":true,"href":"https:\/\/twsites.com.br\/novomigcenter\/index.php?rest_route=%2Fwp%2Fv2%2Fcomments&post=11550"}],"wp:featuredmedia":[{"embeddable":true,"href":"https:\/\/twsites.com.br\/novomigcenter\/index.php?rest_route=\/wp\/v2\/media\/11549"}],"wp:attachment":[{"href":"https:\/\/twsites.com.br\/novomigcenter\/index.php?rest_route=%2Fwp%2Fv2%2Fmedia&parent=11550"}],"wp:term":[{"taxonomy":"product_brand","embeddable":true,"href":"https:\/\/twsites.com.br\/novomigcenter\/index.php?rest_route=%2Fwp%2Fv2%2Fproduct_brand&post=11550"},{"taxonomy":"product_cat","embeddable":true,"href":"https:\/\/twsites.com.br\/novomigcenter\/index.php?rest_route=%2Fwp%2Fv2%2Fproduct_cat&post=11550"},{"taxonomy":"product_tag","embeddable":true,"href":"https:\/\/twsites.com.br\/novomigcenter\/index.php?rest_route=%2Fwp%2Fv2%2Fproduct_tag&post=11550"}],"curies":[{"name":"wp","href":"https:\/\/api.w.org\/{rel}","templated":true}]}}