{"id":11556,"date":"2017-07-28T16:24:59","date_gmt":"2017-07-28T16:24:59","guid":{"rendered":"https:\/\/twsites.com.br\/novomigcenter\/?product=fritadeira-eletrica-5000-w-digital-zona-fria-croydon-fz25d"},"modified":"2017-07-28T16:24:59","modified_gmt":"2017-07-28T16:24:59","slug":"fritadeira-eletrica-5000-w-digital-zona-fria-croydon-fz25d","status":"publish","type":"product","link":"https:\/\/twsites.com.br\/novomigcenter\/?product=fritadeira-eletrica-5000-w-digital-zona-fria-croydon-fz25d","title":{"rendered":"Fritadeira El\u00e9trica 5000w Digital (Zona Fria) &#8211; Croydon"},"content":{"rendered":"<h3><font face=\"Arial\"><span style=\"font-size: 18px;\"><b>Dados T\u00e9cnicos<\/b><\/span><\/font><\/h3>\n<p><font face=\"Arial\"><span style=\"font-size: 14px;\"><b>                                 Produ\u00e7\u00e3o M\u00e9dia:<\/b> 58kg\/h<\/span><br \/><span style=\"font-size: 14px;\"><b> Pot\u00eancia(220v):<\/b> 5000W<\/span><br \/><span style=\"font-size: 14px;\"><b> Corrente(220v)<\/b>: 22,7A<\/span><br \/><span style=\"font-size: 14px;\"><b> Altura<\/b>: 97cm<\/span><br \/><span style=\"font-size: 14px;\"><b> Largura: <\/b>41cm<\/span><br \/><span style=\"font-size: 14px;\"><b> Profundidade: <\/b>50cm<\/span><br \/><span style=\"font-size: 14px;\"><b> Peso L\u00edquido:<\/b> 19,0kg<\/span><br \/><span style=\"font-size: 14px;\"><b> Peso Bruto:<\/b> 22,0kg<\/span><br \/><span style=\"font-size: 14px;\"><b> Consumo (220v):<\/b> 2,5kw\/h<\/span><\/font><\/p>\n","protected":false},"excerpt":{"rendered":"<p>Dados T\u00e9cnicos Produ\u00e7\u00e3o M\u00e9dia: 58kg\/h Pot\u00eancia(220v): 5000W Corrente(220v): 22,7A Altura: 97cm Largura: 41cm Profundidade: 50cm Peso L\u00edquido: 19,0kg Peso Bruto: 22,0kg Consumo (220v): 2,5kw\/h<\/p>\n","protected":false},"featured_media":11555,"comment_status":"open","ping_status":"closed","template":"","meta":[],"product_brand":[],"product_cat":[310],"product_tag":[],"class_list":{"0":"post-11556","1":"product","2":"type-product","3":"status-publish","4":"has-post-thumbnail","6":"product_cat-fritadeira","8":"first","9":"instock","10":"shipping-taxable","11":"purchasable","12":"product-type-simple"},"_links":{"self":[{"href":"https:\/\/twsites.com.br\/novomigcenter\/index.php?rest_route=\/wp\/v2\/product\/11556","targetHints":{"allow":["GET"]}}],"collection":[{"href":"https:\/\/twsites.com.br\/novomigcenter\/index.php?rest_route=\/wp\/v2\/product"}],"about":[{"href":"https:\/\/twsites.com.br\/novomigcenter\/index.php?rest_route=\/wp\/v2\/types\/product"}],"replies":[{"embeddable":true,"href":"https:\/\/twsites.com.br\/novomigcenter\/index.php?rest_route=%2Fwp%2Fv2%2Fcomments&post=11556"}],"wp:featuredmedia":[{"embeddable":true,"href":"https:\/\/twsites.com.br\/novomigcenter\/index.php?rest_route=\/wp\/v2\/media\/11555"}],"wp:attachment":[{"href":"https:\/\/twsites.com.br\/novomigcenter\/index.php?rest_route=%2Fwp%2Fv2%2Fmedia&parent=11556"}],"wp:term":[{"taxonomy":"product_brand","embeddable":true,"href":"https:\/\/twsites.com.br\/novomigcenter\/index.php?rest_route=%2Fwp%2Fv2%2Fproduct_brand&post=11556"},{"taxonomy":"product_cat","embeddable":true,"href":"https:\/\/twsites.com.br\/novomigcenter\/index.php?rest_route=%2Fwp%2Fv2%2Fproduct_cat&post=11556"},{"taxonomy":"product_tag","embeddable":true,"href":"https:\/\/twsites.com.br\/novomigcenter\/index.php?rest_route=%2Fwp%2Fv2%2Fproduct_tag&post=11556"}],"curies":[{"name":"wp","href":"https:\/\/api.w.org\/{rel}","templated":true}]}}