{"id":11562,"date":"2017-07-28T16:33:51","date_gmt":"2017-07-28T16:33:51","guid":{"rendered":"https:\/\/twsites.com.br\/novomigcenter\/?product=fritadeira-eletrica-8000w-digital-zona-fria-fz28d-croydon"},"modified":"2017-07-28T16:33:51","modified_gmt":"2017-07-28T16:33:51","slug":"fritadeira-eletrica-8000w-digital-zona-fria-fz28d-croydon","status":"publish","type":"product","link":"https:\/\/twsites.com.br\/novomigcenter\/?product=fritadeira-eletrica-8000w-digital-zona-fria-fz28d-croydon","title":{"rendered":"Fritadeira El\u00e9trica 8000w Digital (Zona Fria) &#8211; Croydon"},"content":{"rendered":"<h3><font face=\"Arial\"><span style=\"font-size: 18px;\"><b>Dados T\u00e9cnicos<\/b><\/span><\/font><\/h3>\n<p><font face=\"Arial\"><b><span style=\"font-size: 14px;\">                                 Produ\u00e7\u00e3o M\u00e9dia:&nbsp;<\/span><\/b><span style=\"font-size: 14px;\">92kg\/h<\/span><br \/><b><span style=\"font-size: 14px;\"> Pot\u00eancia(220v):&nbsp;<\/span><\/b><span style=\"font-size: 14px;\">8000W<\/span><br \/><b><span style=\"font-size: 14px;\"> Corrente(220v): <\/span><\/b><span style=\"font-size: 14px;\">36,4 A<\/span><br \/><b><span style=\"font-size: 14px;\"> Altura:&nbsp;<\/span><\/b><span style=\"font-size: 14px;\">97cm<\/span><br \/><b><span style=\"font-size: 14px;\"> Largura:&nbsp;<\/span><\/b><span style=\"font-size: 14px;\">41cm<\/span><br \/><b><span style=\"font-size: 14px;\"> Profundidade:&nbsp;<\/span><\/b><span style=\"font-size: 14px;\">50cm<\/span><br \/><b><span style=\"font-size: 14px;\"> Peso L\u00edquido:<\/span><\/b><span style=\"font-size: 14px;\">19,0kg<\/span><br \/><b><span style=\"font-size: 14px;\"> Peso Bruto:<\/span><\/b><span style=\"font-size: 14px;\">22,0kg<\/span><br \/><b><span style=\"font-size: 14px;\"> Consumo(220v):<\/span><\/b><span style=\"font-size: 14px;\">4,0kw\/h<\/span><\/font><\/p>\n","protected":false},"excerpt":{"rendered":"<p>Dados T\u00e9cnicos Produ\u00e7\u00e3o M\u00e9dia:&nbsp;92kg\/h Pot\u00eancia(220v):&nbsp;8000W Corrente(220v): 36,4 A Altura:&nbsp;97cm Largura:&nbsp;41cm Profundidade:&nbsp;50cm Peso L\u00edquido:19,0kg Peso Bruto:22,0kg Consumo(220v):4,0kw\/h<\/p>\n","protected":false},"featured_media":11561,"comment_status":"open","ping_status":"closed","template":"","meta":[],"product_brand":[],"product_cat":[310],"product_tag":[],"class_list":{"0":"post-11562","1":"product","2":"type-product","3":"status-publish","4":"has-post-thumbnail","6":"product_cat-fritadeira","8":"first","9":"instock","10":"shipping-taxable","11":"purchasable","12":"product-type-simple"},"_links":{"self":[{"href":"https:\/\/twsites.com.br\/novomigcenter\/index.php?rest_route=\/wp\/v2\/product\/11562","targetHints":{"allow":["GET"]}}],"collection":[{"href":"https:\/\/twsites.com.br\/novomigcenter\/index.php?rest_route=\/wp\/v2\/product"}],"about":[{"href":"https:\/\/twsites.com.br\/novomigcenter\/index.php?rest_route=\/wp\/v2\/types\/product"}],"replies":[{"embeddable":true,"href":"https:\/\/twsites.com.br\/novomigcenter\/index.php?rest_route=%2Fwp%2Fv2%2Fcomments&post=11562"}],"wp:featuredmedia":[{"embeddable":true,"href":"https:\/\/twsites.com.br\/novomigcenter\/index.php?rest_route=\/wp\/v2\/media\/11561"}],"wp:attachment":[{"href":"https:\/\/twsites.com.br\/novomigcenter\/index.php?rest_route=%2Fwp%2Fv2%2Fmedia&parent=11562"}],"wp:term":[{"taxonomy":"product_brand","embeddable":true,"href":"https:\/\/twsites.com.br\/novomigcenter\/index.php?rest_route=%2Fwp%2Fv2%2Fproduct_brand&post=11562"},{"taxonomy":"product_cat","embeddable":true,"href":"https:\/\/twsites.com.br\/novomigcenter\/index.php?rest_route=%2Fwp%2Fv2%2Fproduct_cat&post=11562"},{"taxonomy":"product_tag","embeddable":true,"href":"https:\/\/twsites.com.br\/novomigcenter\/index.php?rest_route=%2Fwp%2Fv2%2Fproduct_tag&post=11562"}],"curies":[{"name":"wp","href":"https:\/\/api.w.org\/{rel}","templated":true}]}}