{"id":11564,"date":"2017-07-28T16:35:51","date_gmt":"2017-07-28T16:35:51","guid":{"rendered":"https:\/\/twsites.com.br\/novomigcenter\/?product=fritadeira-eletrica-3-litros-fc1a-croydon"},"modified":"2017-07-28T16:35:51","modified_gmt":"2017-07-28T16:35:51","slug":"fritadeira-eletrica-3-litros-fc1a-croydon","status":"publish","type":"product","link":"https:\/\/twsites.com.br\/novomigcenter\/?product=fritadeira-eletrica-3-litros-fc1a-croydon","title":{"rendered":"Fritadeira El\u00e9trica (3 litros) &#8211; Croydon"},"content":{"rendered":"<h3><b><font face=\"Arial\"><span style=\"font-size: 18px;\">Dados T\u00e9cnicos<\/span><\/font><\/b><\/h3>\n<p><font face=\"Arial\" style=\"\"><b>                                 Capacidade Nominal \u00d3leo: <\/b>3 litros<br \/><b> Produ\u00e7\u00e3o M\u00e9dia:&nbsp;<\/b>12kg\/h<br \/><b> Pot\u00eancia(127v):<\/b> 1600W<br \/><b> Pot\u00eancia(220v):&nbsp;<\/b>2000W<br \/><b> Corrente(127v): <\/b>12,6A<br \/><b> Corrente(220v):<\/b> 9,1A<b> <\/b><br \/><b> Altura: <\/b>34cm<br \/><b> Largura:<\/b> 19cm<br \/><b> Profundidade: <\/b>45cm<br \/><b> Peso L\u00edquido: <\/b>3,7kg<br \/><b> Peso Bruto: <\/b>4,7kg<br \/><b> Consumo(127v): <\/b>0,8kw\/h<br \/><b> Consumo(220v):<\/b>1,0kw\/h<\/font><\/p>\n","protected":false},"excerpt":{"rendered":"<p>Dados T\u00e9cnicos Capacidade Nominal \u00d3leo: 3 litros Produ\u00e7\u00e3o M\u00e9dia:&nbsp;12kg\/h Pot\u00eancia(127v): 1600W Pot\u00eancia(220v):&nbsp;2000W Corrente(127v): 12,6A Corrente(220v): 9,1A Altura: 34cm Largura: 19cm Profundidade: 45cm Peso L\u00edquido: 3,7kg Peso Bruto: 4,7kg Consumo(127v): 0,8kw\/h Consumo(220v):1,0kw\/h<\/p>\n","protected":false},"featured_media":11563,"comment_status":"open","ping_status":"closed","template":"","meta":[],"product_brand":[],"product_cat":[310],"product_tag":[],"class_list":{"0":"post-11564","1":"product","2":"type-product","3":"status-publish","4":"has-post-thumbnail","6":"product_cat-fritadeira","8":"first","9":"instock","10":"shipping-taxable","11":"purchasable","12":"product-type-simple"},"_links":{"self":[{"href":"https:\/\/twsites.com.br\/novomigcenter\/index.php?rest_route=\/wp\/v2\/product\/11564","targetHints":{"allow":["GET"]}}],"collection":[{"href":"https:\/\/twsites.com.br\/novomigcenter\/index.php?rest_route=\/wp\/v2\/product"}],"about":[{"href":"https:\/\/twsites.com.br\/novomigcenter\/index.php?rest_route=\/wp\/v2\/types\/product"}],"replies":[{"embeddable":true,"href":"https:\/\/twsites.com.br\/novomigcenter\/index.php?rest_route=%2Fwp%2Fv2%2Fcomments&post=11564"}],"wp:featuredmedia":[{"embeddable":true,"href":"https:\/\/twsites.com.br\/novomigcenter\/index.php?rest_route=\/wp\/v2\/media\/11563"}],"wp:attachment":[{"href":"https:\/\/twsites.com.br\/novomigcenter\/index.php?rest_route=%2Fwp%2Fv2%2Fmedia&parent=11564"}],"wp:term":[{"taxonomy":"product_brand","embeddable":true,"href":"https:\/\/twsites.com.br\/novomigcenter\/index.php?rest_route=%2Fwp%2Fv2%2Fproduct_brand&post=11564"},{"taxonomy":"product_cat","embeddable":true,"href":"https:\/\/twsites.com.br\/novomigcenter\/index.php?rest_route=%2Fwp%2Fv2%2Fproduct_cat&post=11564"},{"taxonomy":"product_tag","embeddable":true,"href":"https:\/\/twsites.com.br\/novomigcenter\/index.php?rest_route=%2Fwp%2Fv2%2Fproduct_tag&post=11564"}],"curies":[{"name":"wp","href":"https:\/\/api.w.org\/{rel}","templated":true}]}}