{"id":11570,"date":"2017-07-28T16:42:30","date_gmt":"2017-07-28T16:42:30","guid":{"rendered":"https:\/\/twsites.com.br\/novomigcenter\/?product=fritadeira-eletrica-45-litros-croydon-fc1b"},"modified":"2017-07-28T16:42:30","modified_gmt":"2017-07-28T16:42:30","slug":"fritadeira-eletrica-45-litros-croydon-fc1b","status":"publish","type":"product","link":"https:\/\/twsites.com.br\/novomigcenter\/?product=fritadeira-eletrica-45-litros-croydon-fc1b","title":{"rendered":"Fritadeira El\u00e9trica (4,5 litros) &#8211; Croydon"},"content":{"rendered":"<h3><font face=\"Arial\"><span style=\"font-size: 14px;\">Dados T\u00e9cnicos<\/span><\/font><\/h3>\n<p><font face=\"Arial\"><span style=\"font-size: 14px;\"><b>                                 Capacidade Nominal \u00d3leo:<\/b> 4,5 litros<\/span><br \/><span style=\"font-size: 14px;\"><b> Produ\u00e7\u00e3o M\u00e9dia:&nbsp;<\/b>18kg\/h<\/span><br \/><span style=\"font-size: 14px;\"><b> Pot\u00eancia(220v):&nbsp;<\/b>2900W<\/span><br \/><span style=\"font-size: 14px;\"><b> Pot\u00eancia(127v):&nbsp;<\/b>1600W<\/span><br \/><span style=\"font-size: 14px;\"><b> Corrente(220v):&nbsp;<\/b>13,2A<\/span><br \/><span style=\"font-size: 14px;\"><b> Corrente(127v):&nbsp;<\/b>12,6A<\/span><br \/><span style=\"font-size: 14px;\"><b> Altura:&nbsp;<\/b>34cm<\/span><br \/><span style=\"font-size: 14px;\"><b> Largura:&nbsp;<\/b>27cm<\/span><br \/><span style=\"font-size: 14px;\"><b> Profundidade:&nbsp;<\/b>45cm<\/span><br \/><span style=\"font-size: 14px;\"><b> Peso L\u00edquido:&nbsp;<\/b>4,5kg<\/span><br \/><span style=\"font-size: 14px;\"><b> Peso Bruto:&nbsp;<\/b>5,9kg<\/span><br \/><span style=\"font-size: 14px;\"><b> Consumo(220v):&nbsp;<\/b>1,5kw\/h<\/span><br \/><span style=\"font-size: 14px;\"><b> Consumo(127v):&nbsp;<\/b>0,8kw\/h<\/span><\/font><\/p>\n","protected":false},"excerpt":{"rendered":"<p>Dados T\u00e9cnicos Capacidade Nominal \u00d3leo: 4,5 litros Produ\u00e7\u00e3o M\u00e9dia:&nbsp;18kg\/h Pot\u00eancia(220v):&nbsp;2900W Pot\u00eancia(127v):&nbsp;1600W Corrente(220v):&nbsp;13,2A Corrente(127v):&nbsp;12,6A Altura:&nbsp;34cm Largura:&nbsp;27cm Profundidade:&nbsp;45cm Peso L\u00edquido:&nbsp;4,5kg Peso Bruto:&nbsp;5,9kg Consumo(220v):&nbsp;1,5kw\/h Consumo(127v):&nbsp;0,8kw\/h<\/p>\n","protected":false},"featured_media":11569,"comment_status":"open","ping_status":"closed","template":"","meta":[],"product_brand":[],"product_cat":[310],"product_tag":[],"class_list":{"0":"post-11570","1":"product","2":"type-product","3":"status-publish","4":"has-post-thumbnail","6":"product_cat-fritadeira","8":"first","9":"instock","10":"shipping-taxable","11":"purchasable","12":"product-type-simple"},"_links":{"self":[{"href":"https:\/\/twsites.com.br\/novomigcenter\/index.php?rest_route=\/wp\/v2\/product\/11570","targetHints":{"allow":["GET"]}}],"collection":[{"href":"https:\/\/twsites.com.br\/novomigcenter\/index.php?rest_route=\/wp\/v2\/product"}],"about":[{"href":"https:\/\/twsites.com.br\/novomigcenter\/index.php?rest_route=\/wp\/v2\/types\/product"}],"replies":[{"embeddable":true,"href":"https:\/\/twsites.com.br\/novomigcenter\/index.php?rest_route=%2Fwp%2Fv2%2Fcomments&post=11570"}],"wp:featuredmedia":[{"embeddable":true,"href":"https:\/\/twsites.com.br\/novomigcenter\/index.php?rest_route=\/wp\/v2\/media\/11569"}],"wp:attachment":[{"href":"https:\/\/twsites.com.br\/novomigcenter\/index.php?rest_route=%2Fwp%2Fv2%2Fmedia&parent=11570"}],"wp:term":[{"taxonomy":"product_brand","embeddable":true,"href":"https:\/\/twsites.com.br\/novomigcenter\/index.php?rest_route=%2Fwp%2Fv2%2Fproduct_brand&post=11570"},{"taxonomy":"product_cat","embeddable":true,"href":"https:\/\/twsites.com.br\/novomigcenter\/index.php?rest_route=%2Fwp%2Fv2%2Fproduct_cat&post=11570"},{"taxonomy":"product_tag","embeddable":true,"href":"https:\/\/twsites.com.br\/novomigcenter\/index.php?rest_route=%2Fwp%2Fv2%2Fproduct_tag&post=11570"}],"curies":[{"name":"wp","href":"https:\/\/api.w.org\/{rel}","templated":true}]}}