{"id":11572,"date":"2017-07-28T16:44:24","date_gmt":"2017-07-28T16:44:24","guid":{"rendered":"https:\/\/twsites.com.br\/novomigcenter\/?product=fritadeira-eletrica-3-litros-45-litros-croydon"},"modified":"2017-07-28T16:44:24","modified_gmt":"2017-07-28T16:44:24","slug":"fritadeira-eletrica-3-litros-45-litros-croydon","status":"publish","type":"product","link":"https:\/\/twsites.com.br\/novomigcenter\/?product=fritadeira-eletrica-3-litros-45-litros-croydon","title":{"rendered":"Fritadeira El\u00e9trica (3 litros + 4,5 litros) &#8211; Croydon"},"content":{"rendered":"<h3 style=\"margin-top:0cm;margin-right:0cm;margin-bottom:6.75pt;margin-left: 0cm\"><span style=\"font-size: 14pt;\"><font face=\"Arial\"><b style=\"\"><span style=\"font-size: 14px;\">Dados T\u00e9cnicos<\/span><\/b><o:p><\/o:p><\/font><\/span><\/h3>\n<h3 style=\"color: rgb(0, 0, 0);\"><span style=\"font-size: 14px;\">  <\/span><\/p>\n<p style=\"margin: 0cm 0cm 6.75pt;\"><font face=\"Arial\"><b><span style=\"font-size: 14px;\">Capacidade Nominal \u00d3leo:<\/span><\/b><span style=\"font-size: 14pt;\"><span style=\"font-size: 14px;\"> 3,0 + 4,5 litros<\/span><o:p><\/o:p><\/span><\/font><\/p>\n<p><span style=\"font-size: 14px;\">  <\/span><\/p>\n<p style=\"margin: 0cm 0cm 6.75pt;\"><font face=\"Arial\"><b><span style=\"font-size: 14px;\">Produ\u00e7\u00e3o M\u00e9dia:<\/span><\/b><span style=\"font-size: 14pt;\"><span style=\"font-size: 14px;\"> 30kg\/h<\/span><o:p><\/o:p><\/span><\/font><\/p>\n<p><span style=\"font-size: 14px;\">  <\/span><\/p>\n<p style=\"margin: 0cm 0cm 6.75pt;\"><font face=\"Arial\"><b><span style=\"font-size: 14px;\">Pot\u00eancia(220v):<\/span><\/b><span style=\"font-size: 14pt;\"><span style=\"font-size: 14px;\"> 2000+2900W<\/span><o:p><\/o:p><\/span><\/font><\/p>\n<p><span style=\"font-size: 14px;\">  <\/span><\/p>\n<p style=\"margin: 0cm 0cm 6.75pt;\"><font face=\"Arial\"><b><span style=\"font-size: 14px;\">Pot\u00eancia(127v):<\/span><\/b><span style=\"font-size: 14pt;\"><span style=\"font-size: 14px;\"> 2x1600W<\/span><o:p><\/o:p><\/span><\/font><\/p>\n<p><span style=\"font-size: 14px;\">  <\/span><\/p>\n<p style=\"margin: 0cm 0cm 6.75pt;\"><font face=\"Arial\"><b><span style=\"font-size: 14px;\">Corrente(220v):<\/span><\/b><span style=\"font-size: 14pt;\"><span style=\"font-size: 14px;\"> 9,1+13,2\u00aa<\/span><o:p><\/o:p><\/span><\/font><\/p>\n<p><span style=\"font-size: 14px;\">  <\/span><\/p>\n<p style=\"margin: 0cm 0cm 6.75pt;\"><font face=\"Arial\"><b><span style=\"font-size: 14px;\">Corrente(127v):<\/span><\/b><span style=\"font-size: 14pt;\"><span style=\"font-size: 14px;\"> 2&#215;12,6\u00aa<\/span><o:p><\/o:p><\/span><\/font><\/p>\n<p><span style=\"font-size: 14px;\">  <\/span><\/p>\n<p style=\"margin: 0cm 0cm 6.75pt;\"><font face=\"Arial\"><b><span style=\"font-size: 14px;\">Altura:<\/span><\/b><span style=\"font-size: 14pt;\"><span style=\"font-size: 14px;\"> 34cm<\/span><o:p><\/o:p><\/span><\/font><\/p>\n<p><span style=\"font-size: 14px;\">  <\/span><\/p>\n<p style=\"margin: 0cm 0cm 6.75pt;\"><font face=\"Arial\"><b><span style=\"font-size: 14px;\">Largura:<\/span><\/b><span style=\"font-size: 14pt;\"><span style=\"font-size: 14px;\"> 46cm<\/span><o:p><\/o:p><\/span><\/font><\/p>\n<p><span style=\"font-size: 14px;\">  <\/span><\/p>\n<p style=\"margin: 0cm 0cm 6.75pt;\"><font face=\"Arial\"><b><span style=\"font-size: 14px;\">Profundidade:<\/span><\/b><span style=\"font-size: 14pt;\"><span style=\"font-size: 14px;\"> 45cm<\/span><o:p><\/o:p><\/span><\/font><\/p>\n<p><span style=\"font-size: 14px;\">  <\/span><\/p>\n<p style=\"margin: 0cm 0cm 6.75pt;\"><font face=\"Arial\"><b><span style=\"font-size: 14px;\">Peso L\u00edquido:<\/span><\/b><span style=\"font-size: 14pt;\"><span style=\"font-size: 14px;\"> 7,1kg<\/span><o:p><\/o:p><\/span><\/font><\/p>\n<p><span style=\"font-size: 14px;\">  <\/span><\/p>\n<p style=\"margin: 0cm 0cm 6.75pt;\"><font face=\"Arial\"><b><span style=\"font-size: 14px;\">Peso Bruto:<\/span><\/b><span style=\"font-size: 14pt;\"><span style=\"font-size: 14px;\"> 9,1kg<\/span><o:p><\/o:p><\/span><\/font><\/p>\n<p><span style=\"font-size: 14px;\">  <\/span><\/p>\n<p style=\"margin: 0cm 0cm 6.75pt;\"><font face=\"Arial\"><b><span style=\"font-size: 14px;\">Consumo(220v):<\/span><\/b><span style=\"font-size: 14pt;\"><span style=\"font-size: 14px;\"> 2,5kw\/h<\/span><o:p><\/o:p><\/span><\/font><\/p>\n<p><span style=\"font-size: 14px;\">  <\/span><\/p>\n<p style=\"margin: 0cm 0cm 6.75pt;\"><b style=\"\"><span style=\"font-size: 14px;\"><font face=\"Arial\">Consumo(127v):<\/font><\/span><\/b><span style=\"font-size: 14pt;\"><font face=\"Arial\"><span style=\"font-size: 14px;\"> 1,6kw\/h<\/span><\/font><br \/><font face=\"Arial Narrow, sans-serif\"> &nbsp;&nbsp;<o:p><\/o:p><\/font><\/span><\/p>\n<p class=\"MsoNormal\" style=\"font-family: &quot;Open Sans&quot;, sans-serif;\"><span style=\"font-family:&quot;Arial Narrow&quot;,&quot;sans-serif&quot;\"><o:p>&nbsp;<\/o:p><\/span><\/p>\n<\/h3>\n","protected":false},"excerpt":{"rendered":"<p>Dados T\u00e9cnicos Capacidade Nominal \u00d3leo: 3,0 + 4,5 litros Produ\u00e7\u00e3o M\u00e9dia: 30kg\/h Pot\u00eancia(220v): 2000+2900W Pot\u00eancia(127v): 2x1600W Corrente(220v): 9,1+13,2\u00aa Corrente(127v): 2&#215;12,6\u00aa Altura: 34cm Largura: 46cm Profundidade: 45cm Peso L\u00edquido: 7,1kg Peso Bruto: 9,1kg Consumo(220v): 2,5kw\/h Consumo(127v): 1,6kw\/h &nbsp;&nbsp; &nbsp;<\/p>\n","protected":false},"featured_media":11571,"comment_status":"open","ping_status":"closed","template":"","meta":[],"product_brand":[],"product_cat":[310],"product_tag":[],"class_list":{"0":"post-11572","1":"product","2":"type-product","3":"status-publish","4":"has-post-thumbnail","6":"product_cat-fritadeira","8":"first","9":"instock","10":"shipping-taxable","11":"purchasable","12":"product-type-simple"},"_links":{"self":[{"href":"https:\/\/twsites.com.br\/novomigcenter\/index.php?rest_route=\/wp\/v2\/product\/11572","targetHints":{"allow":["GET"]}}],"collection":[{"href":"https:\/\/twsites.com.br\/novomigcenter\/index.php?rest_route=\/wp\/v2\/product"}],"about":[{"href":"https:\/\/twsites.com.br\/novomigcenter\/index.php?rest_route=\/wp\/v2\/types\/product"}],"replies":[{"embeddable":true,"href":"https:\/\/twsites.com.br\/novomigcenter\/index.php?rest_route=%2Fwp%2Fv2%2Fcomments&post=11572"}],"wp:featuredmedia":[{"embeddable":true,"href":"https:\/\/twsites.com.br\/novomigcenter\/index.php?rest_route=\/wp\/v2\/media\/11571"}],"wp:attachment":[{"href":"https:\/\/twsites.com.br\/novomigcenter\/index.php?rest_route=%2Fwp%2Fv2%2Fmedia&parent=11572"}],"wp:term":[{"taxonomy":"product_brand","embeddable":true,"href":"https:\/\/twsites.com.br\/novomigcenter\/index.php?rest_route=%2Fwp%2Fv2%2Fproduct_brand&post=11572"},{"taxonomy":"product_cat","embeddable":true,"href":"https:\/\/twsites.com.br\/novomigcenter\/index.php?rest_route=%2Fwp%2Fv2%2Fproduct_cat&post=11572"},{"taxonomy":"product_tag","embeddable":true,"href":"https:\/\/twsites.com.br\/novomigcenter\/index.php?rest_route=%2Fwp%2Fv2%2Fproduct_tag&post=11572"}],"curies":[{"name":"wp","href":"https:\/\/api.w.org\/{rel}","templated":true}]}}