{"id":11574,"date":"2017-07-28T16:47:14","date_gmt":"2017-07-28T16:47:14","guid":{"rendered":"https:\/\/twsites.com.br\/novomigcenter\/?product=fritadeira-eletrica-2x-45-litros-croydon"},"modified":"2017-07-28T16:47:14","modified_gmt":"2017-07-28T16:47:14","slug":"fritadeira-eletrica-2x-45-litros-croydon","status":"publish","type":"product","link":"https:\/\/twsites.com.br\/novomigcenter\/?product=fritadeira-eletrica-2x-45-litros-croydon","title":{"rendered":"Fritadeira El\u00e9trica (2x 4,5 litros) &#8211; Croydon"},"content":{"rendered":"<h3 style=\"margin-top:0cm;margin-right:0cm;margin-bottom:6.75pt;margin-left: 0cm\"><span style=\"font-size: 14pt;\"><font face=\"Arial\"><span style=\"font-size: 14px;\">Dados T\u00e9cnicos<\/span><o:p><\/o:p><\/font><\/span><\/h3>\n<p><span style=\"font-size: 14px;\">    <\/span><\/p>\n<p class=\"MsoNormal\"><font face=\"Arial\"><b><span style=\"font-size: 14px; line-height: 107%; background-image: initial; background-position: initial; background-size: initial; background-repeat: initial; background-attachment: initial; background-origin: initial; background-clip: initial;\">Capacidade Nominal \u00d3leo:<\/span><\/b><span style=\"font-size: 14px; line-height: 107%; background-image: initial; background-position: initial; background-size: initial; background-repeat: initial; background-attachment: initial; background-origin: initial; background-clip: initial;\"> 2 x 4,5 litros<\/span><o:p><\/o:p><\/font><\/p>\n<p><span style=\"font-size: 14px;\">  <\/span><\/p>\n<p class=\"MsoNormal\"><font face=\"Arial\"><b><span style=\"font-size: 14px; line-height: 107%; background-image: initial; background-position: initial; background-size: initial; background-repeat: initial; background-attachment: initial; background-origin: initial; background-clip: initial;\">Produ\u00e7\u00e3o M\u00e9dia:<\/span><\/b><span style=\"font-size: 14px; line-height: 107%; background-image: initial; background-position: initial; background-size: initial; background-repeat: initial; background-attachment: initial; background-origin: initial; background-clip: initial;\"> 36kg\/h<\/span><span style=\"font-size: 14pt; line-height: 107%;\"><o:p><\/o:p><\/span><\/font><\/p>\n<p><span style=\"font-size: 14px;\">  <\/span><\/p>\n<p class=\"MsoNormal\"><font face=\"Arial\"><b><span style=\"font-size: 14px; line-height: 107%; background-image: initial; background-position: initial; background-size: initial; background-repeat: initial; background-attachment: initial; background-origin: initial; background-clip: initial;\">Pot\u00eancia(220v):<\/span><\/b><span style=\"font-size: 14px; line-height: 107%; background-image: initial; background-position: initial; background-size: initial; background-repeat: initial; background-attachment: initial; background-origin: initial; background-clip: initial;\"> 2x2900W<\/span><span style=\"font-size: 14pt; line-height: 107%;\"><o:p><\/o:p><\/span><\/font><\/p>\n<p><span style=\"font-size: 14px;\">  <\/span><\/p>\n<p class=\"MsoNormal\"><font face=\"Arial\"><b><span style=\"font-size: 14px; line-height: 107%; background-image: initial; background-position: initial; background-size: initial; background-repeat: initial; background-attachment: initial; background-origin: initial; background-clip: initial;\">Pot\u00eancia(127v):<\/span><\/b><span style=\"font-size: 14px; line-height: 107%; background-image: initial; background-position: initial; background-size: initial; background-repeat: initial; background-attachment: initial; background-origin: initial; background-clip: initial;\"> 2x1600W<\/span><span style=\"font-size: 14pt; line-height: 107%;\"><o:p><\/o:p><\/span><\/font><\/p>\n<p><span style=\"font-size: 14px;\">  <\/span><\/p>\n<p class=\"MsoNormal\"><font face=\"Arial\"><b><span style=\"font-size: 14px; line-height: 107%; background-image: initial; background-position: initial; background-size: initial; background-repeat: initial; background-attachment: initial; background-origin: initial; background-clip: initial;\">Corrente(220v):<\/span><\/b><span style=\"font-size: 14px; line-height: 107%; background-image: initial; background-position: initial; background-size: initial; background-repeat: initial; background-attachment: initial; background-origin: initial; background-clip: initial;\"> 2&#215;13,2\u00aa<\/span><span style=\"font-size: 14pt; line-height: 107%;\"><o:p><\/o:p><\/span><\/font><\/p>\n<p><span style=\"font-size: 14px;\">  <\/span><\/p>\n<p class=\"MsoNormal\"><font face=\"Arial\"><b><span style=\"font-size: 14px; line-height: 107%; background-image: initial; background-position: initial; background-size: initial; background-repeat: initial; background-attachment: initial; background-origin: initial; background-clip: initial;\">Corrente(127v):<\/span><\/b><span style=\"font-size: 14px; line-height: 107%; background-image: initial; background-position: initial; background-size: initial; background-repeat: initial; background-attachment: initial; background-origin: initial; background-clip: initial;\"> 2&#215;12,6\u00aa<\/span><span style=\"font-size: 14pt; line-height: 107%;\"><o:p><\/o:p><\/span><\/font><\/p>\n<p><span style=\"font-size: 14px;\">  <\/span><\/p>\n<p class=\"MsoNormal\"><font face=\"Arial\"><b><span style=\"font-size: 14px; line-height: 107%; background-image: initial; background-position: initial; background-size: initial; background-repeat: initial; background-attachment: initial; background-origin: initial; background-clip: initial;\">Altura:<\/span><\/b><span style=\"font-size: 14px; line-height: 107%; background-image: initial; background-position: initial; background-size: initial; background-repeat: initial; background-attachment: initial; background-origin: initial; background-clip: initial;\"> 34cm<\/span><span style=\"font-size: 14pt; line-height: 107%;\"><o:p><\/o:p><\/span><\/font><\/p>\n<p><span style=\"font-size: 14px;\">  <\/span><\/p>\n<p class=\"MsoNormal\"><font face=\"Arial\"><b><span style=\"font-size: 14px; line-height: 107%; background-image: initial; background-position: initial; background-size: initial; background-repeat: initial; background-attachment: initial; background-origin: initial; background-clip: initial;\">Largura:<\/span><\/b><span style=\"font-size: 14px; line-height: 107%; background-image: initial; background-position: initial; background-size: initial; background-repeat: initial; background-attachment: initial; background-origin: initial; background-clip: initial;\"> 55cm<\/span><span style=\"font-size: 14pt; line-height: 107%;\"><o:p><\/o:p><\/span><\/font><\/p>\n<p><span style=\"font-size: 14px;\">  <\/span><\/p>\n<p class=\"MsoNormal\"><font face=\"Arial\"><b><span style=\"font-size: 14px; line-height: 107%; background-image: initial; background-position: initial; background-size: initial; background-repeat: initial; background-attachment: initial; background-origin: initial; background-clip: initial;\">Profundidade:<\/span><\/b><span style=\"font-size: 14px; line-height: 107%; background-image: initial; background-position: initial; background-size: initial; background-repeat: initial; background-attachment: initial; background-origin: initial; background-clip: initial;\"> 45cm<\/span><span style=\"font-size: 14pt; line-height: 107%;\"><o:p><\/o:p><\/span><\/font><\/p>\n<p><span style=\"font-size: 14px;\">  <\/span><\/p>\n<p class=\"MsoNormal\"><font face=\"Arial\"><b><span style=\"font-size: 14px; line-height: 107%; background-image: initial; background-position: initial; background-size: initial; background-repeat: initial; background-attachment: initial; background-origin: initial; background-clip: initial;\">Peso L\u00edquido:<\/span><\/b><span style=\"font-size: 14px; line-height: 107%; background-image: initial; background-position: initial; background-size: initial; background-repeat: initial; background-attachment: initial; background-origin: initial; background-clip: initial;\"> 8,0kg<\/span><span style=\"font-size: 14pt; line-height: 107%;\"><o:p><\/o:p><\/span><\/font><\/p>\n<p><span style=\"font-size: 14px;\">  <\/span><\/p>\n<p class=\"MsoNormal\"><font face=\"Arial\"><b><span style=\"font-size: 14px; line-height: 107%; background-image: initial; background-position: initial; background-size: initial; background-repeat: initial; background-attachment: initial; background-origin: initial; background-clip: initial;\">Peso Bruto:<\/span><\/b><span style=\"font-size: 14px; line-height: 107%; background-image: initial; background-position: initial; background-size: initial; background-repeat: initial; background-attachment: initial; background-origin: initial; background-clip: initial;\"> 10,2kg<\/span><span style=\"font-size: 14pt; line-height: 107%;\"><o:p><\/o:p><\/span><\/font><\/p>\n<p><span style=\"font-size: 14px;\">  <\/span><\/p>\n<p class=\"MsoNormal\"><font face=\"Arial\"><b><span style=\"font-size: 14px; line-height: 107%; background-image: initial; background-position: initial; background-size: initial; background-repeat: initial; background-attachment: initial; background-origin: initial; background-clip: initial;\">Consumo(220v):<\/span><\/b><span style=\"font-size: 14px; line-height: 107%; background-image: initial; background-position: initial; background-size: initial; background-repeat: initial; background-attachment: initial; background-origin: initial; background-clip: initial;\"> 3,0kw\/h<\/span><span style=\"font-size: 14pt; line-height: 107%;\"><o:p><\/o:p><\/span><\/font><\/p>\n<p><span style=\"font-size: 14px;\">  <\/span><\/p>\n<p class=\"MsoNormal\"><font face=\"Arial\"><b><span style=\"font-size: 14px; line-height: 107%; background-image: initial; background-position: initial; background-size: initial; background-repeat: initial; background-attachment: initial; background-origin: initial; background-clip: initial;\">Consumo(127v):<\/span><\/b><span style=\"font-size: 14px; line-height: 107%; background-image: initial; background-position: initial; background-size: initial; background-repeat: initial; background-attachment: initial; background-origin: initial; background-clip: initial;\"> 1,6kw\/h<\/span><span style=\"font-size: 14px;\">.<\/span><\/font><span style=\"font-size: 14pt; line-height: 107%; font-family: &quot;Arial Narrow&quot;, sans-serif; background-image: initial; background-position: initial; background-size: initial; background-repeat: initial; background-attachment: initial; background-origin: initial; background-clip: initial;\"><o:p><\/o:p><\/span><\/p>\n<h3><\/h3>\n","protected":false},"excerpt":{"rendered":"<p>Dados T\u00e9cnicos Capacidade Nominal \u00d3leo: 2 x 4,5 litros Produ\u00e7\u00e3o M\u00e9dia: 36kg\/h Pot\u00eancia(220v): 2x2900W Pot\u00eancia(127v): 2x1600W Corrente(220v): 2&#215;13,2\u00aa Corrente(127v): 2&#215;12,6\u00aa Altura: 34cm Largura: 55cm Profundidade: 45cm Peso L\u00edquido: 8,0kg Peso Bruto: 10,2kg Consumo(220v): 3,0kw\/h Consumo(127v): 1,6kw\/h.<\/p>\n","protected":false},"featured_media":11573,"comment_status":"open","ping_status":"closed","template":"","meta":[],"product_brand":[],"product_cat":[310],"product_tag":[],"class_list":{"0":"post-11574","1":"product","2":"type-product","3":"status-publish","4":"has-post-thumbnail","6":"product_cat-fritadeira","8":"first","9":"instock","10":"shipping-taxable","11":"purchasable","12":"product-type-simple"},"_links":{"self":[{"href":"https:\/\/twsites.com.br\/novomigcenter\/index.php?rest_route=\/wp\/v2\/product\/11574","targetHints":{"allow":["GET"]}}],"collection":[{"href":"https:\/\/twsites.com.br\/novomigcenter\/index.php?rest_route=\/wp\/v2\/product"}],"about":[{"href":"https:\/\/twsites.com.br\/novomigcenter\/index.php?rest_route=\/wp\/v2\/types\/product"}],"replies":[{"embeddable":true,"href":"https:\/\/twsites.com.br\/novomigcenter\/index.php?rest_route=%2Fwp%2Fv2%2Fcomments&post=11574"}],"wp:featuredmedia":[{"embeddable":true,"href":"https:\/\/twsites.com.br\/novomigcenter\/index.php?rest_route=\/wp\/v2\/media\/11573"}],"wp:attachment":[{"href":"https:\/\/twsites.com.br\/novomigcenter\/index.php?rest_route=%2Fwp%2Fv2%2Fmedia&parent=11574"}],"wp:term":[{"taxonomy":"product_brand","embeddable":true,"href":"https:\/\/twsites.com.br\/novomigcenter\/index.php?rest_route=%2Fwp%2Fv2%2Fproduct_brand&post=11574"},{"taxonomy":"product_cat","embeddable":true,"href":"https:\/\/twsites.com.br\/novomigcenter\/index.php?rest_route=%2Fwp%2Fv2%2Fproduct_cat&post=11574"},{"taxonomy":"product_tag","embeddable":true,"href":"https:\/\/twsites.com.br\/novomigcenter\/index.php?rest_route=%2Fwp%2Fv2%2Fproduct_tag&post=11574"}],"curies":[{"name":"wp","href":"https:\/\/api.w.org\/{rel}","templated":true}]}}