{"id":11580,"date":"2017-07-31T15:22:52","date_gmt":"2017-07-31T15:22:52","guid":{"rendered":"https:\/\/twsites.com.br\/novomigcenter\/?product=crepito-crpp-croydon"},"modified":"2017-07-31T15:22:52","modified_gmt":"2017-07-31T15:22:52","slug":"crepito-crpp-croydon","status":"publish","type":"product","link":"https:\/\/twsites.com.br\/novomigcenter\/?product=crepito-crpp-croydon","title":{"rendered":"Crepito &#8211; Croydon"},"content":{"rendered":"<h3 style=\"color: rgb(102, 102, 102); margin-top: 20px; margin-bottom: 10px; font-size: 24px;\"><font face=\"Arial\"><span style=\"font-size: 18px;\"><b>Dados T\u00e9cnicos<\/b><\/span><\/font><\/h3>\n<p style=\"margin-bottom: 0px; font-size: 14px;\">\n<p style=\"margin-bottom: 0px; font-size: 14px;\"><font face=\"Arial\"><span style=\"font-size: 14px;\">Capacidade Nominal :10 crepitos<\/span><br \/><span style=\"font-size: 14px;\">Produ\u00e7\u00e3o M\u00e9dia:60\/h<\/span><br \/><span style=\"font-size: 14px;\">Pot\u00eancia(220v):1800W<\/span><br \/><span style=\"font-size: 14px;\">Pot\u00eancia(127v):1800W<\/span><br \/><span style=\"font-size: 14px;\">Corrente(220v):8,2A<\/span><br \/><span style=\"font-size: 14px;\">Corrente(127v):14,2A<\/span><br \/><span style=\"font-size: 14px;\">Altura:20cm<\/span><br \/><span style=\"font-size: 14px;\">Largura:35cm<\/span><br \/><span style=\"font-size: 14px;\">Profundidade:53cm<\/span><br \/><span style=\"font-size: 14px;\">Peso L\u00edquido:10,0kg<\/span><br \/><span style=\"font-size: 14px;\">Peso Bruto:11,3kg<\/span><br \/><span style=\"font-size: 14px;\">Consumo(127v &#8211; 220v):0,9kw\/h<\/span><\/font><br \/><font face=\"latoregular\"><span style=\"font-size: 14px;\">&nbsp;<\/span><\/font><\/p>\n","protected":false},"excerpt":{"rendered":"<p>Dados T\u00e9cnicos Capacidade Nominal :10 crepitosProdu\u00e7\u00e3o M\u00e9dia:60\/hPot\u00eancia(220v):1800WPot\u00eancia(127v):1800WCorrente(220v):8,2ACorrente(127v):14,2AAltura:20cmLargura:35cmProfundidade:53cmPeso L\u00edquido:10,0kgPeso Bruto:11,3kgConsumo(127v &#8211; 220v):0,9kw\/h&nbsp;<\/p>\n","protected":false},"featured_media":11579,"comment_status":"open","ping_status":"closed","template":"","meta":[],"product_brand":[],"product_cat":[404],"product_tag":[],"class_list":{"0":"post-11580","1":"product","2":"type-product","3":"status-publish","4":"has-post-thumbnail","6":"product_cat-wafleira-casquinha-para-sorvete-crepito","8":"first","9":"instock","10":"shipping-taxable","11":"purchasable","12":"product-type-simple"},"_links":{"self":[{"href":"https:\/\/twsites.com.br\/novomigcenter\/index.php?rest_route=\/wp\/v2\/product\/11580","targetHints":{"allow":["GET"]}}],"collection":[{"href":"https:\/\/twsites.com.br\/novomigcenter\/index.php?rest_route=\/wp\/v2\/product"}],"about":[{"href":"https:\/\/twsites.com.br\/novomigcenter\/index.php?rest_route=\/wp\/v2\/types\/product"}],"replies":[{"embeddable":true,"href":"https:\/\/twsites.com.br\/novomigcenter\/index.php?rest_route=%2Fwp%2Fv2%2Fcomments&post=11580"}],"wp:featuredmedia":[{"embeddable":true,"href":"https:\/\/twsites.com.br\/novomigcenter\/index.php?rest_route=\/wp\/v2\/media\/11579"}],"wp:attachment":[{"href":"https:\/\/twsites.com.br\/novomigcenter\/index.php?rest_route=%2Fwp%2Fv2%2Fmedia&parent=11580"}],"wp:term":[{"taxonomy":"product_brand","embeddable":true,"href":"https:\/\/twsites.com.br\/novomigcenter\/index.php?rest_route=%2Fwp%2Fv2%2Fproduct_brand&post=11580"},{"taxonomy":"product_cat","embeddable":true,"href":"https:\/\/twsites.com.br\/novomigcenter\/index.php?rest_route=%2Fwp%2Fv2%2Fproduct_cat&post=11580"},{"taxonomy":"product_tag","embeddable":true,"href":"https:\/\/twsites.com.br\/novomigcenter\/index.php?rest_route=%2Fwp%2Fv2%2Fproduct_tag&post=11580"}],"curies":[{"name":"wp","href":"https:\/\/api.w.org\/{rel}","templated":true}]}}