{"id":11582,"date":"2017-07-31T15:27:42","date_gmt":"2017-07-31T15:27:42","guid":{"rendered":"https:\/\/twsites.com.br\/novomigcenter\/?product=crepito-gigante-crpg-croydon"},"modified":"2017-07-31T15:27:42","modified_gmt":"2017-07-31T15:27:42","slug":"crepito-gigante-crpg-croydon","status":"publish","type":"product","link":"https:\/\/twsites.com.br\/novomigcenter\/?product=crepito-gigante-crpg-croydon","title":{"rendered":"Crepito Gigante &#8211; Croydon"},"content":{"rendered":"<h3 style=\"color: rgb(102, 102, 102); margin-top: 20px; margin-bottom: 10px; font-size: 24px;\"><font face=\"Arial\"><span style=\"font-size: 18px;\"><b>Dados T\u00e9cnicos<\/b><\/span><\/font><\/h3>\n<p style=\"margin-bottom: 0px; font-size: 14px;\">\n<p style=\"margin-bottom: 0px; font-size: 14px;\"><font face=\"Arial\"><span style=\"font-size: 14px;\">Capacidade Nominal : 6 crepitos &#8211; &#8220;Gigantes&#8221;<\/span><br \/><span style=\"font-size: 14px;\">Produ\u00e7\u00e3o M\u00e9dia:60\/h<\/span><br \/><span style=\"font-size: 14px;\">Pot\u00eancia(220v):3500W<\/span><br \/><span style=\"font-size: 14px;\">Corrente(220v):15,9A<\/span><br \/><span style=\"font-size: 14px;\">Altura:23cm<\/span><br \/><span style=\"font-size: 14px;\">Largura:42cm<\/span><br \/><span style=\"font-size: 14px;\">Profundidade:43cm<\/span><br \/><span style=\"font-size: 14px;\">Peso L\u00edquido:13,7kg<\/span><br \/><span style=\"font-size: 14px;\">Peso Bruto:14,5kg<\/span><br \/><span style=\"font-size: 14px;\">Consumo(220v):1,6kw\/h<\/span><\/font><\/p>\n","protected":false},"excerpt":{"rendered":"<p>Dados T\u00e9cnicos Capacidade Nominal : 6 crepitos &#8211; &#8220;Gigantes&#8221;Produ\u00e7\u00e3o M\u00e9dia:60\/hPot\u00eancia(220v):3500WCorrente(220v):15,9AAltura:23cmLargura:42cmProfundidade:43cmPeso L\u00edquido:13,7kgPeso Bruto:14,5kgConsumo(220v):1,6kw\/h<\/p>\n","protected":false},"featured_media":11581,"comment_status":"open","ping_status":"closed","template":"","meta":[],"product_brand":[],"product_cat":[404],"product_tag":[],"class_list":{"0":"post-11582","1":"product","2":"type-product","3":"status-publish","4":"has-post-thumbnail","6":"product_cat-wafleira-casquinha-para-sorvete-crepito","8":"first","9":"instock","10":"shipping-taxable","11":"purchasable","12":"product-type-simple"},"_links":{"self":[{"href":"https:\/\/twsites.com.br\/novomigcenter\/index.php?rest_route=\/wp\/v2\/product\/11582","targetHints":{"allow":["GET"]}}],"collection":[{"href":"https:\/\/twsites.com.br\/novomigcenter\/index.php?rest_route=\/wp\/v2\/product"}],"about":[{"href":"https:\/\/twsites.com.br\/novomigcenter\/index.php?rest_route=\/wp\/v2\/types\/product"}],"replies":[{"embeddable":true,"href":"https:\/\/twsites.com.br\/novomigcenter\/index.php?rest_route=%2Fwp%2Fv2%2Fcomments&post=11582"}],"wp:featuredmedia":[{"embeddable":true,"href":"https:\/\/twsites.com.br\/novomigcenter\/index.php?rest_route=\/wp\/v2\/media\/11581"}],"wp:attachment":[{"href":"https:\/\/twsites.com.br\/novomigcenter\/index.php?rest_route=%2Fwp%2Fv2%2Fmedia&parent=11582"}],"wp:term":[{"taxonomy":"product_brand","embeddable":true,"href":"https:\/\/twsites.com.br\/novomigcenter\/index.php?rest_route=%2Fwp%2Fv2%2Fproduct_brand&post=11582"},{"taxonomy":"product_cat","embeddable":true,"href":"https:\/\/twsites.com.br\/novomigcenter\/index.php?rest_route=%2Fwp%2Fv2%2Fproduct_cat&post=11582"},{"taxonomy":"product_tag","embeddable":true,"href":"https:\/\/twsites.com.br\/novomigcenter\/index.php?rest_route=%2Fwp%2Fv2%2Fproduct_tag&post=11582"}],"curies":[{"name":"wp","href":"https:\/\/api.w.org\/{rel}","templated":true}]}}