{"id":11590,"date":"2017-07-31T15:34:26","date_gmt":"2017-07-31T15:34:26","guid":{"rendered":"https:\/\/twsites.com.br\/novomigcenter\/?product=wafleira-quadrada-dupla-mwqd-croydon"},"modified":"2017-07-31T15:34:26","modified_gmt":"2017-07-31T15:34:26","slug":"wafleira-quadrada-dupla-mwqd-croydon","status":"publish","type":"product","link":"https:\/\/twsites.com.br\/novomigcenter\/?product=wafleira-quadrada-dupla-mwqd-croydon","title":{"rendered":"Wafleira Quadrada Dupla &#8211; Croydon"},"content":{"rendered":"<h3 style=\"color: rgb(102, 102, 102); margin-top: 20px; margin-bottom: 10px; font-size: 24px;\"><font face=\"Arial\"><span style=\"font-size: 18px;\">Dados T\u00e9cnicos<\/span><\/font><\/h3>\n<p style=\"margin-bottom: 0px; font-size: 14px;\">\n<p style=\"margin-bottom: 0px; font-size: 14px;\"><font face=\"Arial\"><b>Capacidade Nominal : <\/b>8 waffles (quadrados)<br \/><b>Produ\u00e7\u00e3o M\u00e9dia:<\/b>160\/h<br \/><b>Pot\u00eancia(220v):<\/b>4000 W<br \/><b>Pot\u00eancia(127v):<\/b>4500 W<br \/><b>Corrente(220v):<\/b>18,2A<br \/><b>Corrente(127v):35,4A<\/b><br \/><b>Altura:&nbsp;<\/b>20cm<br \/><b>Largura:&nbsp;<\/b>66 cm<br \/><b>Profundidade:&nbsp;<\/b>53 cm<br \/><b>Peso L\u00edquido:<\/b>14,0 kg<br \/><b>Peso Bruto:<\/b>15,3 kg<br \/><b>Consumo <\/b>(127v &#8211; 220v): 2 kw h<\/font><br \/><font face=\"latoregular\">&nbsp;<\/font><\/p>\n","protected":false},"excerpt":{"rendered":"<p>Dados T\u00e9cnicos Capacidade Nominal : 8 waffles (quadrados)Produ\u00e7\u00e3o M\u00e9dia:160\/hPot\u00eancia(220v):4000 WPot\u00eancia(127v):4500 WCorrente(220v):18,2ACorrente(127v):35,4AAltura:&nbsp;20cmLargura:&nbsp;66 cmProfundidade:&nbsp;53 cmPeso L\u00edquido:14,0 kgPeso Bruto:15,3 kgConsumo (127v &#8211; 220v): 2 kw h&nbsp;<\/p>\n","protected":false},"featured_media":11589,"comment_status":"open","ping_status":"closed","template":"","meta":[],"product_brand":[],"product_cat":[404],"product_tag":[],"class_list":{"0":"post-11590","1":"product","2":"type-product","3":"status-publish","4":"has-post-thumbnail","6":"product_cat-wafleira-casquinha-para-sorvete-crepito","8":"first","9":"instock","10":"shipping-taxable","11":"purchasable","12":"product-type-simple"},"_links":{"self":[{"href":"https:\/\/twsites.com.br\/novomigcenter\/index.php?rest_route=\/wp\/v2\/product\/11590","targetHints":{"allow":["GET"]}}],"collection":[{"href":"https:\/\/twsites.com.br\/novomigcenter\/index.php?rest_route=\/wp\/v2\/product"}],"about":[{"href":"https:\/\/twsites.com.br\/novomigcenter\/index.php?rest_route=\/wp\/v2\/types\/product"}],"replies":[{"embeddable":true,"href":"https:\/\/twsites.com.br\/novomigcenter\/index.php?rest_route=%2Fwp%2Fv2%2Fcomments&post=11590"}],"wp:featuredmedia":[{"embeddable":true,"href":"https:\/\/twsites.com.br\/novomigcenter\/index.php?rest_route=\/wp\/v2\/media\/11589"}],"wp:attachment":[{"href":"https:\/\/twsites.com.br\/novomigcenter\/index.php?rest_route=%2Fwp%2Fv2%2Fmedia&parent=11590"}],"wp:term":[{"taxonomy":"product_brand","embeddable":true,"href":"https:\/\/twsites.com.br\/novomigcenter\/index.php?rest_route=%2Fwp%2Fv2%2Fproduct_brand&post=11590"},{"taxonomy":"product_cat","embeddable":true,"href":"https:\/\/twsites.com.br\/novomigcenter\/index.php?rest_route=%2Fwp%2Fv2%2Fproduct_cat&post=11590"},{"taxonomy":"product_tag","embeddable":true,"href":"https:\/\/twsites.com.br\/novomigcenter\/index.php?rest_route=%2Fwp%2Fv2%2Fproduct_tag&post=11590"}],"curies":[{"name":"wp","href":"https:\/\/api.w.org\/{rel}","templated":true}]}}