{"id":11592,"date":"2017-07-31T15:35:58","date_gmt":"2017-07-31T15:35:58","guid":{"rendered":"https:\/\/twsites.com.br\/novomigcenter\/?product=panquequeira-eletrica-simples-croydon"},"modified":"2017-07-31T15:35:58","modified_gmt":"2017-07-31T15:35:58","slug":"panquequeira-eletrica-simples-croydon","status":"publish","type":"product","link":"https:\/\/twsites.com.br\/novomigcenter\/?product=panquequeira-eletrica-simples-croydon","title":{"rendered":"Panquequeira El\u00e9trica Simples &#8211; Croydon"},"content":{"rendered":"<h3 style=\"color: rgb(102, 102, 102); font-family: latobold; margin-top: 20px; margin-bottom: 10px; font-size: 24px;\">Dados T\u00e9cnicos<\/h3>\n<p style=\"margin-bottom: 0px; font-family: latoregular; font-size: 14px;\">\n<p style=\"margin-bottom: 0px; font-family: latoregular; font-size: 14px;\">\u00c1rea \u00datil de Trabalho:37cm<br \/>Produ\u00e7\u00e3o M\u00e9dia:24\/h<br \/>Pot\u00eancia(220v): 1600 w<br \/>Pot\u00eancia(127v):1600 w<br \/>Corrente(220v):7,3A<br \/>Corrente(127v):12,6A<br \/>Altura:20cm<br \/>Largura:52cm<br \/>Profundidade:50cm<br \/>Peso L\u00edquido:14,5kg<br \/>Peso Bruto:16,1kg<br \/>Consumo(127v &#8211; 220v):0,8kw\/h<\/p>\n","protected":false},"excerpt":{"rendered":"<p>Dados T\u00e9cnicos \u00c1rea \u00datil de Trabalho:37cmProdu\u00e7\u00e3o M\u00e9dia:24\/hPot\u00eancia(220v): 1600 wPot\u00eancia(127v):1600 wCorrente(220v):7,3ACorrente(127v):12,6AAltura:20cmLargura:52cmProfundidade:50cmPeso L\u00edquido:14,5kgPeso Bruto:16,1kgConsumo(127v &#8211; 220v):0,8kw\/h<\/p>\n","protected":false},"featured_media":11591,"comment_status":"open","ping_status":"closed","template":"","meta":[],"product_brand":[],"product_cat":[388],"product_tag":[],"class_list":{"0":"post-11592","1":"product","2":"type-product","3":"status-publish","4":"has-post-thumbnail","6":"product_cat-maquina-de-crepe-frances","8":"first","9":"instock","10":"shipping-taxable","11":"purchasable","12":"product-type-simple"},"_links":{"self":[{"href":"https:\/\/twsites.com.br\/novomigcenter\/index.php?rest_route=\/wp\/v2\/product\/11592","targetHints":{"allow":["GET"]}}],"collection":[{"href":"https:\/\/twsites.com.br\/novomigcenter\/index.php?rest_route=\/wp\/v2\/product"}],"about":[{"href":"https:\/\/twsites.com.br\/novomigcenter\/index.php?rest_route=\/wp\/v2\/types\/product"}],"replies":[{"embeddable":true,"href":"https:\/\/twsites.com.br\/novomigcenter\/index.php?rest_route=%2Fwp%2Fv2%2Fcomments&post=11592"}],"wp:featuredmedia":[{"embeddable":true,"href":"https:\/\/twsites.com.br\/novomigcenter\/index.php?rest_route=\/wp\/v2\/media\/11591"}],"wp:attachment":[{"href":"https:\/\/twsites.com.br\/novomigcenter\/index.php?rest_route=%2Fwp%2Fv2%2Fmedia&parent=11592"}],"wp:term":[{"taxonomy":"product_brand","embeddable":true,"href":"https:\/\/twsites.com.br\/novomigcenter\/index.php?rest_route=%2Fwp%2Fv2%2Fproduct_brand&post=11592"},{"taxonomy":"product_cat","embeddable":true,"href":"https:\/\/twsites.com.br\/novomigcenter\/index.php?rest_route=%2Fwp%2Fv2%2Fproduct_cat&post=11592"},{"taxonomy":"product_tag","embeddable":true,"href":"https:\/\/twsites.com.br\/novomigcenter\/index.php?rest_route=%2Fwp%2Fv2%2Fproduct_tag&post=11592"}],"curies":[{"name":"wp","href":"https:\/\/api.w.org\/{rel}","templated":true}]}}