{"id":11594,"date":"2017-07-31T15:37:39","date_gmt":"2017-07-31T15:37:39","guid":{"rendered":"https:\/\/twsites.com.br\/novomigcenter\/?product=panquequeira-eletrica-dupla-croydon"},"modified":"2017-07-31T15:37:39","modified_gmt":"2017-07-31T15:37:39","slug":"panquequeira-eletrica-dupla-croydon","status":"publish","type":"product","link":"https:\/\/twsites.com.br\/novomigcenter\/?product=panquequeira-eletrica-dupla-croydon","title":{"rendered":"Panquequeira El\u00e9trica Dupla &#8211; Croydon"},"content":{"rendered":"<h3 style=\"color: rgb(102, 102, 102); font-family: latobold; margin-top: 20px; margin-bottom: 10px; font-size: 24px;\">Dados T\u00e9cnicos<\/h3>\n<p style=\"margin-bottom: 0px; font-family: latoregular; font-size: 14px;\">\n<p style=\"margin-bottom: 0px; font-family: latoregular; font-size: 14px;\">\u00c1rea \u00datil de Trabalho:2x37cm<br \/>Produ\u00e7\u00e3o M\u00e9dia:48\/h<br \/>Pot\u00eancia(220v): 3200 w<br \/>Pot\u00eancia(127v): 3600 w<br \/>Corrente(220v):14,5A<br \/>Corrente(127v):28,3A<br \/>Altura:20cm<br \/>Largura:93cm<br \/>Profundidade:50cm<br \/>Peso L\u00edquido:27,3kg<br \/>Peso Bruto:32,0kg<br \/>Consumo(127v &#8211; 220v):1,6kw\/h<\/p>\n","protected":false},"excerpt":{"rendered":"<p>Dados T\u00e9cnicos \u00c1rea \u00datil de Trabalho:2x37cmProdu\u00e7\u00e3o M\u00e9dia:48\/hPot\u00eancia(220v): 3200 wPot\u00eancia(127v): 3600 wCorrente(220v):14,5ACorrente(127v):28,3AAltura:20cmLargura:93cmProfundidade:50cmPeso L\u00edquido:27,3kgPeso Bruto:32,0kgConsumo(127v &#8211; 220v):1,6kw\/h<\/p>\n","protected":false},"featured_media":11593,"comment_status":"open","ping_status":"closed","template":"","meta":[],"product_brand":[],"product_cat":[388],"product_tag":[],"class_list":{"0":"post-11594","1":"product","2":"type-product","3":"status-publish","4":"has-post-thumbnail","6":"product_cat-maquina-de-crepe-frances","8":"first","9":"instock","10":"shipping-taxable","11":"purchasable","12":"product-type-simple"},"_links":{"self":[{"href":"https:\/\/twsites.com.br\/novomigcenter\/index.php?rest_route=\/wp\/v2\/product\/11594","targetHints":{"allow":["GET"]}}],"collection":[{"href":"https:\/\/twsites.com.br\/novomigcenter\/index.php?rest_route=\/wp\/v2\/product"}],"about":[{"href":"https:\/\/twsites.com.br\/novomigcenter\/index.php?rest_route=\/wp\/v2\/types\/product"}],"replies":[{"embeddable":true,"href":"https:\/\/twsites.com.br\/novomigcenter\/index.php?rest_route=%2Fwp%2Fv2%2Fcomments&post=11594"}],"wp:featuredmedia":[{"embeddable":true,"href":"https:\/\/twsites.com.br\/novomigcenter\/index.php?rest_route=\/wp\/v2\/media\/11593"}],"wp:attachment":[{"href":"https:\/\/twsites.com.br\/novomigcenter\/index.php?rest_route=%2Fwp%2Fv2%2Fmedia&parent=11594"}],"wp:term":[{"taxonomy":"product_brand","embeddable":true,"href":"https:\/\/twsites.com.br\/novomigcenter\/index.php?rest_route=%2Fwp%2Fv2%2Fproduct_brand&post=11594"},{"taxonomy":"product_cat","embeddable":true,"href":"https:\/\/twsites.com.br\/novomigcenter\/index.php?rest_route=%2Fwp%2Fv2%2Fproduct_cat&post=11594"},{"taxonomy":"product_tag","embeddable":true,"href":"https:\/\/twsites.com.br\/novomigcenter\/index.php?rest_route=%2Fwp%2Fv2%2Fproduct_tag&post=11594"}],"curies":[{"name":"wp","href":"https:\/\/api.w.org\/{rel}","templated":true}]}}