{"id":11598,"date":"2017-07-31T15:42:33","date_gmt":"2017-07-31T15:42:33","guid":{"rendered":"https:\/\/twsites.com.br\/novomigcenter\/?product=sanduicheira-eletrica-simples-chapa-estriada-sase-croydon"},"modified":"2017-07-31T15:42:33","modified_gmt":"2017-07-31T15:42:33","slug":"sanduicheira-eletrica-simples-chapa-estriada-sase-croydon","status":"publish","type":"product","link":"https:\/\/twsites.com.br\/novomigcenter\/?product=sanduicheira-eletrica-simples-chapa-estriada-sase-croydon","title":{"rendered":"Sanduicheira. Eletrica. Simples (Chapa Estriada) &#8211; Croydon"},"content":{"rendered":"<h3 style=\"color: rgb(102, 102, 102); margin-top: 20px; margin-bottom: 10px; font-size: 24px;\"><font face=\"Arial\"><span style=\"font-size: 18px;\">Dados T\u00e9cnicos<\/span><\/font><\/h3>\n<p style=\"margin-bottom: 0px; font-size: 14px;\">\n<p style=\"margin-bottom: 0px; font-size: 14px;\"><font face=\"Arial\"><b>Capacidade Nominal:<\/b> 9 sanduicheiras<br \/><b>Pot\u00eancia(220v): <\/b>2500W<br \/><b>Pot\u00eancia(127v):<\/b> 1550W<br \/><b>Corrente(220v):<\/b> 11,4A<br \/>Corrente(127v): 12,2A<br \/><b>Altura: <\/b>30cm<br \/><b>Largura: <\/b>43cm<br \/><b>Profundidade:<\/b> 50cm<br \/><b>Peso L\u00edquido:<\/b> 14,5kg<br \/><b>Peso Bruto: <\/b>15,8kg<br \/><b>Consumo(220v):<\/b> 1,3kw\/h<br \/><b>Consumo(127v):<\/b> 0,8kw\/h<\/font><\/p>\n","protected":false},"excerpt":{"rendered":"<p>Dados T\u00e9cnicos Capacidade Nominal: 9 sanduicheirasPot\u00eancia(220v): 2500WPot\u00eancia(127v): 1550WCorrente(220v): 11,4ACorrente(127v): 12,2AAltura: 30cmLargura: 43cmProfundidade: 50cmPeso L\u00edquido: 14,5kgPeso Bruto: 15,8kgConsumo(220v): 1,3kw\/hConsumo(127v): 0,8kw\/h<\/p>\n","protected":false},"featured_media":11597,"comment_status":"open","ping_status":"closed","template":"","meta":[],"product_brand":[],"product_cat":[400],"product_tag":[],"class_list":{"0":"post-11598","1":"product","2":"type-product","3":"status-publish","4":"has-post-thumbnail","6":"product_cat-sanduicheira","8":"first","9":"instock","10":"shipping-taxable","11":"purchasable","12":"product-type-simple"},"_links":{"self":[{"href":"https:\/\/twsites.com.br\/novomigcenter\/index.php?rest_route=\/wp\/v2\/product\/11598","targetHints":{"allow":["GET"]}}],"collection":[{"href":"https:\/\/twsites.com.br\/novomigcenter\/index.php?rest_route=\/wp\/v2\/product"}],"about":[{"href":"https:\/\/twsites.com.br\/novomigcenter\/index.php?rest_route=\/wp\/v2\/types\/product"}],"replies":[{"embeddable":true,"href":"https:\/\/twsites.com.br\/novomigcenter\/index.php?rest_route=%2Fwp%2Fv2%2Fcomments&post=11598"}],"wp:featuredmedia":[{"embeddable":true,"href":"https:\/\/twsites.com.br\/novomigcenter\/index.php?rest_route=\/wp\/v2\/media\/11597"}],"wp:attachment":[{"href":"https:\/\/twsites.com.br\/novomigcenter\/index.php?rest_route=%2Fwp%2Fv2%2Fmedia&parent=11598"}],"wp:term":[{"taxonomy":"product_brand","embeddable":true,"href":"https:\/\/twsites.com.br\/novomigcenter\/index.php?rest_route=%2Fwp%2Fv2%2Fproduct_brand&post=11598"},{"taxonomy":"product_cat","embeddable":true,"href":"https:\/\/twsites.com.br\/novomigcenter\/index.php?rest_route=%2Fwp%2Fv2%2Fproduct_cat&post=11598"},{"taxonomy":"product_tag","embeddable":true,"href":"https:\/\/twsites.com.br\/novomigcenter\/index.php?rest_route=%2Fwp%2Fv2%2Fproduct_tag&post=11598"}],"curies":[{"name":"wp","href":"https:\/\/api.w.org\/{rel}","templated":true}]}}