{"id":11600,"date":"2017-07-31T15:44:34","date_gmt":"2017-07-31T15:44:34","guid":{"rendered":"https:\/\/twsites.com.br\/novomigcenter\/?product=sanduicheira-eletrica-simples-gigante-chapa-lisa-croydon"},"modified":"2017-07-31T15:44:34","modified_gmt":"2017-07-31T15:44:34","slug":"sanduicheira-eletrica-simples-gigante-chapa-lisa-croydon","status":"publish","type":"product","link":"https:\/\/twsites.com.br\/novomigcenter\/?product=sanduicheira-eletrica-simples-gigante-chapa-lisa-croydon","title":{"rendered":"Sanduicheira. El\u00e9trica Simples Gigante (Chapa Lisa) &#8211; Croydon"},"content":{"rendered":"<h3 style=\"color: rgb(102, 102, 102); margin-top: 20px; margin-bottom: 10px; font-size: 24px;\"><font face=\"Arial\"><span style=\"font-size: 18px;\">Dados T\u00e9cnicos<\/span><\/font><\/h3>\n<p style=\"margin-bottom: 0px; font-size: 14px;\">\n<p style=\"margin-bottom: 0px; font-size: 14px;\"><font face=\"Arial\"><span style=\"font-size: 14px;\">Capacidade Nominal:12 sanduiches<\/span><br \/><span style=\"font-size: 14px;\">Pot\u00eancia(220v):3200W<\/span><br \/><span style=\"font-size: 14px;\">Pot\u00eancia(127v):1550W<\/span><br \/><span style=\"font-size: 14px;\">Corrente(220v):14,5A<\/span><br \/><span style=\"font-size: 14px;\">Corrente(127v):12,2A<\/span><br \/><span style=\"font-size: 14px;\">Altura:32cm<\/span><br \/><span style=\"font-size: 14px;\">Largura:53cm<\/span><br \/><span style=\"font-size: 14px;\">Profundidade:62cm<\/span><br \/><span style=\"font-size: 14px;\">Peso L\u00edquido:21,0kg<\/span><br \/><span style=\"font-size: 14px;\">Peso Bruto:22,3kg<\/span><br \/><span style=\"font-size: 14px;\">Consumo(220v):1,6kw\/h<\/span><br \/><span style=\"font-size: 14px;\">Consumo(127v):0,8kw\/h<\/span><br \/><span style=\"font-size: 14px;\">&nbsp;<\/span><\/font><\/p>\n","protected":false},"excerpt":{"rendered":"<p>Dados T\u00e9cnicos Capacidade Nominal:12 sanduichesPot\u00eancia(220v):3200WPot\u00eancia(127v):1550WCorrente(220v):14,5ACorrente(127v):12,2AAltura:32cmLargura:53cmProfundidade:62cmPeso L\u00edquido:21,0kgPeso Bruto:22,3kgConsumo(220v):1,6kw\/hConsumo(127v):0,8kw\/h&nbsp;<\/p>\n","protected":false},"featured_media":11599,"comment_status":"open","ping_status":"closed","template":"","meta":[],"product_brand":[],"product_cat":[400],"product_tag":[],"class_list":{"0":"post-11600","1":"product","2":"type-product","3":"status-publish","4":"has-post-thumbnail","6":"product_cat-sanduicheira","8":"first","9":"instock","10":"shipping-taxable","11":"purchasable","12":"product-type-simple"},"_links":{"self":[{"href":"https:\/\/twsites.com.br\/novomigcenter\/index.php?rest_route=\/wp\/v2\/product\/11600","targetHints":{"allow":["GET"]}}],"collection":[{"href":"https:\/\/twsites.com.br\/novomigcenter\/index.php?rest_route=\/wp\/v2\/product"}],"about":[{"href":"https:\/\/twsites.com.br\/novomigcenter\/index.php?rest_route=\/wp\/v2\/types\/product"}],"replies":[{"embeddable":true,"href":"https:\/\/twsites.com.br\/novomigcenter\/index.php?rest_route=%2Fwp%2Fv2%2Fcomments&post=11600"}],"wp:featuredmedia":[{"embeddable":true,"href":"https:\/\/twsites.com.br\/novomigcenter\/index.php?rest_route=\/wp\/v2\/media\/11599"}],"wp:attachment":[{"href":"https:\/\/twsites.com.br\/novomigcenter\/index.php?rest_route=%2Fwp%2Fv2%2Fmedia&parent=11600"}],"wp:term":[{"taxonomy":"product_brand","embeddable":true,"href":"https:\/\/twsites.com.br\/novomigcenter\/index.php?rest_route=%2Fwp%2Fv2%2Fproduct_brand&post=11600"},{"taxonomy":"product_cat","embeddable":true,"href":"https:\/\/twsites.com.br\/novomigcenter\/index.php?rest_route=%2Fwp%2Fv2%2Fproduct_cat&post=11600"},{"taxonomy":"product_tag","embeddable":true,"href":"https:\/\/twsites.com.br\/novomigcenter\/index.php?rest_route=%2Fwp%2Fv2%2Fproduct_tag&post=11600"}],"curies":[{"name":"wp","href":"https:\/\/api.w.org\/{rel}","templated":true}]}}