{"id":11602,"date":"2017-07-31T15:47:41","date_gmt":"2017-07-31T15:47:41","guid":{"rendered":"https:\/\/twsites.com.br\/novomigcenter\/?product=sanduicheira-eletrica-simples-gigante-chapa-estriada-croydon"},"modified":"2017-07-31T15:47:41","modified_gmt":"2017-07-31T15:47:41","slug":"sanduicheira-eletrica-simples-gigante-chapa-estriada-croydon","status":"publish","type":"product","link":"https:\/\/twsites.com.br\/novomigcenter\/?product=sanduicheira-eletrica-simples-gigante-chapa-estriada-croydon","title":{"rendered":"Sanduicheira. Eletrica. Simples Gigante (Chapa Estriada) &#8211; Croydon"},"content":{"rendered":"<h3 style=\"color: rgb(102, 102, 102); margin-top: 20px; margin-bottom: 10px; font-size: 24px;\"><font face=\"Arial\"><span style=\"font-size: 18px;\"><b>Dados T\u00e9cnicos<\/b><\/span><\/font><\/h3>\n<p style=\"margin-bottom: 0px; font-size: 14px;\">\n<p style=\"margin-bottom: 0px; font-size: 14px;\"><font face=\"Arial\"><span style=\"font-size: 14px;\"><b>Capacidade Nominal: <\/b>12 sanduiches<\/span><br \/><span style=\"font-size: 14px;\"><b>Pot\u00eancia(220v)<\/b>: 3200W<\/span><br \/><span style=\"font-size: 14px;\"><b>Pot\u00eancia(127v):<\/b> 1550W<\/span><br \/><span style=\"font-size: 14px;\"><b>Corrente(220v): <\/b>14,5A<\/span><br \/><span style=\"font-size: 14px;\"><b>Corrente(127v):<\/b> 12,2A<\/span><br \/><span style=\"font-size: 14px;\"><b>Altura:<\/b> 32cm<\/span><br \/><span style=\"font-size: 14px;\"><b>Largura:<\/b> 53cm<\/span><br \/><span style=\"font-size: 14px;\"><b>Profundidade:<\/b> 62cm<\/span><br \/><span style=\"font-size: 14px;\"><b>Peso L\u00edquido:<\/b> 25,0kg<\/span><br \/><span style=\"font-size: 14px;\"><b>Peso Bruto<\/b>: 26,3kg<\/span><br \/><span style=\"font-size: 14px;\"><b>Consumo(220v):<\/b>1,6kw\/h<\/span><br \/><span style=\"font-size: 14px;\"><b>Consumo(127v):<\/b> 0,8kw\/h<\/span><\/font><br \/><font face=\"latoregular\">&nbsp;<\/font><\/p>\n","protected":false},"excerpt":{"rendered":"<p>Dados T\u00e9cnicos Capacidade Nominal: 12 sanduichesPot\u00eancia(220v): 3200WPot\u00eancia(127v): 1550WCorrente(220v): 14,5ACorrente(127v): 12,2AAltura: 32cmLargura: 53cmProfundidade: 62cmPeso L\u00edquido: 25,0kgPeso Bruto: 26,3kgConsumo(220v):1,6kw\/hConsumo(127v): 0,8kw\/h&nbsp;<\/p>\n","protected":false},"featured_media":11601,"comment_status":"open","ping_status":"closed","template":"","meta":[],"product_brand":[],"product_cat":[400],"product_tag":[],"class_list":{"0":"post-11602","1":"product","2":"type-product","3":"status-publish","4":"has-post-thumbnail","6":"product_cat-sanduicheira","8":"first","9":"instock","10":"shipping-taxable","11":"purchasable","12":"product-type-simple"},"_links":{"self":[{"href":"https:\/\/twsites.com.br\/novomigcenter\/index.php?rest_route=\/wp\/v2\/product\/11602","targetHints":{"allow":["GET"]}}],"collection":[{"href":"https:\/\/twsites.com.br\/novomigcenter\/index.php?rest_route=\/wp\/v2\/product"}],"about":[{"href":"https:\/\/twsites.com.br\/novomigcenter\/index.php?rest_route=\/wp\/v2\/types\/product"}],"replies":[{"embeddable":true,"href":"https:\/\/twsites.com.br\/novomigcenter\/index.php?rest_route=%2Fwp%2Fv2%2Fcomments&post=11602"}],"wp:featuredmedia":[{"embeddable":true,"href":"https:\/\/twsites.com.br\/novomigcenter\/index.php?rest_route=\/wp\/v2\/media\/11601"}],"wp:attachment":[{"href":"https:\/\/twsites.com.br\/novomigcenter\/index.php?rest_route=%2Fwp%2Fv2%2Fmedia&parent=11602"}],"wp:term":[{"taxonomy":"product_brand","embeddable":true,"href":"https:\/\/twsites.com.br\/novomigcenter\/index.php?rest_route=%2Fwp%2Fv2%2Fproduct_brand&post=11602"},{"taxonomy":"product_cat","embeddable":true,"href":"https:\/\/twsites.com.br\/novomigcenter\/index.php?rest_route=%2Fwp%2Fv2%2Fproduct_cat&post=11602"},{"taxonomy":"product_tag","embeddable":true,"href":"https:\/\/twsites.com.br\/novomigcenter\/index.php?rest_route=%2Fwp%2Fv2%2Fproduct_tag&post=11602"}],"curies":[{"name":"wp","href":"https:\/\/api.w.org\/{rel}","templated":true}]}}