{"id":11604,"date":"2017-07-31T15:49:16","date_gmt":"2017-07-31T15:49:16","guid":{"rendered":"https:\/\/twsites.com.br\/novomigcenter\/?product=sanduicheira-eletrica-conjugada-gigante-chapa-lisa-croydon"},"modified":"2017-07-31T15:49:16","modified_gmt":"2017-07-31T15:49:16","slug":"sanduicheira-eletrica-conjugada-gigante-chapa-lisa-croydon","status":"publish","type":"product","link":"https:\/\/twsites.com.br\/novomigcenter\/?product=sanduicheira-eletrica-conjugada-gigante-chapa-lisa-croydon","title":{"rendered":"Sanduicheira. Eletrica Conjugada Gigante (Chapa Lisa) &#8211; Croydon"},"content":{"rendered":"<p style=\"margin-top:15.0pt;margin-right:0cm;margin-bottom:7.5pt;margin-left: 0cm\"><span style=\"font-size: 14pt; color: rgb(102, 102, 102);\"><font face=\"Arial\"><b style=\"\"><span style=\"font-size: 18px;\">Dados T\u00e9cnicos<\/span><\/b><\/font><\/span><\/p>\n<h3 style=\"color: rgb(102, 102, 102); margin-top: 20px; margin-bottom: 10px; font-size: 24px;\"><span style=\"font-size: 14px;\">  <\/span><\/p>\n<p style=\"margin: 0cm 0cm 0.0001pt;\"><font face=\"Arial\"><b><span style=\"font-size: 14px; color: black;\">Capacidade Nominal:<\/span><\/b><span style=\"font-size: 14px; color: black;\"> 24 sanduiches<\/span><span style=\"color: black; font-size: 14px;\">&nbsp;<\/span><\/font><\/p>\n<p><span style=\"font-size: 14px;\">  <\/span><\/p>\n<p style=\"margin: 0cm 0cm 0.0001pt;\"><font face=\"Arial\"><b><span style=\"font-size: 14px; color: black;\">Pot\u00eancia(220v):<\/span><\/b><span style=\"font-size: 14px; color: black;\"> 5500W<\/span><span style=\"color: black; font-size: 14px;\">&nbsp;<\/span><\/font><\/p>\n<p><span style=\"font-size: 14px;\">  <\/span><\/p>\n<p style=\"margin: 0cm 0cm 0.0001pt;\"><font face=\"Arial\"><b><span style=\"font-size: 14px; color: black;\">Pot\u00eancia(127v):<\/span><\/b><span style=\"font-size: 14px; color: black;\"> 3250<\/span><span style=\"color: black; font-size: 14px;\">&nbsp;<\/span><\/font><\/p>\n<p><span style=\"font-size: 14px;\">  <\/span><\/p>\n<p style=\"margin: 0cm 0cm 0.0001pt;\"><font face=\"Arial\"><b><span style=\"font-size: 14px; color: black;\">Corrente(220v):<\/span><\/b><span style=\"font-size: 14px; color: black;\"> 25,0A<\/span><span style=\"color: black; font-size: 14px;\">&nbsp;<\/span><\/font><\/p>\n<p><span style=\"font-size: 14px;\">  <\/span><\/p>\n<p style=\"margin: 0cm 0cm 0.0001pt;\"><font face=\"Arial\"><b><span style=\"font-size: 14px; color: black;\">Corrente(127v):<\/span><\/b><span style=\"font-size: 14px; color: black;\"> 25,6\u00aa<\/span><span style=\"color: black; font-size: 14px;\">&nbsp;<\/span><\/font><\/p>\n<p><span style=\"font-size: 14px;\">  <\/span><\/p>\n<p style=\"margin: 0cm 0cm 0.0001pt;\"><font face=\"Arial\"><b><span style=\"font-size: 14px; color: black;\">Altura:<\/span><\/b><span style=\"font-size: 14px; color: black;\"> 32cm<\/span><span style=\"color: black; font-size: 14px;\">&nbsp;<\/span><\/font><\/p>\n<p><span style=\"font-size: 14px;\">  <\/span><\/p>\n<p style=\"margin: 0cm 0cm 0.0001pt;\"><font face=\"Arial\"><b><span style=\"font-size: 14px; color: black;\">Largura:<\/span><\/b><span style=\"font-size: 14px; color: black;\"> 90cm<\/span><\/font><\/p>\n<p><span style=\"font-size: 14px;\">  <\/span><\/p>\n<p style=\"margin: 0cm 0cm 0.0001pt;\"><font face=\"Arial\"><b><span style=\"font-size: 14px; color: black;\">Profundidade:<\/span><\/b><span style=\"font-size: 14pt; color: black;\"><span style=\"font-size: 14px;\"> 62cm<\/span><o:p><\/o:p><\/span><\/font><\/p>\n<p><span style=\"font-size: 14px;\">  <\/span><\/p>\n<p style=\"margin: 0cm 0cm 0.0001pt;\"><font face=\"Arial\"><b><span style=\"font-size: 14px; color: black;\">Peso L\u00edquido:<\/span><\/b><span style=\"font-size: 14px; color: black;\"> 37kg<\/span><br \/><\/font><\/p>\n<p><span style=\"font-size: 14px;\">  <\/span><\/p>\n<p style=\"margin: 0cm 0cm 0.0001pt;\"><font face=\"Arial\"><b><span style=\"font-size: 14px; color: black;\">Peso Bruto:<\/span><\/b><span style=\"font-size: 14px; color: black;\"> 39,9k<\/span><\/font><\/p>\n<p><span style=\"font-size: 14px;\">  <\/span><\/p>\n<p style=\"margin: 0cm 0cm 0.0001pt;\"><font face=\"Arial\"><b><span style=\"font-size: 14px; color: black;\">Consumo(220v):<\/span><\/b><span style=\"font-size: 14px; color: black;\"> 2,8kw\/h<\/span><\/font><\/p>\n<p><span style=\"font-size: 14px;\">  <\/span><\/p>\n<p style=\"margin: 0cm 0cm 0.0001pt;\"><b style=\"\"><span style=\"font-size: 14px; color: black;\"><font face=\"Arial\">Consumo(127v):<\/font><\/span><\/b><span style=\"font-size: 14pt; color: black;\"><font face=\"Arial\"><span style=\"font-size: 14px;\"> 1,6kw\/h<\/span><\/font><font face=\"Arial Narrow, sans-serif\"><o:p><\/o:p><\/font><\/span><\/p>\n<\/h3>\n","protected":false},"excerpt":{"rendered":"<p>Dados T\u00e9cnicos Capacidade Nominal: 24 sanduiches&nbsp; Pot\u00eancia(220v): 5500W&nbsp; Pot\u00eancia(127v): 3250&nbsp; Corrente(220v): 25,0A&nbsp; Corrente(127v): 25,6\u00aa&nbsp; Altura: 32cm&nbsp; Largura: 90cm Profundidade: 62cm Peso L\u00edquido: 37kg Peso Bruto: 39,9k Consumo(220v): 2,8kw\/h Consumo(127v): 1,6kw\/h<\/p>\n","protected":false},"featured_media":11603,"comment_status":"open","ping_status":"closed","template":"","meta":[],"product_brand":[],"product_cat":[400],"product_tag":[],"class_list":{"0":"post-11604","1":"product","2":"type-product","3":"status-publish","4":"has-post-thumbnail","6":"product_cat-sanduicheira","8":"first","9":"instock","10":"shipping-taxable","11":"purchasable","12":"product-type-simple"},"_links":{"self":[{"href":"https:\/\/twsites.com.br\/novomigcenter\/index.php?rest_route=\/wp\/v2\/product\/11604","targetHints":{"allow":["GET"]}}],"collection":[{"href":"https:\/\/twsites.com.br\/novomigcenter\/index.php?rest_route=\/wp\/v2\/product"}],"about":[{"href":"https:\/\/twsites.com.br\/novomigcenter\/index.php?rest_route=\/wp\/v2\/types\/product"}],"replies":[{"embeddable":true,"href":"https:\/\/twsites.com.br\/novomigcenter\/index.php?rest_route=%2Fwp%2Fv2%2Fcomments&post=11604"}],"wp:featuredmedia":[{"embeddable":true,"href":"https:\/\/twsites.com.br\/novomigcenter\/index.php?rest_route=\/wp\/v2\/media\/11603"}],"wp:attachment":[{"href":"https:\/\/twsites.com.br\/novomigcenter\/index.php?rest_route=%2Fwp%2Fv2%2Fmedia&parent=11604"}],"wp:term":[{"taxonomy":"product_brand","embeddable":true,"href":"https:\/\/twsites.com.br\/novomigcenter\/index.php?rest_route=%2Fwp%2Fv2%2Fproduct_brand&post=11604"},{"taxonomy":"product_cat","embeddable":true,"href":"https:\/\/twsites.com.br\/novomigcenter\/index.php?rest_route=%2Fwp%2Fv2%2Fproduct_cat&post=11604"},{"taxonomy":"product_tag","embeddable":true,"href":"https:\/\/twsites.com.br\/novomigcenter\/index.php?rest_route=%2Fwp%2Fv2%2Fproduct_tag&post=11604"}],"curies":[{"name":"wp","href":"https:\/\/api.w.org\/{rel}","templated":true}]}}