{"id":11616,"date":"2017-07-31T16:03:21","date_gmt":"2017-07-31T16:03:21","guid":{"rendered":"https:\/\/twsites.com.br\/novomigcenter\/?product=char-broiler-gas-ccp1-croydon"},"modified":"2017-07-31T16:03:21","modified_gmt":"2017-07-31T16:03:21","slug":"char-broiler-gas-ccp1-croydon","status":"publish","type":"product","link":"https:\/\/twsites.com.br\/novomigcenter\/?product=char-broiler-gas-ccp1-croydon","title":{"rendered":"Char Broiler G\u00e1s &#8211; 25 cm &#8211; Croydon"},"content":{"rendered":"<h3 style=\"color: rgb(102, 102, 102); font-family: latobold; margin-top: 20px; margin-bottom: 10px; font-size: 24px;\">Dados T\u00e9cnicos<\/h3>\n<p style=\"margin-bottom: 0px; font-family: latoregular; font-size: 14px;\">\n<p style=\"margin-bottom: 0px; font-family: latoregular; font-size: 14px;\">\u00c1rea \u00datil de Trabalho: 25cm X 47cm<br \/>Pot\u00eancia(GLP): 11000BTU\/h<br \/>Press\u00e3o de Trabalho(GLP):280 mm. ca<br \/>Altura:41cm<br \/>Largura:26cm<br \/>Profundidade:74cm<br \/>Peso L\u00edquido:17kg<br \/>Peso Bruto:18,5kg<br \/>Consumo(GLP):275g\/h<\/p>\n","protected":false},"excerpt":{"rendered":"<p>Dados T\u00e9cnicos \u00c1rea \u00datil de Trabalho: 25cm X 47cmPot\u00eancia(GLP): 11000BTU\/hPress\u00e3o de Trabalho(GLP):280 mm. caAltura:41cmLargura:26cmProfundidade:74cmPeso L\u00edquido:17kgPeso Bruto:18,5kgConsumo(GLP):275g\/h<\/p>\n","protected":false},"featured_media":11615,"comment_status":"open","ping_status":"closed","template":"","meta":[],"product_brand":[],"product_cat":[300],"product_tag":[],"class_list":{"0":"post-11616","1":"product","2":"type-product","3":"status-publish","4":"has-post-thumbnail","6":"product_cat-chapa-char-broiler","8":"first","9":"instock","10":"shipping-taxable","11":"purchasable","12":"product-type-simple"},"_links":{"self":[{"href":"https:\/\/twsites.com.br\/novomigcenter\/index.php?rest_route=\/wp\/v2\/product\/11616","targetHints":{"allow":["GET"]}}],"collection":[{"href":"https:\/\/twsites.com.br\/novomigcenter\/index.php?rest_route=\/wp\/v2\/product"}],"about":[{"href":"https:\/\/twsites.com.br\/novomigcenter\/index.php?rest_route=\/wp\/v2\/types\/product"}],"replies":[{"embeddable":true,"href":"https:\/\/twsites.com.br\/novomigcenter\/index.php?rest_route=%2Fwp%2Fv2%2Fcomments&post=11616"}],"wp:featuredmedia":[{"embeddable":true,"href":"https:\/\/twsites.com.br\/novomigcenter\/index.php?rest_route=\/wp\/v2\/media\/11615"}],"wp:attachment":[{"href":"https:\/\/twsites.com.br\/novomigcenter\/index.php?rest_route=%2Fwp%2Fv2%2Fmedia&parent=11616"}],"wp:term":[{"taxonomy":"product_brand","embeddable":true,"href":"https:\/\/twsites.com.br\/novomigcenter\/index.php?rest_route=%2Fwp%2Fv2%2Fproduct_brand&post=11616"},{"taxonomy":"product_cat","embeddable":true,"href":"https:\/\/twsites.com.br\/novomigcenter\/index.php?rest_route=%2Fwp%2Fv2%2Fproduct_cat&post=11616"},{"taxonomy":"product_tag","embeddable":true,"href":"https:\/\/twsites.com.br\/novomigcenter\/index.php?rest_route=%2Fwp%2Fv2%2Fproduct_tag&post=11616"}],"curies":[{"name":"wp","href":"https:\/\/api.w.org\/{rel}","templated":true}]}}